{"id":3,"date":"2025-07-31T11:44:00","date_gmt":"2025-07-31T11:44:00","guid":{"rendered":"https:\/\/cidecorporate.com\/?page_id=3"},"modified":"2025-08-14T11:41:19","modified_gmt":"2025-08-14T11:41:19","slug":"politica-de-privacidad","status":"publish","type":"page","link":"https:\/\/cidecorporate.com\/en\/politica-de-privacidad\/","title":{"rendered":"Privacy policy"},"content":{"rendered":"<div class=\"wp-block-columns is-layout-flex wp-container-core-columns-is-layout-88098167 wp-block-columns-is-layout-flex\" style=\"padding-right:var(--wp--preset--spacing--30);padding-left:var(--wp--preset--spacing--30)\">\n<div class=\"wp-block-column is-layout-flow wp-block-column-is-layout-flow\" style=\"flex-basis:100%\">\n<div class=\"wp-block-group\"><div class=\"wp-block-group__inner-container is-layout-constrained wp-block-group-is-layout-constrained\">\n<h2 class=\"wp-block-heading\">Privacy policy<\/h2>\n<\/div><\/div>\n<\/div>\n<\/div>\n\n\n\n<div class=\"wp-block-columns is-layout-flex wp-container-core-columns-is-layout-88098167 wp-block-columns-is-layout-flex\" style=\"padding-right:var(--wp--preset--spacing--30);padding-left:var(--wp--preset--spacing--30)\">\n<div class=\"wp-block-column is-layout-flow wp-block-column-is-layout-flow\" style=\"flex-basis:100%\">\n<div class=\"wp-block-group\"><div class=\"wp-block-group__inner-container is-layout-constrained wp-block-group-is-layout-constrained\">\n<h3 class=\"wp-block-heading has-medium-font-size\"><strong>POL\u00cdTICA DE PRIVACIDAD<\/strong><\/h3>\n<\/div><\/div>\n<\/div>\n<\/div>\n\n\n\n<div class=\"wp-block-columns is-layout-flex wp-container-core-columns-is-layout-88098167 wp-block-columns-is-layout-flex\" style=\"padding-right:var(--wp--preset--spacing--30);padding-left:var(--wp--preset--spacing--30)\">\n<div class=\"wp-block-column is-layout-flow wp-block-column-is-layout-flow\" style=\"flex-basis:100%\">\n<p class=\"has-small-font-size\">De conformidad con el art\u00edculo 13 del Reglamento (UE) 2016\/679, de 27 de abril,<br>relativo a la protecci\u00f3n de las personas f\u00edsicas en lo que respecta al tratamiento de<br>datos personales y a la libre circulaci\u00f3n de los mismos, y del art\u00edculo 11 de la Ley<br>Org\u00e1nica 3\/2018, de 5 de diciembre, de Protecci\u00f3n de Datos Personales y garant\u00eda de<br>los derechos digitales (LOPDGDD) se informa al usuario de los siguientes aspectos:<\/p>\n<\/div>\n<\/div>\n\n\n\n<div class=\"wp-block-columns is-layout-flex wp-container-core-columns-is-layout-88098167 wp-block-columns-is-layout-flex\" style=\"padding-right:var(--wp--preset--spacing--30);padding-left:var(--wp--preset--spacing--30)\">\n<div class=\"wp-block-column is-layout-flow wp-block-column-is-layout-flow\" style=\"flex-basis:100%\">\n<h3 class=\"wp-block-heading\">\u00bfQui\u00e9n es el Responsable del tratamiento de sus datos?<\/h3>\n<\/div>\n<\/div>\n\n\n\n<div class=\"wp-block-columns is-layout-flex wp-container-core-columns-is-layout-88098167 wp-block-columns-is-layout-flex\" style=\"padding-right:var(--wp--preset--spacing--30);padding-left:var(--wp--preset--spacing--30)\">\n<div class=\"wp-block-column is-layout-flow wp-block-column-is-layout-flow\" style=\"flex-basis:100%\">\n<ul class=\"wp-block-list has-small-font-size\">\n<li>Identidad: CORPORATE DE INNOVACI\u00d3N Y DESARROLLO S.L.<\/li>\n\n\n\n<li>NIF: B39527122<\/li>\n\n\n\n<li>Domicilio: Calle Calvo Sotelo 23, 39002 Santander<\/li>\n\n\n\n<li>Tel\u00e9fono: +34 650 14 24 76<\/li>\n\n\n\n<li>Correo electr\u00f3nico: tatiana@cidecorporate.com<\/li>\n\n\n\n<li>Datos del Delegado de Protecci\u00f3n de datos: dpd@lexdigitalabogados.com<br><\/li>\n<\/ul>\n<\/div>\n<\/div>\n\n\n\n<div class=\"wp-block-columns is-layout-flex wp-container-core-columns-is-layout-88098167 wp-block-columns-is-layout-flex\" style=\"padding-right:var(--wp--preset--spacing--30);padding-left:var(--wp--preset--spacing--30)\">\n<div class=\"wp-block-column is-layout-flow wp-block-column-is-layout-flow\" style=\"flex-basis:100%\">\n<p class=\"has-small-font-size\"><strong>\u00bfCon qu\u00e9 finalidad tratamos sus datos personales?<\/strong><br>CORPORATE DE INNOVACI\u00d3N Y DESARROLLO S.L. informa a los usuarios que la finalidad del tratamiento de los datos recabados en el formulario de contacto del presente sitio web contempla: La atenci\u00f3n de la solicitud realizada por el interesado, la inclusi\u00f3n en la agenda de contactos, la prestaci\u00f3n del servicio requerido y la elaboraci\u00f3n de presupuestos.<\/p>\n<\/div>\n<\/div>\n\n\n\n<div class=\"wp-block-columns is-layout-flex wp-container-core-columns-is-layout-88098167 wp-block-columns-is-layout-flex\" style=\"padding-right:var(--wp--preset--spacing--30);padding-left:var(--wp--preset--spacing--30)\">\n<div class=\"wp-block-column is-layout-flow wp-block-column-is-layout-flow\" style=\"flex-basis:100%\">\n<p class=\"has-small-font-size\"><br><strong>\u00bfCu\u00e1l es la legitimaci\u00f3n para el tratamiento de sus datos?<\/strong><br>La base jur\u00eddica para el tratamiento de sus datos personales es el consentimiento expreso manifestado por el usuario de conformidad con el art\u00edculo 6.1.a) del RGPD, a trav\u00e9s de la selecci\u00f3n de la casilla check de env\u00edo del formulario donde verifica su consentimiento.<\/p>\n<\/div>\n<\/div>\n\n\n\n<div class=\"wp-block-columns is-layout-flex wp-container-core-columns-is-layout-88098167 wp-block-columns-is-layout-flex\" style=\"padding-right:var(--wp--preset--spacing--30);padding-left:var(--wp--preset--spacing--30)\">\n<div class=\"wp-block-column is-layout-flow wp-block-column-is-layout-flow\" style=\"flex-basis:100%\">\n<p class=\"has-small-font-size\"><br><strong>\u00bfPor cu\u00e1nto tiempo conservaremos sus datos?<\/strong><br>S\u00f3lo almacenamos los datos personales de los usuarios en la medida en que la necesitamos a fin de poder utilizarla seg\u00fan la finalidad para la que fue recabada, y seg\u00fan la base jur\u00eddica del tratamiento de la misma. Mantendremos los datos personales mientras exista una relaci\u00f3n contractual con el usuario y mientras \u00e9ste no ejerza el derecho de supresi\u00f3n, cancelaci\u00f3n y\/o limitaci\u00f3n del tratamiento de los datos personales<\/p>\n<\/div>\n<\/div>\n\n\n\n<div class=\"wp-block-columns is-layout-flex wp-container-core-columns-is-layout-9d6595d7 wp-block-columns-is-layout-flex\">\n<div class=\"wp-block-column is-layout-flow wp-block-column-is-layout-flow\" style=\"padding-right:var(--wp--preset--spacing--30);padding-left:var(--wp--preset--spacing--30);flex-basis:100%\">\n<p class=\"has-small-font-size\"><strong>\u00bfA qu\u00e9 destinatarios se comunicar\u00e1n sus datos?<\/strong><br>CORPORATE DE INNOVACI\u00d3N Y DESARROLLO S.L. informa a los usuarios de que sus datos personales no ser\u00e1n cedidos a terceras organizaciones, con la salvedad de que dicha cesi\u00f3n de datos est\u00e9 amparada en una obligaci\u00f3n legal o cuando la prestaci\u00f3n de un servicio implique la necesidad de una relaci\u00f3n contractual con un encargado de tratamiento.<\/p>\n<\/div>\n<\/div>\n\n\n\n<div class=\"wp-block-columns is-layout-flex wp-container-core-columns-is-layout-88098167 wp-block-columns-is-layout-flex\" style=\"padding-right:var(--wp--preset--spacing--30);padding-left:var(--wp--preset--spacing--30)\">\n<div class=\"wp-block-column is-layout-flow wp-block-column-is-layout-flow\" style=\"flex-basis:100%\">\n<h3 class=\"wp-block-heading\">\u00bfCu\u00e1les son sus derechos cuando nos facilita sus datos?<\/h3>\n<\/div>\n<\/div>\n\n\n\n<div class=\"wp-block-columns is-layout-flex wp-container-core-columns-is-layout-88098167 wp-block-columns-is-layout-flex\" style=\"padding-right:var(--wp--preset--spacing--30);padding-left:var(--wp--preset--spacing--30)\">\n<div class=\"wp-block-column is-layout-flow wp-block-column-is-layout-flow\" style=\"flex-basis:100%\">\n<p class=\"has-small-font-size\">Las personas interesadas tienen derecho a acceder a sus datos personales, as\u00ed como a solicitar la rectificaci\u00f3n de los datos inexactos o, en su caso, solicitar su supresi\u00f3n cuando, entre otros motivos, los datos ya no sean necesarios para los fines que fueron recogidos.<br>En determinadas circunstancias, los interesados podr\u00e1n solicitar la limitaci\u00f3n del tratamiento de sus datos, podr\u00e1n oponerse al tratamiento de los datos, as\u00ed como ejercer el derecho a la portabilidad de sus datos.<br>Para hacer uso del ejercicio de estos derechos, el usuario deber\u00e1 dirigirse mediante comunicaci\u00f3n escrita, aportando documentaci\u00f3n que acredite su identidad (DNI o pasaporte), a la siguiente direcci\u00f3n de correo electr\u00f3nico: tatiana@cidecorporate.com. Dicha comunicaci\u00f3n deber\u00e1 reflejar la siguiente informaci\u00f3n: Nombre y apellidos del interesado, la petici\u00f3n de solicitud y los datos acreditativos.<br>Asimismo, tiene derecho a retirar el consentimiento para el tratamiento de sus datos personales en cualquier momento.<br>Todo interesado tiene derecho a presentar una reclamaci\u00f3n ante la Agencia Espa\u00f1ola de Protecci\u00f3n de Datos (www.aepd.es).<\/p>\n<\/div>\n<\/div>","protected":false},"excerpt":{"rendered":"<p>Pol\u00edtica de privacidad POL\u00cdTICA DE PRIVACIDAD De conformidad con el art\u00edculo 13 del Reglamento (UE) 2016\/679, de 27 de abril,relativo a la protecci\u00f3n de las personas f\u00edsicas en lo que respecta al tratamiento dedatos personales y a la libre circulaci\u00f3n de los mismos, y del art\u00edculo 11 de la LeyOrg\u00e1nica 3\/2018, de 5 de diciembre,&hellip;&nbsp;<a href=\"https:\/\/cidecorporate.com\/en\/politica-de-privacidad\/\" rel=\"bookmark\"><span class=\"screen-reader-text\">Privacy policy<\/span><\/a><\/p>","protected":false},"author":1,"featured_media":0,"parent":0,"menu_order":0,"comment_status":"closed","ping_status":"closed","template":"","meta":{"neve_meta_sidebar":"","neve_meta_container":"","neve_meta_enable_content_width":"","neve_meta_content_width":0,"neve_meta_title_alignment":"","neve_meta_author_avatar":"","neve_post_elements_order":"","neve_meta_disable_header":"","neve_meta_disable_footer":"","neve_meta_disable_title":"","_themeisle_gutenberg_block_has_review":false,"footnotes":""},"class_list":["post-3","page","type-page","status-publish","hentry"],"yoast_head":"<!-- This site is optimized with the Yoast SEO plugin v25.6 - https:\/\/yoast.com\/wordpress\/plugins\/seo\/ -->\n<title>Pol\u00edtica de privacidad CIDE<\/title>\n<meta name=\"description\" content=\"Pol\u00edtica de privacidad seg\u00fan el art\u00edculo 13 del Reglamento (UE) 2016\/679 y el art\u00edculo 11 de la LeyOrg\u00e1nica 3\/2018,\" \/>\n<meta name=\"robots\" content=\"index, follow, max-snippet:-1, max-image-preview:large, max-video-preview:-1\" \/>\n<link rel=\"canonical\" href=\"https:\/\/cidecorporate.com\/en\/politica-de-privacidad\/\" \/>\n<meta property=\"og:locale\" content=\"en_GB\" \/>\n<meta property=\"og:type\" content=\"article\" \/>\n<meta property=\"og:title\" content=\"Pol\u00edtica de privacidad CIDE\" \/>\n<meta property=\"og:description\" content=\"Pol\u00edtica de privacidad seg\u00fan el art\u00edculo 13 del Reglamento (UE) 2016\/679 y el art\u00edculo 11 de la LeyOrg\u00e1nica 3\/2018,\" \/>\n<meta property=\"og:url\" content=\"https:\/\/cidecorporate.com\/en\/politica-de-privacidad\/\" \/>\n<meta property=\"og:site_name\" content=\"CIDE | Innovaci\u00f3n Desarrollo Corporativo y empresarial\" \/>\n<meta property=\"article:modified_time\" content=\"2025-08-14T11:41:19+00:00\" \/>\n<meta name=\"twitter:card\" content=\"summary_large_image\" \/>\n<meta name=\"twitter:label1\" content=\"Estimated reading time\" \/>\n\t<meta name=\"twitter:data1\" content=\"3 minutes\" \/>\n<script type=\"application\/ld+json\" class=\"yoast-schema-graph\">{\"@context\":\"https:\/\/schema.org\",\"@graph\":[{\"@type\":\"WebPage\",\"@id\":\"https:\/\/cidecorporate.com\/politica-de-privacidad\/\",\"url\":\"https:\/\/cidecorporate.com\/politica-de-privacidad\/\",\"name\":\"Pol\u00edtica de privacidad CIDE\",\"isPartOf\":{\"@id\":\"https:\/\/cidecorporate.com\/#website\"},\"datePublished\":\"2025-07-31T11:44:00+00:00\",\"dateModified\":\"2025-08-14T11:41:19+00:00\",\"description\":\"Pol\u00edtica de privacidad seg\u00fan el art\u00edculo 13 del Reglamento (UE) 2016\/679 y el art\u00edculo 11 de la LeyOrg\u00e1nica 3\/2018,\",\"breadcrumb\":{\"@id\":\"https:\/\/cidecorporate.com\/politica-de-privacidad\/#breadcrumb\"},\"inLanguage\":\"en-GB\",\"potentialAction\":[{\"@type\":\"ReadAction\",\"target\":[\"https:\/\/cidecorporate.com\/politica-de-privacidad\/\"]}]},{\"@type\":\"BreadcrumbList\",\"@id\":\"https:\/\/cidecorporate.com\/politica-de-privacidad\/#breadcrumb\",\"itemListElement\":[{\"@type\":\"ListItem\",\"position\":1,\"name\":\"Portada\",\"item\":\"https:\/\/cidecorporate.com\/\"},{\"@type\":\"ListItem\",\"position\":2,\"name\":\"Pol\u00edtica de privacidad\"}]},{\"@type\":\"WebSite\",\"@id\":\"https:\/\/cidecorporate.com\/#website\",\"url\":\"https:\/\/cidecorporate.com\/\",\"name\":\"cidecorporate.com\",\"description\":\"CIDE | Innovaci\u00f3n Desarrollo Corporativo y empresarial\",\"publisher\":{\"@id\":\"https:\/\/cidecorporate.com\/#organization\"},\"potentialAction\":[{\"@type\":\"SearchAction\",\"target\":{\"@type\":\"EntryPoint\",\"urlTemplate\":\"https:\/\/cidecorporate.com\/?s={search_term_string}\"},\"query-input\":{\"@type\":\"PropertyValueSpecification\",\"valueRequired\":true,\"valueName\":\"search_term_string\"}}],\"inLanguage\":\"en-GB\"},{\"@type\":\"Organization\",\"@id\":\"https:\/\/cidecorporate.com\/#organization\",\"name\":\"CIDE\",\"url\":\"https:\/\/cidecorporate.com\/\",\"logo\":{\"@type\":\"ImageObject\",\"inLanguage\":\"en-GB\",\"@id\":\"https:\/\/cidecorporate.com\/#\/schema\/logo\/image\/\",\"url\":\"https:\/\/cidecorporate.com\/wp-content\/uploads\/2025\/08\/cide.png\",\"contentUrl\":\"https:\/\/cidecorporate.com\/wp-content\/uploads\/2025\/08\/cide.png\",\"width\":500,\"height\":500,\"caption\":\"CIDE\"},\"image\":{\"@id\":\"https:\/\/cidecorporate.com\/#\/schema\/logo\/image\/\"}}]}<\/script>\n<!-- \/ Yoast SEO plugin. -->","yoast_head_json":{"title":"Pol\u00edtica de privacidad CIDE","description":"Pol\u00edtica de privacidad seg\u00fan el art\u00edculo 13 del Reglamento (UE) 2016\/679 y el art\u00edculo 11 de la LeyOrg\u00e1nica 3\/2018,","robots":{"index":"index","follow":"follow","max-snippet":"max-snippet:-1","max-image-preview":"max-image-preview:large","max-video-preview":"max-video-preview:-1"},"canonical":"https:\/\/cidecorporate.com\/en\/politica-de-privacidad\/","og_locale":"en_GB","og_type":"article","og_title":"Pol\u00edtica de privacidad CIDE","og_description":"Pol\u00edtica de privacidad seg\u00fan el art\u00edculo 13 del Reglamento (UE) 2016\/679 y el art\u00edculo 11 de la LeyOrg\u00e1nica 3\/2018,","og_url":"https:\/\/cidecorporate.com\/en\/politica-de-privacidad\/","og_site_name":"CIDE | Innovaci\u00f3n Desarrollo Corporativo y empresarial","article_modified_time":"2025-08-14T11:41:19+00:00","twitter_card":"summary_large_image","twitter_misc":{"Estimated reading time":"3 minutes"},"schema":{"@context":"https:\/\/schema.org","@graph":[{"@type":"WebPage","@id":"https:\/\/cidecorporate.com\/politica-de-privacidad\/","url":"https:\/\/cidecorporate.com\/politica-de-privacidad\/","name":"Pol\u00edtica de privacidad CIDE","isPartOf":{"@id":"https:\/\/cidecorporate.com\/#website"},"datePublished":"2025-07-31T11:44:00+00:00","dateModified":"2025-08-14T11:41:19+00:00","description":"Pol\u00edtica de privacidad seg\u00fan el art\u00edculo 13 del Reglamento (UE) 2016\/679 y el art\u00edculo 11 de la LeyOrg\u00e1nica 3\/2018,","breadcrumb":{"@id":"https:\/\/cidecorporate.com\/politica-de-privacidad\/#breadcrumb"},"inLanguage":"en-GB","potentialAction":[{"@type":"ReadAction","target":["https:\/\/cidecorporate.com\/politica-de-privacidad\/"]}]},{"@type":"BreadcrumbList","@id":"https:\/\/cidecorporate.com\/politica-de-privacidad\/#breadcrumb","itemListElement":[{"@type":"ListItem","position":1,"name":"Portada","item":"https:\/\/cidecorporate.com\/"},{"@type":"ListItem","position":2,"name":"Pol\u00edtica de privacidad"}]},{"@type":"WebSite","@id":"https:\/\/cidecorporate.com\/#website","url":"https:\/\/cidecorporate.com\/","name":"cidecorporate.com","description":"CIDE | Innovaci\u00f3n Desarrollo Corporativo y empresarial","publisher":{"@id":"https:\/\/cidecorporate.com\/#organization"},"potentialAction":[{"@type":"SearchAction","target":{"@type":"EntryPoint","urlTemplate":"https:\/\/cidecorporate.com\/?s={search_term_string}"},"query-input":{"@type":"PropertyValueSpecification","valueRequired":true,"valueName":"search_term_string"}}],"inLanguage":"en-GB"},{"@type":"Organization","@id":"https:\/\/cidecorporate.com\/#organization","name":"CIDE","url":"https:\/\/cidecorporate.com\/","logo":{"@type":"ImageObject","inLanguage":"en-GB","@id":"https:\/\/cidecorporate.com\/#\/schema\/logo\/image\/","url":"https:\/\/cidecorporate.com\/wp-content\/uploads\/2025\/08\/cide.png","contentUrl":"https:\/\/cidecorporate.com\/wp-content\/uploads\/2025\/08\/cide.png","width":500,"height":500,"caption":"CIDE"},"image":{"@id":"https:\/\/cidecorporate.com\/#\/schema\/logo\/image\/"}}]}},"_links":{"self":[{"href":"https:\/\/cidecorporate.com\/en\/wp-json\/wp\/v2\/pages\/3","targetHints":{"allow":["GET"]}}],"collection":[{"href":"https:\/\/cidecorporate.com\/en\/wp-json\/wp\/v2\/pages"}],"about":[{"href":"https:\/\/cidecorporate.com\/en\/wp-json\/wp\/v2\/types\/page"}],"author":[{"embeddable":true,"href":"https:\/\/cidecorporate.com\/en\/wp-json\/wp\/v2\/users\/1"}],"replies":[{"embeddable":true,"href":"https:\/\/cidecorporate.com\/en\/wp-json\/wp\/v2\/comments?post=3"}],"version-history":[{"count":0,"href":"https:\/\/cidecorporate.com\/en\/wp-json\/wp\/v2\/pages\/3\/revisions"}],"wp:attachment":[{"href":"https:\/\/cidecorporate.com\/en\/wp-json\/wp\/v2\/media?parent=3"}],"curies":[{"name":"wp","href":"https:\/\/api.w.org\/{rel}","templated":true}]}}