{"id":494,"date":"2025-08-14T11:18:41","date_gmt":"2025-08-14T11:18:41","guid":{"rendered":"https:\/\/cidecorporate.com\/?page_id=494"},"modified":"2025-08-14T11:41:37","modified_gmt":"2025-08-14T11:41:37","slug":"politica-de-cookies","status":"publish","type":"page","link":"https:\/\/cidecorporate.com\/en\/politica-de-cookies\/","title":{"rendered":"Cookies policy"},"content":{"rendered":"<div class=\"wp-block-columns is-layout-flex wp-container-core-columns-is-layout-88098167 wp-block-columns-is-layout-flex\" style=\"padding-right:var(--wp--preset--spacing--30);padding-left:var(--wp--preset--spacing--30)\">\n<div class=\"wp-block-column is-layout-flow wp-block-column-is-layout-flow\" style=\"flex-basis:100%\">\n<h2 class=\"wp-block-heading has-medium-font-size\"><strong>POL\u00cdTICA DE COOKIES<\/strong><\/h2>\n<\/div>\n<\/div>\n\n\n\n<div class=\"wp-block-group\" style=\"padding-right:var(--wp--preset--spacing--30);padding-left:var(--wp--preset--spacing--30)\"><div class=\"wp-block-group__inner-container is-layout-constrained wp-container-core-group-is-layout-a68114f4 wp-block-group-is-layout-constrained\">\n<p class=\"has-small-font-size\">En cumplimiento con el deber de informaci\u00f3n establecido en el art\u00edculo 22 de la Ley 34\/2002, de 11 de julio, de Servicios de la Sociedad de la Informaci\u00f3n y del Comercio Electr\u00f3nico (LSSI), y del Considerando 30 del Reglamento General de Protecci\u00f3n de Datos (RGPD), le informamos que el presente Sitio Web <a href=\"https:\/\/cidecorporate.com\/en\/\">www.cidecorporate.com<\/a> utiliza Cookies tanto propias como de terceros con diversas finalidades.<\/p>\n\n\n\n<h4 class=\"wp-block-heading\">1. \u00bfQu\u00e9 son las Cookies?<\/h4>\n\n\n\n<p class=\"has-small-font-size\">Las Cookies son archivos que los sitios web o las aplicaciones instalan en el navegador o en el dispositivo (ordenador, smartphone, tablet o televisi\u00f3n conectada) del usuario durante su recorrido por las p\u00e1ginas del sitio web o por la aplicaci\u00f3n, y sirven para almacenar informaci\u00f3n sobre su visita.<\/p>\n\n\n\n<p class=\"has-small-font-size\">Como la mayor\u00eda de los sitios en internet, este sitio web <a href=\"https:\/\/cidecorporate.com\/en\/\">www.cidecorporate.com<\/a> utiliza Cookies para:<\/p>\n\n\n\n<p class=\"has-small-font-size\">\u2013 Asegurar que las p\u00e1ginas web pueden funcionar correctamente.<br>\u2013 Almacenar las preferencias, como el idioma que ha seleccionado o el tama\u00f1o de letra.<br>\u2013 Conocer la experiencia de navegaci\u00f3n del usuario.<br>\u2013 Recopilar informaci\u00f3n estad\u00edstica an\u00f3nima, como qu\u00e9 p\u00e1ginas ha visitado el usuario o cu\u00e1nto tiempo ha permanecido en el sitio web.<\/p>\n\n\n\n<p class=\"has-small-font-size\">El uso de Cookies permite optimizar la navegaci\u00f3n, adaptando la informaci\u00f3n y los servicios ofrecidos a los intereses del usuario, para proporcionarle una mejor experiencia siempre que visita el sitio web.<\/p>\n\n\n\n<p class=\"has-small-font-size\">Este sitio web utiliza Cookies para funcionar, adaptar y facilitar al m\u00e1ximo la navegaci\u00f3n del usuario.<\/p>\n\n\n\n<h4 class=\"wp-block-heading\">2. Tipolog\u00eda, finalidad y funcionamiento.<\/h4>\n\n\n\n<p class=\"has-small-font-size\">Las Cookies, en funci\u00f3n de su permanencia, pueden dividirse en Cookies de sesi\u00f3n o permanentes. Las primeras expiran cuando el usuario cierra el navegador. Las segundas expiran cuando se cumple el objetivo para el que sirven (por ejemplo, para que el usuario se mantenga identificado en el sitio web) o bien cuando se borran manualmente.<\/p>\n\n\n\n<p class=\"has-small-font-size\">Adicionalmente,&nbsp;en funci\u00f3n de su objetivo, las&nbsp;Cookies&nbsp;pueden clasificarse de la siguiente forma:<\/p>\n\n\n\n<ul class=\"wp-block-list has-small-font-size\">\n<li><strong>Estrictamente necesarias (t\u00e9cnicas):<\/strong> Son aquellas imprescindibles para el correcto funcionamiento de la p\u00e1gina. Normalmente se generan cuando el usuario accede al sitio web o inicia sesi\u00f3n en el mismo y se utilizan para identificarle en el sitio web con los siguientes objetivos: \n<ul class=\"wp-block-list\">\n<li>Mantener al usuario identificado de forma que, si abandona el sitio web, el navegador o el dispositivo y en otro momento vuelve a acceder a dicho sitio web, seguir\u00e1 identificado, facilitando as\u00ed su navegaci\u00f3n sin tener que volver a identificarse.<\/li>\n\n\n\n<li>Comprobar si el usuario est\u00e1 autorizado para acceder a ciertos servicios o zonas del sitio web.<\/li>\n<\/ul>\n<\/li>\n<\/ul>\n\n\n\n<ul class=\"wp-block-list\">\n<li class=\"has-small-font-size\"><strong>De rendimiento:<\/strong> Se utilizan para mejorar la experiencia de navegaci\u00f3n y optimizar el funcionamiento del sitio web como, por ejemplo, almacenar las configuraciones de servicios, o almacenar la compra realizada en un carrito de la compra.<\/li>\n\n\n\n<li class=\"has-small-font-size\"><strong>De publicidad:<\/strong> Son aquellas que recaban informaci\u00f3n sobre los anuncios mostrados a los usuarios del sitio web. Pueden ser de dos tipos:<\/li>\n\n\n\n<li class=\"has-small-font-size\"><strong>An\u00f3nimas:<\/strong>&nbsp;Solo recopilan informaci\u00f3n sobre los espacios publicitarios mostrados en el sitio web, con independencia del usuario que accede al sitio web, es decir, sin identificarle expresamente.<\/li>\n\n\n\n<li class=\"has-small-font-size\"><strong>Personalizadas:<\/strong>&nbsp;Recopilan informaci\u00f3n personal del usuario del sitio web por parte de un tercero, para la personalizaci\u00f3n de dichos espacios publicitarios.<\/li>\n\n\n\n<li class=\"has-small-font-size\"><strong>De geo-localizaci\u00f3n:<\/strong> Se utilizan para averiguar en qu\u00e9 pa\u00eds o regi\u00f3n se encuentra el usuario cuando accede a un servicio del sitio web con el fin de ofrecerle contenidos o servicios adecuados a su localizaci\u00f3n.<\/li>\n\n\n\n<li class=\"has-small-font-size\"><strong>Anal\u00edticas (de an\u00e1lisis):<\/strong> Obtienen datos estad\u00edsticos para su procesamiento y presentaci\u00f3n. Recopilan informaci\u00f3n sobre la experiencia de navegaci\u00f3n del usuario en el sitio web, normalmente de forma an\u00f3nima, aunque en ocasiones tambi\u00e9n permiten identificar de manera \u00fanica e inequ\u00edvoca al usuario con el fin de obtener informes sobre los intereses de los usuarios en los servicios que ofrece el sitio web.<\/li>\n\n\n\n<li class=\"has-small-font-size\"><strong>De Registro:<\/strong> Mantienen sesiones de usuarios registrados en el sitio web.<\/li>\n\n\n\n<li class=\"has-small-font-size\"><strong>De personalizaci\u00f3n:<\/strong> Guarda las preferencias de visualizaci\u00f3n del usuario para futuras visitas.<\/li>\n\n\n\n<li class=\"has-small-font-size\"><strong>De redes sociales:<\/strong> utilizadas por plugins de tipo social.<\/li>\n<\/ul>\n\n\n\n<h4 class=\"wp-block-heading\">3. Cookies utilizadas en este sitio web.<\/h4>\n\n\n\n<div class=\"wp-block-group has-small-font-size\"><div class=\"wp-block-group__inner-container is-layout-constrained wp-block-group-is-layout-constrained\">\n<p class=\"has-small-font-size\">Tabla de Cookies propias y de terceros usadas en el presente sitio web:<\/p>\n\n\n\n<p class=\"has-small-font-size\">Cookies Anal\u00edticas (Estad\u00edsticas).<\/p>\n\n\n\n<p class=\"has-small-font-size\">Son Cookies estad\u00edsticas aquellas que ayudan a los propietarios del Sitio Web a comprender c\u00f3mo interact\u00faan los visitantes con su Sitio Web, reuniendo y proporcionando informaci\u00f3n de forma an\u00f3nima.<\/p>\n\n\n\n<p class=\"has-small-font-size\">Cookie Duraci\u00f3n Tipo Origen \/ Prop\u00f3sito<\/p>\n<\/div><\/div>\n\n\n\n<h4 class=\"wp-block-heading\">4. Deshabilitar el uso de Cookies.<\/h4>\n\n\n\n<p class=\"has-small-font-size\">Si el usuario as\u00ed lo desea, es posible dejar de aceptar las&nbsp;Cookies&nbsp;del navegador, o dejar de aceptar las&nbsp;Cookies&nbsp;de un servicio en particular.Todos los navegadores modernos permiten cambiar la configuraci\u00f3n de Cookies. Estos ajustes normalmente se encuentran en las \u201cOpciones\u201d o \u201cPreferencias\u201d del men\u00fa del navegador.<\/p>\n\n\n\n<p class=\"has-small-font-size\">El usuario podr\u00e1, en cualquier momento, deshabilitar el uso de Cookies en este sitio web mediante:<\/p>\n\n\n\n<p class=\"has-small-font-size\">La configuraci\u00f3n del&nbsp;navegador, por ejemplo:<\/p>\n\n\n\n<p class=\"has-small-font-size\">\u2013GoogleChrome:&nbsp;http:\/\/support.google.com\/chrome\/bin\/answer.py?hl=es&amp;answer=95647<\/p>\n\n\n\n<p class=\"has-small-font-size\">\u2013 InternetExplorer:&nbsp;http:\/\/windows.microsoft.com\/es-es\/windows7\/how-to-manage-cookies-in-internet-explorer-9<\/p>\n\n\n\n<p class=\"has-small-font-size\">\u2013 Mozilla Firefox:&nbsp;http:\/\/support.mozilla.org\/es\/kb\/habilitar-y-deshabilitar-cookies-que-los-sitios-we<\/p>\n\n\n\n<p class=\"has-small-font-size\">\u2013 Apple Safari:&nbsp;http:\/\/support.apple.com\/kb\/ph5042<\/p>\n\n\n\n<h4 class=\"wp-block-heading\">5. \u00bfQu\u00e9 ocurre al deshabilitar las Cookies?<\/h4>\n\n\n\n<p class=\"has-small-font-size\">Algunas funcionalidades y servicios pueden quedar deshabilitados o tener un comportamiento diferente al esperado como, por ejemplo, permanecer identificado, mantener las modificaciones realizadas en la plataforma o recibir informaci\u00f3n dirigida a su localizaci\u00f3n, entre otros.<\/p>\n\n\n\n<p class=\"has-small-font-size\">Si deshabilita el uso de&nbsp;Cookies&nbsp;en este sitio web es probable que deje de poder acceder a ciertas zonas del mismo o que se degrade notablemente la experiencia de navegaci\u00f3n en el mismo.<\/p>\n\n\n\n<h4 class=\"wp-block-heading\">6. Actualizaci\u00f3n de la Pol\u00edtica de Cookies.<\/h4>\n\n\n\n<p class=\"has-small-font-size\">Este sitio web <a href=\"https:\/\/cidecorporate.com\/en\/\">www.cidecorporate.com<\/a> puede modificar esta&nbsp;Pol\u00edtica de Cookies&nbsp;en funci\u00f3n de exigencias legislativas, reglamentarias, o con la finalidad de adaptar dicha pol\u00edtica a las instrucciones dictadas por la Agencia Espa\u00f1ola de Protecci\u00f3n de Datos, por ello se aconseja a los usuarios que la visiten peri\u00f3dicamente.<\/p>\n\n\n\n<p class=\"has-small-font-size\">Cuando se produzcan cambios significativos en esta&nbsp;Pol\u00edtica de Cookies, se comunicar\u00e1 a los usuarios bien mediante la web o a trav\u00e9s de correo electr\u00f3nico a los usuarios registrados.<\/p>\n\n\n\n<h4 class=\"wp-block-heading\">7. Aviso Legal \u2013 Google Analytics.<\/h4>\n\n\n\n<p class=\"has-small-font-size\">Esta p\u00e1gina web utiliza Google Analytics, un servicio anal\u00edtico de web prestado por Google, Inc., una compa\u00f1\u00eda de Delaware cuya oficina principal est\u00e1 en 1600 Amphitheatre Parkway, Mountain View (California), CA 94043, Estados Unidos (\u201cGoogle\u201d).<\/p>\n\n\n\n<p class=\"has-small-font-size\">Google Analytics utiliza \u201ccookies\u201d, que son archivos de texto ubicados en su ordenador, para ayudar al sitio web a analizar el uso que hacen los usuarios del sitio web. La informaci\u00f3n que genera la cookie acerca de su uso del sitio web (incluyendo su direcci\u00f3n IP) ser\u00e1 directamente transmitida y archivada por Google en los servidores de Estados Unidos. Google usar\u00e1 esta informaci\u00f3n por cuenta nuestra con el prop\u00f3sito de seguir la pista de su uso del sitio web, recopilando informes de la actividad del sitio web y prestando otros servicios relacionados con la actividad del sitio web y el uso de Internet. Tambi\u00e9n podr\u00e1 transmitir dicha informaci\u00f3n a terceros cuando as\u00ed se lo requiera la legislaci\u00f3n, o cuando dichos terceros procesen la informaci\u00f3n por cuenta de Google. Google no asociar\u00e1 su direcci\u00f3n IP con ning\u00fan otro dato del que disponga Google.<\/p>\n\n\n\n<p class=\"has-small-font-size\">Puede usted rechazar el tratamiento de los datos o la informaci\u00f3n rechazando el uso de cookies mediante la selecci\u00f3n de la configuraci\u00f3n apropiada de su navegador, sin embargo, debe usted saber que si lo hace puede ser que no pueda usar la plena funcionabilidad de este sitio web. Al utilizar este sitio web, usted consiente el tratamiento de informaci\u00f3n acerca de usted por Google en la forma y para los finesarriba indicados.<\/p>\n\n\n\n<p class=\"has-small-font-size\">[http:\/\/www.google.com\/intl\/es\/policies\/privacy\/]<\/p>\n<\/div><\/div>","protected":false},"excerpt":{"rendered":"<p>POL\u00cdTICA DE COOKIES En cumplimiento con el deber de informaci\u00f3n establecido en el art\u00edculo 22 de la Ley 34\/2002, de 11 de julio, de Servicios de la Sociedad de la Informaci\u00f3n y del Comercio Electr\u00f3nico (LSSI), y del Considerando 30 del Reglamento General de Protecci\u00f3n de Datos (RGPD), le informamos que el presente Sitio Web&hellip;&nbsp;<a href=\"https:\/\/cidecorporate.com\/en\/politica-de-cookies\/\" rel=\"bookmark\"><span class=\"screen-reader-text\">Cookies policy<\/span><\/a><\/p>","protected":false},"author":1,"featured_media":0,"parent":0,"menu_order":0,"comment_status":"closed","ping_status":"closed","template":"","meta":{"neve_meta_sidebar":"","neve_meta_container":"","neve_meta_enable_content_width":"","neve_meta_content_width":0,"neve_meta_title_alignment":"","neve_meta_author_avatar":"","neve_post_elements_order":"","neve_meta_disable_header":"","neve_meta_disable_footer":"","neve_meta_disable_title":"","_themeisle_gutenberg_block_has_review":false,"footnotes":""},"class_list":["post-494","page","type-page","status-publish","hentry"],"yoast_head":"<!-- This site is optimized with the Yoast SEO plugin v25.6 - https:\/\/yoast.com\/wordpress\/plugins\/seo\/ -->\n<title>Pol\u00edtica de Cookies<\/title>\n<meta name=\"description\" content=\"En cumplimiento del art\u00edculo 22 de la Ley 34\/2002 (LSSI), y del art\u00edculo 30 del RGPD, le informamos de que cidecorporate.com utiliza Cookies\" \/>\n<meta name=\"robots\" content=\"index, follow, max-snippet:-1, max-image-preview:large, max-video-preview:-1\" \/>\n<link rel=\"canonical\" href=\"https:\/\/cidecorporate.com\/en\/politica-de-cookies\/\" \/>\n<meta property=\"og:locale\" content=\"en_GB\" \/>\n<meta property=\"og:type\" content=\"article\" \/>\n<meta property=\"og:title\" content=\"Pol\u00edtica de Cookies\" \/>\n<meta property=\"og:description\" content=\"En cumplimiento del art\u00edculo 22 de la Ley 34\/2002 (LSSI), y del art\u00edculo 30 del RGPD, le informamos de que cidecorporate.com utiliza Cookies\" \/>\n<meta property=\"og:url\" content=\"https:\/\/cidecorporate.com\/en\/politica-de-cookies\/\" \/>\n<meta property=\"og:site_name\" content=\"CIDE | Innovaci\u00f3n Desarrollo Corporativo y empresarial\" \/>\n<meta property=\"article:modified_time\" content=\"2025-08-14T11:41:37+00:00\" \/>\n<meta name=\"twitter:card\" content=\"summary_large_image\" \/>\n<meta name=\"twitter:label1\" content=\"Estimated reading time\" \/>\n\t<meta name=\"twitter:data1\" content=\"6 minutes\" \/>\n<script type=\"application\/ld+json\" class=\"yoast-schema-graph\">{\"@context\":\"https:\/\/schema.org\",\"@graph\":[{\"@type\":\"WebPage\",\"@id\":\"https:\/\/cidecorporate.com\/politica-de-cookies\/\",\"url\":\"https:\/\/cidecorporate.com\/politica-de-cookies\/\",\"name\":\"Pol\u00edtica de Cookies\",\"isPartOf\":{\"@id\":\"https:\/\/cidecorporate.com\/#website\"},\"datePublished\":\"2025-08-14T11:18:41+00:00\",\"dateModified\":\"2025-08-14T11:41:37+00:00\",\"description\":\"En cumplimiento del art\u00edculo 22 de la Ley 34\/2002 (LSSI), y del art\u00edculo 30 del RGPD, le informamos de que cidecorporate.com utiliza Cookies\",\"breadcrumb\":{\"@id\":\"https:\/\/cidecorporate.com\/politica-de-cookies\/#breadcrumb\"},\"inLanguage\":\"en-GB\",\"potentialAction\":[{\"@type\":\"ReadAction\",\"target\":[\"https:\/\/cidecorporate.com\/politica-de-cookies\/\"]}]},{\"@type\":\"BreadcrumbList\",\"@id\":\"https:\/\/cidecorporate.com\/politica-de-cookies\/#breadcrumb\",\"itemListElement\":[{\"@type\":\"ListItem\",\"position\":1,\"name\":\"Portada\",\"item\":\"https:\/\/cidecorporate.com\/\"},{\"@type\":\"ListItem\",\"position\":2,\"name\":\"Pol\u00edtica de Cookies\"}]},{\"@type\":\"WebSite\",\"@id\":\"https:\/\/cidecorporate.com\/#website\",\"url\":\"https:\/\/cidecorporate.com\/\",\"name\":\"cidecorporate.com\",\"description\":\"CIDE | Innovaci\u00f3n Desarrollo Corporativo y empresarial\",\"publisher\":{\"@id\":\"https:\/\/cidecorporate.com\/#organization\"},\"potentialAction\":[{\"@type\":\"SearchAction\",\"target\":{\"@type\":\"EntryPoint\",\"urlTemplate\":\"https:\/\/cidecorporate.com\/?s={search_term_string}\"},\"query-input\":{\"@type\":\"PropertyValueSpecification\",\"valueRequired\":true,\"valueName\":\"search_term_string\"}}],\"inLanguage\":\"en-GB\"},{\"@type\":\"Organization\",\"@id\":\"https:\/\/cidecorporate.com\/#organization\",\"name\":\"CIDE\",\"url\":\"https:\/\/cidecorporate.com\/\",\"logo\":{\"@type\":\"ImageObject\",\"inLanguage\":\"en-GB\",\"@id\":\"https:\/\/cidecorporate.com\/#\/schema\/logo\/image\/\",\"url\":\"https:\/\/cidecorporate.com\/wp-content\/uploads\/2025\/08\/cide.png\",\"contentUrl\":\"https:\/\/cidecorporate.com\/wp-content\/uploads\/2025\/08\/cide.png\",\"width\":500,\"height\":500,\"caption\":\"CIDE\"},\"image\":{\"@id\":\"https:\/\/cidecorporate.com\/#\/schema\/logo\/image\/\"}}]}<\/script>\n<!-- \/ Yoast SEO plugin. -->","yoast_head_json":{"title":"Cookies policy","description":"En cumplimiento del art\u00edculo 22 de la Ley 34\/2002 (LSSI), y del art\u00edculo 30 del RGPD, le informamos de que cidecorporate.com utiliza Cookies","robots":{"index":"index","follow":"follow","max-snippet":"max-snippet:-1","max-image-preview":"max-image-preview:large","max-video-preview":"max-video-preview:-1"},"canonical":"https:\/\/cidecorporate.com\/en\/politica-de-cookies\/","og_locale":"en_GB","og_type":"article","og_title":"Pol\u00edtica de Cookies","og_description":"En cumplimiento del art\u00edculo 22 de la Ley 34\/2002 (LSSI), y del art\u00edculo 30 del RGPD, le informamos de que cidecorporate.com utiliza Cookies","og_url":"https:\/\/cidecorporate.com\/en\/politica-de-cookies\/","og_site_name":"CIDE | Innovaci\u00f3n Desarrollo Corporativo y empresarial","article_modified_time":"2025-08-14T11:41:37+00:00","twitter_card":"summary_large_image","twitter_misc":{"Estimated reading time":"6 minutes"},"schema":{"@context":"https:\/\/schema.org","@graph":[{"@type":"WebPage","@id":"https:\/\/cidecorporate.com\/politica-de-cookies\/","url":"https:\/\/cidecorporate.com\/politica-de-cookies\/","name":"Cookies policy","isPartOf":{"@id":"https:\/\/cidecorporate.com\/#website"},"datePublished":"2025-08-14T11:18:41+00:00","dateModified":"2025-08-14T11:41:37+00:00","description":"En cumplimiento del art\u00edculo 22 de la Ley 34\/2002 (LSSI), y del art\u00edculo 30 del RGPD, le informamos de que cidecorporate.com utiliza Cookies","breadcrumb":{"@id":"https:\/\/cidecorporate.com\/politica-de-cookies\/#breadcrumb"},"inLanguage":"en-GB","potentialAction":[{"@type":"ReadAction","target":["https:\/\/cidecorporate.com\/politica-de-cookies\/"]}]},{"@type":"BreadcrumbList","@id":"https:\/\/cidecorporate.com\/politica-de-cookies\/#breadcrumb","itemListElement":[{"@type":"ListItem","position":1,"name":"Portada","item":"https:\/\/cidecorporate.com\/"},{"@type":"ListItem","position":2,"name":"Pol\u00edtica de Cookies"}]},{"@type":"WebSite","@id":"https:\/\/cidecorporate.com\/#website","url":"https:\/\/cidecorporate.com\/","name":"cidecorporate.com","description":"CIDE | Innovaci\u00f3n Desarrollo Corporativo y empresarial","publisher":{"@id":"https:\/\/cidecorporate.com\/#organization"},"potentialAction":[{"@type":"SearchAction","target":{"@type":"EntryPoint","urlTemplate":"https:\/\/cidecorporate.com\/?s={search_term_string}"},"query-input":{"@type":"PropertyValueSpecification","valueRequired":true,"valueName":"search_term_string"}}],"inLanguage":"en-GB"},{"@type":"Organization","@id":"https:\/\/cidecorporate.com\/#organization","name":"CIDE","url":"https:\/\/cidecorporate.com\/","logo":{"@type":"ImageObject","inLanguage":"en-GB","@id":"https:\/\/cidecorporate.com\/#\/schema\/logo\/image\/","url":"https:\/\/cidecorporate.com\/wp-content\/uploads\/2025\/08\/cide.png","contentUrl":"https:\/\/cidecorporate.com\/wp-content\/uploads\/2025\/08\/cide.png","width":500,"height":500,"caption":"CIDE"},"image":{"@id":"https:\/\/cidecorporate.com\/#\/schema\/logo\/image\/"}}]}},"_links":{"self":[{"href":"https:\/\/cidecorporate.com\/en\/wp-json\/wp\/v2\/pages\/494","targetHints":{"allow":["GET"]}}],"collection":[{"href":"https:\/\/cidecorporate.com\/en\/wp-json\/wp\/v2\/pages"}],"about":[{"href":"https:\/\/cidecorporate.com\/en\/wp-json\/wp\/v2\/types\/page"}],"author":[{"embeddable":true,"href":"https:\/\/cidecorporate.com\/en\/wp-json\/wp\/v2\/users\/1"}],"replies":[{"embeddable":true,"href":"https:\/\/cidecorporate.com\/en\/wp-json\/wp\/v2\/comments?post=494"}],"version-history":[{"count":0,"href":"https:\/\/cidecorporate.com\/en\/wp-json\/wp\/v2\/pages\/494\/revisions"}],"wp:attachment":[{"href":"https:\/\/cidecorporate.com\/en\/wp-json\/wp\/v2\/media?parent=494"}],"curies":[{"name":"wp","href":"https:\/\/api.w.org\/{rel}","templated":true}]}}