{"id":503,"date":"2025-08-14T12:05:25","date_gmt":"2025-08-14T12:05:25","guid":{"rendered":"https:\/\/cidecorporate.com\/?page_id=503"},"modified":"2025-08-14T12:05:25","modified_gmt":"2025-08-14T12:05:25","slug":"aviso-legal","status":"publish","type":"page","link":"https:\/\/cidecorporate.com\/en\/aviso-legal\/","title":{"rendered":"Legal notice"},"content":{"rendered":"<div class=\"wp-block-columns is-layout-flex wp-container-core-columns-is-layout-9d6595d7 wp-block-columns-is-layout-flex\">\n<div class=\"wp-block-column is-layout-flow wp-block-column-is-layout-flow\" style=\"padding-right:var(--wp--preset--spacing--30);padding-left:var(--wp--preset--spacing--30);flex-basis:100%\">\n<h3 class=\"wp-block-heading\"><strong>AVISO LEGAL<\/strong><\/h3>\n<\/div>\n<\/div>\n\n\n\n<div class=\"wp-block-group\" style=\"padding-right:var(--wp--preset--spacing--30);padding-left:var(--wp--preset--spacing--30)\"><div class=\"wp-block-group__inner-container is-layout-constrained wp-container-core-group-is-layout-a68114f4 wp-block-group-is-layout-constrained\">\n<h4 class=\"wp-block-heading\"><strong>DATOS IDENTIFICATIVOS<\/strong><\/h4>\n\n\n\n<ul class=\"wp-block-list\">\n<li class=\"has-small-font-size\">Identidad: CORPORATE DE INNOVACI\u00d3N Y DESARROLLO S.L.<\/li>\n\n\n\n<li class=\"has-small-font-size\">NIF: B39527122<\/li>\n\n\n\n<li class=\"has-small-font-size\">Domicilio: Calle Calvo Sotelo 23, 39002 Santander<\/li>\n\n\n\n<li class=\"has-small-font-size\">Tel\u00e9fono: +34 650 14 24 76<\/li>\n\n\n\n<li class=\"has-small-font-size\">Correo electr\u00f3nico: tatiana@cidecorporate.com<br>El presente sitio web <a href=\"https:\/\/cidecorporate.com\/en\/\">www.cidecorporate.com<\/a> se ha creado con la finalidad de facilitar al<br>cliente el conocimiento de los servicios ofrecidos por CORPORATE DE INNOVACI\u00d3N Y DESARROLLO S.L.<\/li>\n<\/ul>\n<\/div><\/div>\n\n\n\n<div class=\"wp-block-group\" style=\"padding-right:var(--wp--preset--spacing--30);padding-left:var(--wp--preset--spacing--30)\"><div class=\"wp-block-group__inner-container is-layout-constrained wp-container-core-group-is-layout-a68114f4 wp-block-group-is-layout-constrained\">\n<h3 class=\"wp-block-heading\"><strong>CONDICIONES GENERALES DE USO<\/strong><\/h3>\n\n\n\n<p class=\"has-small-font-size\">Con car\u00e1cter general, el Usuario se obliga al cumplimiento de las presentes condiciones y t\u00e9rminos de uso, y obrar siempre conforme a la ley, a las buenas<br>costumbres y a las exigencias de la buena fe, empleando la diligencia adecuada a la naturaleza del servicio del que disfruta, y absteni\u00e9ndose de utilizar el presente sitio web de cualquier forma que pueda impedir, da\u00f1ar o deteriorar el normal funcionamiento del mismo, los bienes o derechos del titular del sitio web, del resto de Usuarios o, en general, de cualquier tercero.<br>CORPORATE DE INNOVACI\u00d3N Y DESARROLLO S.L. podr\u00e1, en todo momento y sin previo aviso, modificar las presentes Condiciones Generales, as\u00ed como las Condiciones Particulares que, en su caso, se incluyan, mediante la publicaci\u00f3n de dichas modificaciones en el sitio web con el fin de que puedan ser conocidas por los Usuarios.<\/p>\n\n\n\n<h5 class=\"wp-block-heading\"><strong>PROPIEDAD INTELECTUAL E INDUSTRIAL<\/strong><\/h5>\n\n\n\n<p class=\"has-small-font-size\">CORPORATE DE INNOVACI\u00d3N Y DESARROLLO S.L. es titular de todos los derechos de propiedad intelectual e industrial de su sitio web <a href=\"https:\/\/cidecorporate.com\/en\/\">www.cidecorporate.com<\/a>, as\u00ed como de los elementos contenidos en el mismo.<br>En virtud de lo dispuesto en la Ley de Propiedad Intelectual, queda expresamente prohibida la reproducci\u00f3n, la distribuci\u00f3n y la comunicaci\u00f3n p\u00fablica, incluida su modalidad de puesta a disposici\u00f3n, de la totalidad o parte de los contenidos de esta p\u00e1gina web, con fines comerciales, en cualquier soporte y por cualquier medio t\u00e9cnico, sin la autorizaci\u00f3n de CORPORATE DE INNOVACI\u00d3N Y DESARROLLO S.L.<br>El Usuario se compromete a respetar los derechos de Propiedad Intelectual e Industrial titularidad de CORPORATE DE INNOVACI\u00d3N Y DESARROLLO S.L.<br>El Usuario que acceda a este sitio web www.centropsicologicoikiru.com no est\u00e1 autorizado a ceder, distribuir o difundir por ning\u00fan medio, ni en todo ni en parte, elementos propiedad de CORPORATE DE INNOVACI\u00d3N Y DESARROLLO S.L. contenidos en este sitio web, ni a enviarlos por correo electr\u00f3nico con fines distintos a los autorizados previamente por CORPORATE DE INNOVACI\u00d3N Y DESARROLLO S.L., ni a modificarlos o alterarlos en modo alguno. En ning\u00fan caso podr\u00e1 cederse o<br>transmitida a terceros la informaci\u00f3n y elementos bajados o copiados de este sitio web.<br>Queda prohibida la utilizaci\u00f3n del nombre comercial, las marcas, logo, servicios incluidos en este sitio web por terceros que carezcan de autorizaci\u00f3n previa de CORPORATE DE INNOVACI\u00d3N Y DESARROLLO S.L.<br>CORPORATE DE INNOVACI\u00d3N Y DESARROLLO S.L. se reserva la posibilidad de ejercer las acciones judiciales que correspondan contra el Usuario que viole o infrinja los derechos de propiedad intelectual, industrial, derechos de explotaci\u00f3n del valor comercial y publicitario de la imagen y otros derechos an\u00e1logos.<\/p>\n\n\n\n<h4 class=\"wp-block-heading\"><strong>HIPERENLACES<\/strong><\/h4>\n\n\n\n<p class=\"has-small-font-size\">En relaci\u00f3n con la creaci\u00f3n de hiperenlaces entre las p\u00e1ginas webs de usuarios de Internet y este sitio web <a href=\"https:\/\/cidecorporate.com\/en\/\">www.cidecorporate.com<\/a>, los usuarios de Internet deber\u00e1n realizar el hiperenlace teniendo este \u00fanicamente acceso a la homepage, no pudiendo reproducirlas de otra forma. No se permite la creaci\u00f3n de un frame sobre las p\u00e1ginas internas del este sitio web <a href=\"https:\/\/cidecorporate.com\/en\/\">www.cidecorporate.com<\/a>, y tampoco se permite la utilizaci\u00f3n de<br>elementos propiedad de CORPORATE DE INNOVACI\u00d3N Y DESARROLLO S.L., sin su previo y expreso consentimiento.<br>El establecimiento de un hiperenlace como el indicado anteriormente, no significa la existencia de relaciones entre CORPORATE DE INNOVACI\u00d3N Y DESARROLLO S.L. y el propietario de la p\u00e1gina web en la cual el hiperenlace estuviera establecido, salvo que fuera expresamente manifestado lo contrario por las partes, en virtud de acuerdos comerciales con el propietario de esa p\u00e1gina web.<\/p>\n\n\n\n<h4 class=\"wp-block-heading\"><strong>EXONERACI\u00d3N DE RESPONSABILIDAD<\/strong><\/h4>\n\n\n\n<p class=\"has-small-font-size\">Tanto el acceso al sitio web www.centropsicologicoikiru.com propiedad de CORPORATE DE INNOVACI\u00d3N Y DESARROLLO S.L., como el uso que pueda hacerse de la informaci\u00f3n contenida en el mismo es de la exclusiva responsabilidad de quien lo realiza, el Usuario.<br>CORPORATE DE INNOVACI\u00d3N Y DESARROLLO S.L. podr\u00e1, cuando lo considere conveniente, realizar correcciones, mejoras o modificaciones en la informaci\u00f3n contenida en el presente sitio web sin que ello de lugar, ni derecho a ninguna reclamaci\u00f3n o indemnizaci\u00f3n, ni implique reconocimiento de responsabilidad alguna. Tampoco se har\u00e1 responsable por los da\u00f1os y perjuicios de cualquier naturaleza que se pudieran derivar de la disponibilidad y continuidad t\u00e9cnica del funcionamiento del presente sitio web.<br>CORPORATE DE INNOVACI\u00d3N Y DESARROLLO S.L. no se hace responsable de los posibles errores de seguridad que se puedan producir, ni de los posibles da\u00f1os que puedan causarse al sistema inform\u00e1tico del Usuario (hardware y software), de los ficheros o documentos almacenados en el<br>mismo, como consecuencia de la presencia de un virus en el ordenador del Usuario utilizado para la conexi\u00f3n a los servicios y contenidos de la Web, de un mal funcionamiento del navegador o del uso de versiones no actualizadas del mismo.<\/p>\n\n\n\n<h4 class=\"wp-block-heading\"><strong>LEY Y JURISDICCI\u00d3N APLICABLE<\/strong><\/h4>\n\n\n\n<p class=\"has-small-font-size\">Cualquier controversia que pudiera derivarse del acceso o de la utilizaci\u00f3n del sitio web <a href=\"https:\/\/cidecorporate.com\/en\/\">www.cidecorporate.com<\/a>, se somete a la exclusiva jurisdicci\u00f3n de los tribunales de la ciudad de Madrid y sus superiores jer\u00e1rquicos.<br>Los t\u00e9rminos y condiciones que rigen este sitio web y todas las relaciones que pudieran derivarse se encuentran salvaguardadas por la legislaci\u00f3n espa\u00f1ola.<\/p>\n<\/div><\/div>","protected":false},"excerpt":{"rendered":"<p>AVISO LEGAL DATOS IDENTIFICATIVOS CONDICIONES GENERALES DE USO Con car\u00e1cter general, el Usuario se obliga al cumplimiento de las presentes condiciones y t\u00e9rminos de uso, y obrar siempre conforme a la ley, a las buenascostumbres y a las exigencias de la buena fe, empleando la diligencia adecuada a la naturaleza del servicio del que disfruta,&hellip;&nbsp;<a href=\"https:\/\/cidecorporate.com\/en\/aviso-legal\/\" rel=\"bookmark\"><span class=\"screen-reader-text\">Legal notice<\/span><\/a><\/p>","protected":false},"author":1,"featured_media":0,"parent":0,"menu_order":0,"comment_status":"closed","ping_status":"closed","template":"","meta":{"neve_meta_sidebar":"","neve_meta_container":"","neve_meta_enable_content_width":"","neve_meta_content_width":0,"neve_meta_title_alignment":"","neve_meta_author_avatar":"","neve_post_elements_order":"","neve_meta_disable_header":"","neve_meta_disable_footer":"","neve_meta_disable_title":"","_themeisle_gutenberg_block_has_review":false,"footnotes":""},"class_list":["post-503","page","type-page","status-publish","hentry"],"yoast_head":"<!-- This site is optimized with the Yoast SEO plugin v25.6 - https:\/\/yoast.com\/wordpress\/plugins\/seo\/ -->\n<title>Aviso legal - CIDE | Innovaci\u00f3n Desarrollo Corporativo y empresarial<\/title>\n<meta name=\"robots\" content=\"index, follow, max-snippet:-1, max-image-preview:large, max-video-preview:-1\" \/>\n<link rel=\"canonical\" href=\"https:\/\/cidecorporate.com\/en\/aviso-legal\/\" \/>\n<meta property=\"og:locale\" content=\"en_GB\" \/>\n<meta property=\"og:type\" content=\"article\" \/>\n<meta property=\"og:title\" content=\"Aviso legal - CIDE | Innovaci\u00f3n Desarrollo Corporativo y empresarial\" \/>\n<meta property=\"og:description\" content=\"AVISO LEGAL DATOS IDENTIFICATIVOS CONDICIONES GENERALES DE USO Con car\u00e1cter general, el Usuario se obliga al cumplimiento de las presentes condiciones y t\u00e9rminos de uso, y obrar siempre conforme a la ley, a las buenascostumbres y a las exigencias de la buena fe, empleando la diligencia adecuada a la naturaleza del servicio del que disfruta,&hellip;&nbsp;Aviso legal\" \/>\n<meta property=\"og:url\" content=\"https:\/\/cidecorporate.com\/en\/aviso-legal\/\" \/>\n<meta property=\"og:site_name\" content=\"CIDE | Innovaci\u00f3n Desarrollo Corporativo y empresarial\" \/>\n<meta name=\"twitter:card\" content=\"summary_large_image\" \/>\n<meta name=\"twitter:label1\" content=\"Estimated reading time\" \/>\n\t<meta name=\"twitter:data1\" content=\"5 minutes\" \/>\n<script type=\"application\/ld+json\" class=\"yoast-schema-graph\">{\"@context\":\"https:\/\/schema.org\",\"@graph\":[{\"@type\":\"WebPage\",\"@id\":\"https:\/\/cidecorporate.com\/aviso-legal\/\",\"url\":\"https:\/\/cidecorporate.com\/aviso-legal\/\",\"name\":\"Aviso legal - CIDE | Innovaci\u00f3n Desarrollo Corporativo y empresarial\",\"isPartOf\":{\"@id\":\"https:\/\/cidecorporate.com\/#website\"},\"datePublished\":\"2025-08-14T12:05:25+00:00\",\"breadcrumb\":{\"@id\":\"https:\/\/cidecorporate.com\/aviso-legal\/#breadcrumb\"},\"inLanguage\":\"en-GB\",\"potentialAction\":[{\"@type\":\"ReadAction\",\"target\":[\"https:\/\/cidecorporate.com\/aviso-legal\/\"]}]},{\"@type\":\"BreadcrumbList\",\"@id\":\"https:\/\/cidecorporate.com\/aviso-legal\/#breadcrumb\",\"itemListElement\":[{\"@type\":\"ListItem\",\"position\":1,\"name\":\"Portada\",\"item\":\"https:\/\/cidecorporate.com\/\"},{\"@type\":\"ListItem\",\"position\":2,\"name\":\"Aviso legal\"}]},{\"@type\":\"WebSite\",\"@id\":\"https:\/\/cidecorporate.com\/#website\",\"url\":\"https:\/\/cidecorporate.com\/\",\"name\":\"cidecorporate.com\",\"description\":\"CIDE | Innovaci\u00f3n Desarrollo Corporativo y empresarial\",\"publisher\":{\"@id\":\"https:\/\/cidecorporate.com\/#organization\"},\"potentialAction\":[{\"@type\":\"SearchAction\",\"target\":{\"@type\":\"EntryPoint\",\"urlTemplate\":\"https:\/\/cidecorporate.com\/?s={search_term_string}\"},\"query-input\":{\"@type\":\"PropertyValueSpecification\",\"valueRequired\":true,\"valueName\":\"search_term_string\"}}],\"inLanguage\":\"en-GB\"},{\"@type\":\"Organization\",\"@id\":\"https:\/\/cidecorporate.com\/#organization\",\"name\":\"CIDE\",\"url\":\"https:\/\/cidecorporate.com\/\",\"logo\":{\"@type\":\"ImageObject\",\"inLanguage\":\"en-GB\",\"@id\":\"https:\/\/cidecorporate.com\/#\/schema\/logo\/image\/\",\"url\":\"https:\/\/cidecorporate.com\/wp-content\/uploads\/2025\/08\/cide.png\",\"contentUrl\":\"https:\/\/cidecorporate.com\/wp-content\/uploads\/2025\/08\/cide.png\",\"width\":500,\"height\":500,\"caption\":\"CIDE\"},\"image\":{\"@id\":\"https:\/\/cidecorporate.com\/#\/schema\/logo\/image\/\"}}]}<\/script>\n<!-- \/ Yoast SEO plugin. -->","yoast_head_json":{"title":"Aviso legal - CIDE | Innovaci\u00f3n Desarrollo Corporativo y empresarial","robots":{"index":"index","follow":"follow","max-snippet":"max-snippet:-1","max-image-preview":"max-image-preview:large","max-video-preview":"max-video-preview:-1"},"canonical":"https:\/\/cidecorporate.com\/en\/aviso-legal\/","og_locale":"en_GB","og_type":"article","og_title":"Aviso legal - CIDE | Innovaci\u00f3n Desarrollo Corporativo y empresarial","og_description":"AVISO LEGAL DATOS IDENTIFICATIVOS CONDICIONES GENERALES DE USO Con car\u00e1cter general, el Usuario se obliga al cumplimiento de las presentes condiciones y t\u00e9rminos de uso, y obrar siempre conforme a la ley, a las buenascostumbres y a las exigencias de la buena fe, empleando la diligencia adecuada a la naturaleza del servicio del que disfruta,&hellip;&nbsp;Aviso legal","og_url":"https:\/\/cidecorporate.com\/en\/aviso-legal\/","og_site_name":"CIDE | Innovaci\u00f3n Desarrollo Corporativo y empresarial","twitter_card":"summary_large_image","twitter_misc":{"Estimated reading time":"5 minutes"},"schema":{"@context":"https:\/\/schema.org","@graph":[{"@type":"WebPage","@id":"https:\/\/cidecorporate.com\/aviso-legal\/","url":"https:\/\/cidecorporate.com\/aviso-legal\/","name":"Aviso legal - CIDE | Innovaci\u00f3n Desarrollo Corporativo y empresarial","isPartOf":{"@id":"https:\/\/cidecorporate.com\/#website"},"datePublished":"2025-08-14T12:05:25+00:00","breadcrumb":{"@id":"https:\/\/cidecorporate.com\/aviso-legal\/#breadcrumb"},"inLanguage":"en-GB","potentialAction":[{"@type":"ReadAction","target":["https:\/\/cidecorporate.com\/aviso-legal\/"]}]},{"@type":"BreadcrumbList","@id":"https:\/\/cidecorporate.com\/aviso-legal\/#breadcrumb","itemListElement":[{"@type":"ListItem","position":1,"name":"Portada","item":"https:\/\/cidecorporate.com\/"},{"@type":"ListItem","position":2,"name":"Aviso legal"}]},{"@type":"WebSite","@id":"https:\/\/cidecorporate.com\/#website","url":"https:\/\/cidecorporate.com\/","name":"cidecorporate.com","description":"CIDE | Innovaci\u00f3n Desarrollo Corporativo y empresarial","publisher":{"@id":"https:\/\/cidecorporate.com\/#organization"},"potentialAction":[{"@type":"SearchAction","target":{"@type":"EntryPoint","urlTemplate":"https:\/\/cidecorporate.com\/?s={search_term_string}"},"query-input":{"@type":"PropertyValueSpecification","valueRequired":true,"valueName":"search_term_string"}}],"inLanguage":"en-GB"},{"@type":"Organization","@id":"https:\/\/cidecorporate.com\/#organization","name":"CIDE","url":"https:\/\/cidecorporate.com\/","logo":{"@type":"ImageObject","inLanguage":"en-GB","@id":"https:\/\/cidecorporate.com\/#\/schema\/logo\/image\/","url":"https:\/\/cidecorporate.com\/wp-content\/uploads\/2025\/08\/cide.png","contentUrl":"https:\/\/cidecorporate.com\/wp-content\/uploads\/2025\/08\/cide.png","width":500,"height":500,"caption":"CIDE"},"image":{"@id":"https:\/\/cidecorporate.com\/#\/schema\/logo\/image\/"}}]}},"_links":{"self":[{"href":"https:\/\/cidecorporate.com\/en\/wp-json\/wp\/v2\/pages\/503","targetHints":{"allow":["GET"]}}],"collection":[{"href":"https:\/\/cidecorporate.com\/en\/wp-json\/wp\/v2\/pages"}],"about":[{"href":"https:\/\/cidecorporate.com\/en\/wp-json\/wp\/v2\/types\/page"}],"author":[{"embeddable":true,"href":"https:\/\/cidecorporate.com\/en\/wp-json\/wp\/v2\/users\/1"}],"replies":[{"embeddable":true,"href":"https:\/\/cidecorporate.com\/en\/wp-json\/wp\/v2\/comments?post=503"}],"version-history":[{"count":0,"href":"https:\/\/cidecorporate.com\/en\/wp-json\/wp\/v2\/pages\/503\/revisions"}],"wp:attachment":[{"href":"https:\/\/cidecorporate.com\/en\/wp-json\/wp\/v2\/media?parent=503"}],"curies":[{"name":"wp","href":"https:\/\/api.w.org\/{rel}","templated":true}]}}