{"id":510,"date":"2025-08-14T14:51:22","date_gmt":"2025-08-14T14:51:22","guid":{"rendered":"https:\/\/cidecorporate.com\/?page_id=510"},"modified":"2025-08-14T14:51:22","modified_gmt":"2025-08-14T14:51:22","slug":"accesibilidad","status":"publish","type":"page","link":"https:\/\/cidecorporate.com\/en\/accesibilidad\/","title":{"rendered":"Accesibility"},"content":{"rendered":"<h3 class=\"wp-block-heading\"><strong>POL\u00cdTICA DE ACCESIBILIDAD<\/strong><\/h3>\n\n\n\n<div class=\"wp-block-group\" style=\"padding-right:var(--wp--preset--spacing--30);padding-left:var(--wp--preset--spacing--30)\"><div class=\"wp-block-group__inner-container is-layout-constrained wp-container-core-group-is-layout-a68114f4 wp-block-group-is-layout-constrained\">\n<p class=\"has-small-font-size\">CORPORATE DE INNOVACI\u00d3N Y DESARROLLO S.L.\u00a0se ha comprometido a hacer accesible su sitio web de conformidad con el Real Decreto 1112\/2018, de 7 de septiembre, sobre accesibilidad de los sitios web y aplicaciones para dispositivos m\u00f3viles del sector p\u00fablico, o desarrollos financiados desde Europa.<br>La presente declaraci\u00f3n de accesibilidad se aplica al sitio web , excluyendo los contenidos incrustados provenientes de otros dominios.<\/p>\n\n\n\n<h3 class=\"wp-block-heading has-medium-font-size\"><strong>SITUACI\u00d3N DE CUMPLIMIENTO<\/strong><\/h3>\n\n\n\n<p class=\"has-small-font-size\">Este sitio web es Parcialmente Conforme con el RD 1112\/2018 debido a la falta de conformidad de los aspectos que se indican a continuaci\u00f3n.<\/p>\n\n\n\n<h3 class=\"wp-block-heading has-medium-font-size\"><strong>CONTENIDO NO ACCESIBLE<\/strong><\/h3>\n\n\n\n<p class=\"has-small-font-size\">El contenido que se recoge a continuaci\u00f3n no es accesible por los siguientes motivos:<\/p>\n\n\n\n<h4 class=\"wp-block-heading has-medium-font-size\"><strong>Falta de conformidad:<\/strong><\/h4>\n\n\n\n<p class=\"has-small-font-size\">Algunas de las p\u00e1ginas no tienen definido su t\u00edtulo correctamente \u2013 Requisito n\u00famero 9.2.4.2 Titulado de p\u00e1ginas de UNE-EN 301549:2022<br>\u25e6 Pueden existir algunas im\u00e1genes cuya alternativa no est\u00e9 implementada o no sea correcta \u2013 \u2013 Requisito&nbsp;<strong>9.1.1.1 Contenido no textual<\/strong>&nbsp;UNE-EN 301549:2022<br>\u25e6 Pueden existir encabezados que no sean claros o breves, o que no deber\u00edan ser encabezados \u2013 Requisito n\u00famero 9.2.4.6 Encabezados<br>y etiquetas de UNE-EN 301549:2022<br>\u25e6 Puede haber campos de formulario donde su etiqueta no sea correcta o no exista \u2013 Requisito n\u00famero 9.2.5.3 Inclusi\u00f3n de la etiqueta en el nombre de UNE-EN 301549:2022 y requisito 9.3.3.2 Etiquetas o instrucciones de UNE-EN 301549:2022<br>\u25e6 Podr\u00edan existir fallos puntuales de edici\u00f3n en alguna p\u00e1gina web.<br>Carga desproporcionada: No resulta aplicable.<br>El contenido no entra dentro del \u00e1mbito de la legislaci\u00f3n aplicable.\u2022<\/p>\n\n\n\n<p class=\"has-small-font-size\">Podr\u00edan existir archivos ofim\u00e1ticos en PDF u otros formatos publicados antes del 20 de septiembre de 2018 que no cumplan en su totalidad todos los requisitos de accesibilidad.<\/p>\n\n\n\n<p class=\"has-small-font-size\">Puede haber contenidos de terceros que no est\u00e9n desarrollados en esta Unidad, ni bajo su control, como archivos ofim\u00e1ticos de diferentes organismos que deban publicarse en este sitio.<\/p>\n\n\n\n<h4 class=\"wp-block-heading has-medium-font-size\">OBSERVACIONES Y DATOS DE CONTACTO<\/h4>\n\n\n\n<p class=\"has-small-font-size\">Puede realizar comunicaciones sobre requisitos de accesibilidad [art\u00edculo 10.2.a) del RD 1112\/2018] como, por ejemplo:<\/p>\n\n\n\n<p class=\"has-small-font-size\">Informar sobre cualquier posible incumplimiento por parte de este sitio web.<br>Transmitir otras dificultades de acceso al contenido.<br>Formular cualquier otra consulta o sugerencia de mejora relativa a la accesibilidad del sitio web llamando al tel\u00e9fono\u00a0<strong>+34 650 14 24 76<\/strong><\/p>\n\n\n\n<p class=\"has-small-font-size\">Puede presentar:<\/p>\n\n\n\n<ul class=\"wp-block-list has-small-font-size\">\n<li>Una queja relativa al cumplimiento de los requisitos del RD 1112\/2018<\/li>\n\n\n\n<li>Una solicitud de informaci\u00f3n accesible relativa a:<\/li>\n<\/ul>\n\n\n\n<p class=\"has-small-font-size\">\u25e6 Contenidos que est\u00e1n excluidos del \u00e1mbito de aplicaci\u00f3n del RD 1112\/2018 seg\u00fan lo establecido por el art\u00edculo 3, apartado 4.<br>\u25e6 Contenidos que est\u00e1n exentos del cumplimiento de los requisitos de accesibilidad por imponer una carga desproporcionada.<\/p>\n\n\n\n<p class=\"has-small-font-size\">En la solicitud de informaci\u00f3n accesible, se debe concretar, con toda claridad, los hechos, razones y petici\u00f3n que permitan constatar que se trata de una solicitud razonable y leg\u00edtima.<\/p>\n<\/div><\/div>","protected":false},"excerpt":{"rendered":"<p>POL\u00cdTICA DE ACCESIBILIDAD CORPORATE DE INNOVACI\u00d3N Y DESARROLLO S.L.\u00a0se ha comprometido a hacer accesible su sitio web de conformidad con el Real Decreto 1112\/2018, de 7 de septiembre, sobre accesibilidad de los sitios web y aplicaciones para dispositivos m\u00f3viles del sector p\u00fablico, o desarrollos financiados desde Europa.La presente declaraci\u00f3n de accesibilidad se aplica al sitio&hellip;&nbsp;<a href=\"https:\/\/cidecorporate.com\/en\/accesibilidad\/\" rel=\"bookmark\"><span class=\"screen-reader-text\">Accesibility<\/span><\/a><\/p>","protected":false},"author":1,"featured_media":0,"parent":0,"menu_order":0,"comment_status":"closed","ping_status":"closed","template":"","meta":{"neve_meta_sidebar":"","neve_meta_container":"","neve_meta_enable_content_width":"","neve_meta_content_width":0,"neve_meta_title_alignment":"","neve_meta_author_avatar":"","neve_post_elements_order":"","neve_meta_disable_header":"","neve_meta_disable_footer":"","neve_meta_disable_title":"","_themeisle_gutenberg_block_has_review":false,"footnotes":""},"class_list":["post-510","page","type-page","status-publish","hentry"],"yoast_head":"<!-- This site is optimized with the Yoast SEO plugin v25.6 - https:\/\/yoast.com\/wordpress\/plugins\/seo\/ -->\n<title>Accesibilidad - CIDE | Innovaci\u00f3n Desarrollo Corporativo y empresarial<\/title>\n<meta name=\"description\" content=\"CORPORATE DE INNOVACI\u00d3N Y DESARROLLO S.L.\u00a0se ha comprometido a hacer accesible su sitio web de conformidad con el Real Decreto 1112\/2018\" \/>\n<meta name=\"robots\" content=\"index, follow, max-snippet:-1, max-image-preview:large, max-video-preview:-1\" \/>\n<link rel=\"canonical\" href=\"https:\/\/cidecorporate.com\/en\/accesibilidad\/\" \/>\n<meta property=\"og:locale\" content=\"en_GB\" \/>\n<meta property=\"og:type\" content=\"article\" \/>\n<meta property=\"og:title\" content=\"Accesibilidad - CIDE | Innovaci\u00f3n Desarrollo Corporativo y empresarial\" \/>\n<meta property=\"og:description\" content=\"CORPORATE DE INNOVACI\u00d3N Y DESARROLLO S.L.\u00a0se ha comprometido a hacer accesible su sitio web de conformidad con el Real Decreto 1112\/2018\" \/>\n<meta property=\"og:url\" content=\"https:\/\/cidecorporate.com\/en\/accesibilidad\/\" \/>\n<meta property=\"og:site_name\" content=\"CIDE | Innovaci\u00f3n Desarrollo Corporativo y empresarial\" \/>\n<meta name=\"twitter:card\" content=\"summary_large_image\" \/>\n<meta name=\"twitter:label1\" content=\"Estimated reading time\" \/>\n\t<meta name=\"twitter:data1\" content=\"3 minutes\" \/>\n<script type=\"application\/ld+json\" class=\"yoast-schema-graph\">{\"@context\":\"https:\/\/schema.org\",\"@graph\":[{\"@type\":\"WebPage\",\"@id\":\"https:\/\/cidecorporate.com\/en\/accesibilidad\/\",\"url\":\"https:\/\/cidecorporate.com\/en\/accesibilidad\/\",\"name\":\"Accesibilidad - CIDE | Innovaci\u00f3n Desarrollo Corporativo y empresarial\",\"isPartOf\":{\"@id\":\"https:\/\/cidecorporate.com\/#website\"},\"datePublished\":\"2025-08-14T14:51:22+00:00\",\"description\":\"CORPORATE DE INNOVACI\u00d3N Y DESARROLLO S.L.\u00a0se ha comprometido a hacer accesible su sitio web de conformidad con el Real Decreto 1112\/2018\",\"breadcrumb\":{\"@id\":\"https:\/\/cidecorporate.com\/en\/accesibilidad\/#breadcrumb\"},\"inLanguage\":\"en-GB\",\"potentialAction\":[{\"@type\":\"ReadAction\",\"target\":[\"https:\/\/cidecorporate.com\/en\/accesibilidad\/\"]}]},{\"@type\":\"BreadcrumbList\",\"@id\":\"https:\/\/cidecorporate.com\/en\/accesibilidad\/#breadcrumb\",\"itemListElement\":[{\"@type\":\"ListItem\",\"position\":1,\"name\":\"Portada\",\"item\":\"https:\/\/cidecorporate.com\/\"},{\"@type\":\"ListItem\",\"position\":2,\"name\":\"Accesibilidad\"}]},{\"@type\":\"WebSite\",\"@id\":\"https:\/\/cidecorporate.com\/#website\",\"url\":\"https:\/\/cidecorporate.com\/\",\"name\":\"cidecorporate.com\",\"description\":\"CIDE | Innovaci\u00f3n Desarrollo Corporativo y empresarial\",\"publisher\":{\"@id\":\"https:\/\/cidecorporate.com\/#organization\"},\"potentialAction\":[{\"@type\":\"SearchAction\",\"target\":{\"@type\":\"EntryPoint\",\"urlTemplate\":\"https:\/\/cidecorporate.com\/?s={search_term_string}\"},\"query-input\":{\"@type\":\"PropertyValueSpecification\",\"valueRequired\":true,\"valueName\":\"search_term_string\"}}],\"inLanguage\":\"en-GB\"},{\"@type\":\"Organization\",\"@id\":\"https:\/\/cidecorporate.com\/#organization\",\"name\":\"CIDE\",\"url\":\"https:\/\/cidecorporate.com\/\",\"logo\":{\"@type\":\"ImageObject\",\"inLanguage\":\"en-GB\",\"@id\":\"https:\/\/cidecorporate.com\/#\/schema\/logo\/image\/\",\"url\":\"https:\/\/cidecorporate.com\/wp-content\/uploads\/2025\/08\/cide.png\",\"contentUrl\":\"https:\/\/cidecorporate.com\/wp-content\/uploads\/2025\/08\/cide.png\",\"width\":500,\"height\":500,\"caption\":\"CIDE\"},\"image\":{\"@id\":\"https:\/\/cidecorporate.com\/#\/schema\/logo\/image\/\"}}]}<\/script>\n<!-- \/ Yoast SEO plugin. -->","yoast_head_json":{"title":"Accesibilidad - CIDE | Innovaci\u00f3n Desarrollo Corporativo y empresarial","description":"CORPORATE DE INNOVACI\u00d3N Y DESARROLLO S.L.\u00a0se ha comprometido a hacer accesible su sitio web de conformidad con el Real Decreto 1112\/2018","robots":{"index":"index","follow":"follow","max-snippet":"max-snippet:-1","max-image-preview":"max-image-preview:large","max-video-preview":"max-video-preview:-1"},"canonical":"https:\/\/cidecorporate.com\/en\/accesibilidad\/","og_locale":"en_GB","og_type":"article","og_title":"Accesibilidad - CIDE | Innovaci\u00f3n Desarrollo Corporativo y empresarial","og_description":"CORPORATE DE INNOVACI\u00d3N Y DESARROLLO S.L.\u00a0se ha comprometido a hacer accesible su sitio web de conformidad con el Real Decreto 1112\/2018","og_url":"https:\/\/cidecorporate.com\/en\/accesibilidad\/","og_site_name":"CIDE | Innovaci\u00f3n Desarrollo Corporativo y empresarial","twitter_card":"summary_large_image","twitter_misc":{"Estimated reading time":"3 minutes"},"schema":{"@context":"https:\/\/schema.org","@graph":[{"@type":"WebPage","@id":"https:\/\/cidecorporate.com\/en\/accesibilidad\/","url":"https:\/\/cidecorporate.com\/en\/accesibilidad\/","name":"Accesibilidad - CIDE | Innovaci\u00f3n Desarrollo Corporativo y empresarial","isPartOf":{"@id":"https:\/\/cidecorporate.com\/#website"},"datePublished":"2025-08-14T14:51:22+00:00","description":"CORPORATE DE INNOVACI\u00d3N Y DESARROLLO S.L.\u00a0se ha comprometido a hacer accesible su sitio web de conformidad con el Real Decreto 1112\/2018","breadcrumb":{"@id":"https:\/\/cidecorporate.com\/en\/accesibilidad\/#breadcrumb"},"inLanguage":"en-GB","potentialAction":[{"@type":"ReadAction","target":["https:\/\/cidecorporate.com\/en\/accesibilidad\/"]}]},{"@type":"BreadcrumbList","@id":"https:\/\/cidecorporate.com\/en\/accesibilidad\/#breadcrumb","itemListElement":[{"@type":"ListItem","position":1,"name":"Portada","item":"https:\/\/cidecorporate.com\/"},{"@type":"ListItem","position":2,"name":"Accesibilidad"}]},{"@type":"WebSite","@id":"https:\/\/cidecorporate.com\/#website","url":"https:\/\/cidecorporate.com\/","name":"cidecorporate.com","description":"CIDE | Innovaci\u00f3n Desarrollo Corporativo y empresarial","publisher":{"@id":"https:\/\/cidecorporate.com\/#organization"},"potentialAction":[{"@type":"SearchAction","target":{"@type":"EntryPoint","urlTemplate":"https:\/\/cidecorporate.com\/?s={search_term_string}"},"query-input":{"@type":"PropertyValueSpecification","valueRequired":true,"valueName":"search_term_string"}}],"inLanguage":"en-GB"},{"@type":"Organization","@id":"https:\/\/cidecorporate.com\/#organization","name":"CIDE","url":"https:\/\/cidecorporate.com\/","logo":{"@type":"ImageObject","inLanguage":"en-GB","@id":"https:\/\/cidecorporate.com\/#\/schema\/logo\/image\/","url":"https:\/\/cidecorporate.com\/wp-content\/uploads\/2025\/08\/cide.png","contentUrl":"https:\/\/cidecorporate.com\/wp-content\/uploads\/2025\/08\/cide.png","width":500,"height":500,"caption":"CIDE"},"image":{"@id":"https:\/\/cidecorporate.com\/#\/schema\/logo\/image\/"}}]}},"_links":{"self":[{"href":"https:\/\/cidecorporate.com\/en\/wp-json\/wp\/v2\/pages\/510","targetHints":{"allow":["GET"]}}],"collection":[{"href":"https:\/\/cidecorporate.com\/en\/wp-json\/wp\/v2\/pages"}],"about":[{"href":"https:\/\/cidecorporate.com\/en\/wp-json\/wp\/v2\/types\/page"}],"author":[{"embeddable":true,"href":"https:\/\/cidecorporate.com\/en\/wp-json\/wp\/v2\/users\/1"}],"replies":[{"embeddable":true,"href":"https:\/\/cidecorporate.com\/en\/wp-json\/wp\/v2\/comments?post=510"}],"version-history":[{"count":0,"href":"https:\/\/cidecorporate.com\/en\/wp-json\/wp\/v2\/pages\/510\/revisions"}],"wp:attachment":[{"href":"https:\/\/cidecorporate.com\/en\/wp-json\/wp\/v2\/media?parent=510"}],"curies":[{"name":"wp","href":"https:\/\/api.w.org\/{rel}","templated":true}]}}