{"id":573,"date":"2025-09-18T07:02:49","date_gmt":"2025-09-18T07:02:49","guid":{"rendered":"https:\/\/cidecorporate.com\/?page_id=573"},"modified":"2025-09-19T06:32:07","modified_gmt":"2025-09-19T06:32:07","slug":"soluciones-corporativas-innovadoras","status":"publish","type":"page","link":"https:\/\/cidecorporate.com\/en\/soluciones-corporativas-innovadoras\/","title":{"rendered":"Solutions"},"content":{"rendered":"<div class=\"wp-block-cover alignfull\" style=\"min-height:300px;aspect-ratio:unset;\"><img loading=\"lazy\" decoding=\"async\" width=\"1600\" height=\"1066\" class=\"wp-block-cover__image-background wp-image-736 size-full\" alt=\"soluciones\" src=\"https:\/\/cidecorporate.com\/wp-content\/uploads\/2025\/09\/cidecorporate-5-2.webp\" data-object-fit=\"cover\" srcset=\"https:\/\/cidecorporate.com\/wp-content\/uploads\/2025\/09\/cidecorporate-5-2.webp 1600w, https:\/\/cidecorporate.com\/wp-content\/uploads\/2025\/09\/cidecorporate-5-2-300x200.webp 300w, https:\/\/cidecorporate.com\/wp-content\/uploads\/2025\/09\/cidecorporate-5-2-1024x682.webp 1024w, https:\/\/cidecorporate.com\/wp-content\/uploads\/2025\/09\/cidecorporate-5-2-768x512.webp 768w, https:\/\/cidecorporate.com\/wp-content\/uploads\/2025\/09\/cidecorporate-5-2-1536x1023.webp 1536w, https:\/\/cidecorporate.com\/wp-content\/uploads\/2025\/09\/cidecorporate-5-2-18x12.webp 18w, https:\/\/cidecorporate.com\/wp-content\/uploads\/2025\/09\/cidecorporate-5-2-930x620.webp 930w\" sizes=\"auto, (max-width: 1600px) 100vw, 1600px\" \/><span aria-hidden=\"true\" class=\"wp-block-cover__background has-neve-link-hover-color-background-color has-background-dim-60 has-background-dim\"><\/span><div class=\"wp-block-cover__inner-container is-layout-flow wp-block-cover-is-layout-flow\">\n<div style=\"height:120px\" aria-hidden=\"true\" class=\"wp-block-spacer\"><\/div>\n\n\n\n<div class=\"wp-block-group\" style=\"padding-right:var(--wp--preset--spacing--30);padding-left:var(--wp--preset--spacing--30)\"><div class=\"wp-block-group__inner-container is-layout-flow wp-block-group-is-layout-flow\">\n<h1 class=\"wp-block-heading has-text-align-center has-text-align-left has-nv-text-dark-bg-color has-text-color has-link-color wp-elements-63e853760d35caf69ff9830f36f0dd40\" style=\"font-size:34px\"><strong><strong>INNOVATIVE CUSTOMIZED CORPORATE SOLUTIONS FOR SMALL AND MEDIUM-SIZED ENTERPRISES.<\/strong><\/strong><\/h1>\n\n\n\n<div style=\"height:20px\" aria-hidden=\"true\" class=\"wp-block-spacer\"><\/div>\n\n\n\n<h2 class=\"wp-block-heading has-medium-font-size\"><strong>Strategic Corporate Development | Projects with innovative, customized corporate solutions for small and medium-sized industrial companies, service companies, and public sector entities. Operating since 2002.<\/strong><\/h2>\n<\/div><\/div>\n\n\n\n<div style=\"height:120px\" aria-hidden=\"true\" class=\"wp-block-spacer\"><\/div>\n<\/div><\/div>\n\n\n\n<div class=\"wp-block-cover alignfull\" style=\"min-height:600px;aspect-ratio:unset;\"><span aria-hidden=\"true\" class=\"wp-block-cover__background has-nv-site-bg-background-color has-background-dim-100 has-background-dim\"><\/span><div class=\"wp-block-cover__inner-container is-layout-flow wp-block-cover-is-layout-flow\">\n<div class=\"wp-block-group\"><div class=\"wp-block-group__inner-container is-layout-flow wp-block-group-is-layout-flow\">\n<div style=\"height:80px\" aria-hidden=\"true\" class=\"wp-block-spacer\"><\/div>\n\n\n\n<div class=\"wp-block-columns is-layout-flex wp-container-core-columns-is-layout-9d6595d7 wp-block-columns-is-layout-flex\">\n<div class=\"wp-block-column is-vertically-aligned-top is-layout-flow wp-block-column-is-layout-flow\" style=\"padding-right:var(--wp--preset--spacing--30);padding-left:var(--wp--preset--spacing--30);flex-basis:50%\">\n<figure class=\"wp-block-image size-large\"><img loading=\"lazy\" decoding=\"async\" width=\"600\" height=\"600\" src=\"https:\/\/cidecorporate.com\/wp-content\/uploads\/2020\/01\/neve-web-design-bg-09.jpg\" alt=\"Desarrollo Corporativo Estrat\u00e9gico\" class=\"wp-image-36\" srcset=\"https:\/\/cidecorporate.com\/wp-content\/uploads\/2020\/01\/neve-web-design-bg-09.jpg 600w, https:\/\/cidecorporate.com\/wp-content\/uploads\/2020\/01\/neve-web-design-bg-09-300x300.jpg 300w, https:\/\/cidecorporate.com\/wp-content\/uploads\/2020\/01\/neve-web-design-bg-09-150x150.jpg 150w\" sizes=\"auto, (max-width: 600px) 100vw, 600px\" \/><\/figure>\n\n\n\n<div style=\"height:60px\" aria-hidden=\"true\" class=\"wp-block-spacer\"><\/div>\n\n\n\n<h3 class=\"wp-block-heading has-text-align-left has-neve-text-color-color has-text-color\"><strong><strong>Strategic Planning, Growth-Diversification and Innovation for SMEs<\/strong><\/strong><\/h3>\n\n\n\n<p class=\"has-text-align-left has-neve-text-color-color has-text-color\" style=\"font-size:14px\">CIDE designs customized projects for small and medium-sized enterprises seeking to improve their competitiveness through systematic and effective strategic planning. Our methodology begins with comprehensive assessments to identify opportunities for innovation and growth in digital transformation, innovation management, and diversification strategies.<\/p>\n\n\n\n<div class=\"wp-block-buttons is-content-justification-center is-layout-flex wp-container-core-buttons-is-layout-16018d1d wp-block-buttons-is-layout-flex\">\n<div class=\"wp-block-button is-style-primary\"><a class=\"wp-block-button__link wp-element-button\" href=\"https:\/\/cidecorporate.com\/en\/planificacion-estrategica\/\">Learn More<\/a><\/div>\n<\/div>\n\n\n\n<div style=\"height:40px\" aria-hidden=\"true\" class=\"wp-block-spacer\"><\/div>\n<\/div>\n\n\n\n<div class=\"wp-block-column is-vertically-aligned-top is-layout-flow wp-block-column-is-layout-flow\" style=\"padding-right:var(--wp--preset--spacing--30);padding-left:var(--wp--preset--spacing--30);flex-basis:50%\">\n<figure class=\"wp-block-image size-large\"><img loading=\"lazy\" decoding=\"async\" width=\"600\" height=\"600\" src=\"https:\/\/cidecorporate.com\/wp-content\/uploads\/2020\/01\/neve-web-design-bg-15.jpg\" alt=\"Desarrollo Corporativo Estrat\u00e9gico\" class=\"wp-image-42\" srcset=\"https:\/\/cidecorporate.com\/wp-content\/uploads\/2020\/01\/neve-web-design-bg-15.jpg 600w, https:\/\/cidecorporate.com\/wp-content\/uploads\/2020\/01\/neve-web-design-bg-15-300x300.jpg 300w, https:\/\/cidecorporate.com\/wp-content\/uploads\/2020\/01\/neve-web-design-bg-15-150x150.jpg 150w\" sizes=\"auto, (max-width: 600px) 100vw, 600px\" \/><\/figure>\n\n\n\n<div style=\"height:60px\" aria-hidden=\"true\" class=\"wp-block-spacer\"><\/div>\n\n\n\n<h3 class=\"wp-block-heading has-text-align-left has-neve-text-color-color has-text-color\"><strong><strong>Finance Corporate Integral, Controlling y M&amp;A | CFO as a service<\/strong><\/strong><\/h3>\n\n\n\n<p class=\"has-text-align-left has-neve-text-color-color has-text-color\" style=\"font-size:14px\">At CIDE, we offer a comprehensive service that combines outsourced financial management with controlling solutions for small and medium-sized enterprises. We provide strategic vision, advanced analysis, and digital systems that optimize decision-making, improve profitability, and ensure business sustainability.<\/p>\n\n\n\n<div class=\"wp-block-buttons is-content-justification-center is-layout-flex wp-container-core-buttons-is-layout-16018d1d wp-block-buttons-is-layout-flex\">\n<div class=\"wp-block-button is-style-primary\"><a class=\"wp-block-button__link wp-element-button\" href=\"https:\/\/cidecorporate.com\/en\/cfo\/\">Learn More<\/a><\/div>\n<\/div>\n\n\n\n<div style=\"height:40px\" aria-hidden=\"true\" class=\"wp-block-spacer\"><\/div>\n<\/div>\n<\/div>\n\n\n\n<div style=\"height:40px\" aria-hidden=\"true\" class=\"wp-block-spacer\"><\/div>\n<\/div><\/div>\n<\/div><\/div>\n\n\n\n<div class=\"wp-block-cover alignfull\" style=\"min-height:600px;aspect-ratio:unset;\"><span aria-hidden=\"true\" class=\"wp-block-cover__background has-nv-light-bg-background-color has-background-dim-100 has-background-dim\"><\/span><div class=\"wp-block-cover__inner-container is-layout-flow wp-block-cover-is-layout-flow\">\n<div class=\"wp-block-group\"><div class=\"wp-block-group__inner-container is-layout-flow wp-block-group-is-layout-flow\">\n<div style=\"height:80px\" aria-hidden=\"true\" class=\"wp-block-spacer\"><\/div>\n\n\n\n<div class=\"wp-block-columns is-layout-flex wp-container-core-columns-is-layout-9d6595d7 wp-block-columns-is-layout-flex\">\n<div class=\"wp-block-column is-vertically-aligned-top is-layout-flow wp-block-column-is-layout-flow\" style=\"padding-right:var(--wp--preset--spacing--30);padding-left:var(--wp--preset--spacing--30);flex-basis:50%\">\n<figure class=\"wp-block-image size-large\"><img loading=\"lazy\" decoding=\"async\" width=\"600\" height=\"600\" src=\"https:\/\/cidecorporate.com\/wp-content\/uploads\/2020\/01\/neve-web-design-bg-10.jpg\" alt=\"Desarrollo Corporativo Estrat\u00e9gico\" class=\"wp-image-37\" srcset=\"https:\/\/cidecorporate.com\/wp-content\/uploads\/2020\/01\/neve-web-design-bg-10.jpg 600w, https:\/\/cidecorporate.com\/wp-content\/uploads\/2020\/01\/neve-web-design-bg-10-300x300.jpg 300w, https:\/\/cidecorporate.com\/wp-content\/uploads\/2020\/01\/neve-web-design-bg-10-150x150.jpg 150w\" sizes=\"auto, (max-width: 600px) 100vw, 600px\" \/><\/figure>\n\n\n\n<div style=\"height:60px\" aria-hidden=\"true\" class=\"wp-block-spacer\"><\/div>\n\n\n\n<h3 class=\"wp-block-heading has-text-align-left has-neve-text-color-color has-text-color\"><strong><strong><strong>Interim Management | Temporary Management for SMEs at Key Moments<\/strong><\/strong><\/strong><\/h3>\n\n\n\n<p class=\"has-text-align-left has-neve-text-color-color has-text-color\" style=\"font-size:14px\">CIDE offers interim management as a temporary executive solution to fill critical vacancies, lead strategic changes, restructurings, and digital or cultural transformation processes. We provide expert leadership and continuity with measurable results in short timeframes.<\/p>\n\n\n\n<div class=\"wp-block-buttons is-content-justification-center is-layout-flex wp-container-core-buttons-is-layout-16018d1d wp-block-buttons-is-layout-flex\">\n<div class=\"wp-block-button is-style-primary\"><a class=\"wp-block-button__link wp-element-button\" href=\"https:\/\/cidecorporate.com\/en\/interim-management\/\">Learn More<\/a><\/div>\n<\/div>\n\n\n\n<div style=\"height:40px\" aria-hidden=\"true\" class=\"wp-block-spacer\"><\/div>\n<\/div>\n\n\n\n<div class=\"wp-block-column is-vertically-aligned-top is-layout-flow wp-block-column-is-layout-flow\" style=\"padding-right:var(--wp--preset--spacing--30);padding-left:var(--wp--preset--spacing--30);flex-basis:50%\">\n<figure class=\"wp-block-image size-large\"><img loading=\"lazy\" decoding=\"async\" width=\"600\" height=\"600\" src=\"https:\/\/cidecorporate.com\/wp-content\/uploads\/2020\/01\/neve-web-design-bg-13.jpg\" alt=\"Desarrollo Corporativo Estrat\u00e9gico\" class=\"wp-image-40\" srcset=\"https:\/\/cidecorporate.com\/wp-content\/uploads\/2020\/01\/neve-web-design-bg-13.jpg 600w, https:\/\/cidecorporate.com\/wp-content\/uploads\/2020\/01\/neve-web-design-bg-13-300x300.jpg 300w, https:\/\/cidecorporate.com\/wp-content\/uploads\/2020\/01\/neve-web-design-bg-13-150x150.jpg 150w\" sizes=\"auto, (max-width: 600px) 100vw, 600px\" \/><\/figure>\n\n\n\n<div style=\"height:60px\" aria-hidden=\"true\" class=\"wp-block-spacer\"><\/div>\n\n\n\n<h3 class=\"wp-block-heading has-text-align-left has-neve-text-color-color has-text-color\"><strong><strong>External Advisors | Strategic Consulting for SMEs<\/strong><\/strong><\/h3>\n\n\n\n<p class=\"has-text-align-left has-neve-text-color-color has-text-color\" style=\"font-size:14px\">Our external advisors bring an independent and technical perspective that enhances the strategy and management of small and medium-sized enterprises. They act as senior experts with experience in the sector, supporting growth and consolidation phases with proactive advice and ongoing monitoring.<\/p>\n\n\n\n<div class=\"wp-block-buttons is-content-justification-center is-layout-flex wp-container-core-buttons-is-layout-16018d1d wp-block-buttons-is-layout-flex\">\n<div class=\"wp-block-button is-style-primary\"><a class=\"wp-block-button__link wp-element-button\" href=\"https:\/\/cidecorporate.com\/en\/consejeros-externos\/\">Learn More<\/a><\/div>\n<\/div>\n\n\n\n<div style=\"height:40px\" aria-hidden=\"true\" class=\"wp-block-spacer\"><\/div>\n<\/div>\n<\/div>\n\n\n\n<div style=\"height:40px\" aria-hidden=\"true\" class=\"wp-block-spacer\"><\/div>\n<\/div><\/div>\n<\/div><\/div>\n\n\n\n<div class=\"wp-block-cover alignfull\" style=\"min-height:600px;aspect-ratio:unset;\"><span aria-hidden=\"true\" class=\"wp-block-cover__background has-nv-site-bg-background-color has-background-dim-100 has-background-dim\"><\/span><div class=\"wp-block-cover__inner-container is-layout-flow wp-block-cover-is-layout-flow\">\n<div class=\"wp-block-group\"><div class=\"wp-block-group__inner-container is-layout-flow wp-block-group-is-layout-flow\">\n<div style=\"height:80px\" aria-hidden=\"true\" class=\"wp-block-spacer\"><\/div>\n\n\n\n<div class=\"wp-block-columns is-layout-flex wp-container-core-columns-is-layout-9d6595d7 wp-block-columns-is-layout-flex\">\n<div class=\"wp-block-column is-vertically-aligned-top is-layout-flow wp-block-column-is-layout-flow\" style=\"padding-right:var(--wp--preset--spacing--30);padding-left:var(--wp--preset--spacing--30);flex-basis:50%\">\n<figure class=\"wp-block-image size-full\"><img loading=\"lazy\" decoding=\"async\" width=\"600\" height=\"600\" src=\"https:\/\/cidecorporate.com\/wp-content\/uploads\/2020\/01\/neve-web-design-bg-11.jpg\" alt=\"\" class=\"wp-image-38\" srcset=\"https:\/\/cidecorporate.com\/wp-content\/uploads\/2020\/01\/neve-web-design-bg-11.jpg 600w, https:\/\/cidecorporate.com\/wp-content\/uploads\/2020\/01\/neve-web-design-bg-11-300x300.jpg 300w, https:\/\/cidecorporate.com\/wp-content\/uploads\/2020\/01\/neve-web-design-bg-11-150x150.jpg 150w\" sizes=\"auto, (max-width: 600px) 100vw, 600px\" \/><\/figure>\n\n\n\n<div style=\"height:60px\" aria-hidden=\"true\" class=\"wp-block-spacer\"><\/div>\n\n\n\n<h3 class=\"wp-block-heading has-text-align-left has-neve-text-color-color has-text-color\"><strong><strong><strong>Services for Startups | Solutions for Entrepreneurs<\/strong><\/strong><\/strong><\/h3>\n\n\n\n<p class=\"has-text-align-left has-neve-text-color-color has-text-color\" style=\"font-size:14px\">Our experience of more than 15 years in entrepreneurship and business acceleration allows us to support startups and entrepreneurs from the initial phases of their projects to transform ideas into scalable and sustainable businesses.<\/p>\n\n\n\n<div class=\"wp-block-buttons is-content-justification-center is-layout-flex wp-container-core-buttons-is-layout-16018d1d wp-block-buttons-is-layout-flex\">\n<div class=\"wp-block-button is-style-primary\"><a class=\"wp-block-button__link wp-element-button\" href=\"https:\/\/cidecorporate.com\/en\/startups\/\">Learn More<\/a><\/div>\n<\/div>\n\n\n\n<div style=\"height:40px\" aria-hidden=\"true\" class=\"wp-block-spacer\"><\/div>\n<\/div>\n<\/div>\n<\/div><\/div>\n<\/div><\/div>","protected":false},"excerpt":{"rendered":"","protected":false},"author":1,"featured_media":0,"parent":0,"menu_order":0,"comment_status":"closed","ping_status":"closed","template":"","meta":{"neve_meta_sidebar":"full-width","neve_meta_container":"","neve_meta_enable_content_width":"on","neve_meta_content_width":100,"neve_meta_title_alignment":"","neve_meta_author_avatar":"","neve_post_elements_order":"","neve_meta_disable_header":"","neve_meta_disable_footer":"","neve_meta_disable_title":"on","_themeisle_gutenberg_block_has_review":false,"footnotes":""},"class_list":["post-573","page","type-page","status-publish","hentry"],"yoast_head":"<!-- This site is optimized with the Yoast SEO plugin v25.6 - https:\/\/yoast.com\/wordpress\/plugins\/seo\/ -->\n<title>SOLUCIONES CORPORATIVAS INNOVADORAS<\/title>\n<meta name=\"description\" content=\"SOLUCIONES CORPORATIVAS INNOVADORAS CIDE. Proyectos de innovaci\u00f3n personalizados, CFO externo, planificaci\u00f3n estrat\u00e9gica y servicios M&amp;A\" \/>\n<meta name=\"robots\" content=\"index, follow, max-snippet:-1, max-image-preview:large, max-video-preview:-1\" \/>\n<link rel=\"canonical\" href=\"https:\/\/cidecorporate.com\/en\/soluciones-corporativas-innovadoras\/\" \/>\n<meta property=\"og:locale\" content=\"en_GB\" \/>\n<meta property=\"og:type\" content=\"article\" \/>\n<meta property=\"og:title\" content=\"SOLUCIONES CORPORATIVAS INNOVADORAS\" \/>\n<meta property=\"og:description\" content=\"SOLUCIONES CORPORATIVAS INNOVADORAS CIDE. Proyectos de innovaci\u00f3n personalizados, CFO externo, planificaci\u00f3n estrat\u00e9gica y servicios M&amp;A\" \/>\n<meta property=\"og:url\" content=\"https:\/\/cidecorporate.com\/en\/soluciones-corporativas-innovadoras\/\" \/>\n<meta property=\"og:site_name\" content=\"CIDE | Innovaci\u00f3n Desarrollo Corporativo y empresarial\" \/>\n<meta property=\"article:modified_time\" content=\"2025-09-19T06:32:07+00:00\" \/>\n<meta property=\"og:image\" content=\"https:\/\/cidecorporate.com\/wp-content\/uploads\/2025\/09\/cidecorporate-5-2.webp\" \/>\n\t<meta property=\"og:image:width\" content=\"1600\" \/>\n\t<meta property=\"og:image:height\" content=\"1066\" \/>\n\t<meta property=\"og:image:type\" content=\"image\/jpeg\" \/>\n<meta name=\"twitter:card\" content=\"summary_large_image\" \/>\n<meta name=\"twitter:label1\" content=\"Estimated reading time\" \/>\n\t<meta name=\"twitter:data1\" content=\"3 minutes\" \/>\n<script type=\"application\/ld+json\" class=\"yoast-schema-graph\">{\"@context\":\"https:\/\/schema.org\",\"@graph\":[{\"@type\":\"WebPage\",\"@id\":\"https:\/\/cidecorporate.com\/soluciones-corporativas-innovadoras\/\",\"url\":\"https:\/\/cidecorporate.com\/soluciones-corporativas-innovadoras\/\",\"name\":\"SOLUCIONES CORPORATIVAS INNOVADORAS\",\"isPartOf\":{\"@id\":\"https:\/\/cidecorporate.com\/#website\"},\"primaryImageOfPage\":{\"@id\":\"https:\/\/cidecorporate.com\/soluciones-corporativas-innovadoras\/#primaryimage\"},\"image\":{\"@id\":\"https:\/\/cidecorporate.com\/soluciones-corporativas-innovadoras\/#primaryimage\"},\"thumbnailUrl\":\"https:\/\/cidecorporate.com\/wp-content\/uploads\/2025\/09\/cidecorporate-5-2.webp\",\"datePublished\":\"2025-09-18T07:02:49+00:00\",\"dateModified\":\"2025-09-19T06:32:07+00:00\",\"description\":\"SOLUCIONES CORPORATIVAS INNOVADORAS CIDE. Proyectos de innovaci\u00f3n personalizados, CFO externo, planificaci\u00f3n estrat\u00e9gica y servicios M&A\",\"breadcrumb\":{\"@id\":\"https:\/\/cidecorporate.com\/soluciones-corporativas-innovadoras\/#breadcrumb\"},\"inLanguage\":\"en-GB\",\"potentialAction\":[{\"@type\":\"ReadAction\",\"target\":[\"https:\/\/cidecorporate.com\/soluciones-corporativas-innovadoras\/\"]}]},{\"@type\":\"ImageObject\",\"inLanguage\":\"en-GB\",\"@id\":\"https:\/\/cidecorporate.com\/soluciones-corporativas-innovadoras\/#primaryimage\",\"url\":\"https:\/\/cidecorporate.com\/wp-content\/uploads\/2025\/09\/cidecorporate-5-2.webp\",\"contentUrl\":\"https:\/\/cidecorporate.com\/wp-content\/uploads\/2025\/09\/cidecorporate-5-2.webp\"},{\"@type\":\"BreadcrumbList\",\"@id\":\"https:\/\/cidecorporate.com\/soluciones-corporativas-innovadoras\/#breadcrumb\",\"itemListElement\":[{\"@type\":\"ListItem\",\"position\":1,\"name\":\"Portada\",\"item\":\"https:\/\/cidecorporate.com\/\"},{\"@type\":\"ListItem\",\"position\":2,\"name\":\"Soluciones\"}]},{\"@type\":\"WebSite\",\"@id\":\"https:\/\/cidecorporate.com\/#website\",\"url\":\"https:\/\/cidecorporate.com\/\",\"name\":\"cidecorporate.com\",\"description\":\"CIDE | Innovaci\u00f3n Desarrollo Corporativo y empresarial\",\"publisher\":{\"@id\":\"https:\/\/cidecorporate.com\/#organization\"},\"potentialAction\":[{\"@type\":\"SearchAction\",\"target\":{\"@type\":\"EntryPoint\",\"urlTemplate\":\"https:\/\/cidecorporate.com\/?s={search_term_string}\"},\"query-input\":{\"@type\":\"PropertyValueSpecification\",\"valueRequired\":true,\"valueName\":\"search_term_string\"}}],\"inLanguage\":\"en-GB\"},{\"@type\":\"Organization\",\"@id\":\"https:\/\/cidecorporate.com\/#organization\",\"name\":\"CIDE\",\"url\":\"https:\/\/cidecorporate.com\/\",\"logo\":{\"@type\":\"ImageObject\",\"inLanguage\":\"en-GB\",\"@id\":\"https:\/\/cidecorporate.com\/#\/schema\/logo\/image\/\",\"url\":\"https:\/\/cidecorporate.com\/wp-content\/uploads\/2025\/08\/cide.png\",\"contentUrl\":\"https:\/\/cidecorporate.com\/wp-content\/uploads\/2025\/08\/cide.png\",\"width\":500,\"height\":500,\"caption\":\"CIDE\"},\"image\":{\"@id\":\"https:\/\/cidecorporate.com\/#\/schema\/logo\/image\/\"}}]}<\/script>\n<!-- \/ Yoast SEO plugin. -->","yoast_head_json":{"title":"SOLUCIONES CORPORATIVAS INNOVADORAS","description":"SOLUCIONES CORPORATIVAS INNOVADORAS CIDE. Proyectos de innovaci\u00f3n personalizados, CFO externo, planificaci\u00f3n estrat\u00e9gica y servicios M&A","robots":{"index":"index","follow":"follow","max-snippet":"max-snippet:-1","max-image-preview":"max-image-preview:large","max-video-preview":"max-video-preview:-1"},"canonical":"https:\/\/cidecorporate.com\/en\/soluciones-corporativas-innovadoras\/","og_locale":"en_GB","og_type":"article","og_title":"SOLUCIONES CORPORATIVAS INNOVADORAS","og_description":"SOLUCIONES CORPORATIVAS INNOVADORAS CIDE. Proyectos de innovaci\u00f3n personalizados, CFO externo, planificaci\u00f3n estrat\u00e9gica y servicios M&A","og_url":"https:\/\/cidecorporate.com\/en\/soluciones-corporativas-innovadoras\/","og_site_name":"CIDE | Innovaci\u00f3n Desarrollo Corporativo y empresarial","article_modified_time":"2025-09-19T06:32:07+00:00","og_image":[{"width":1600,"height":1066,"url":"https:\/\/cidecorporate.com\/wp-content\/uploads\/2025\/09\/cidecorporate-5-2.webp","type":"image\/jpeg"}],"twitter_card":"summary_large_image","twitter_misc":{"Estimated reading time":"3 minutes"},"schema":{"@context":"https:\/\/schema.org","@graph":[{"@type":"WebPage","@id":"https:\/\/cidecorporate.com\/soluciones-corporativas-innovadoras\/","url":"https:\/\/cidecorporate.com\/soluciones-corporativas-innovadoras\/","name":"SOLUCIONES CORPORATIVAS INNOVADORAS","isPartOf":{"@id":"https:\/\/cidecorporate.com\/#website"},"primaryImageOfPage":{"@id":"https:\/\/cidecorporate.com\/soluciones-corporativas-innovadoras\/#primaryimage"},"image":{"@id":"https:\/\/cidecorporate.com\/soluciones-corporativas-innovadoras\/#primaryimage"},"thumbnailUrl":"https:\/\/cidecorporate.com\/wp-content\/uploads\/2025\/09\/cidecorporate-5-2.webp","datePublished":"2025-09-18T07:02:49+00:00","dateModified":"2025-09-19T06:32:07+00:00","description":"SOLUCIONES CORPORATIVAS INNOVADORAS CIDE. Proyectos de innovaci\u00f3n personalizados, CFO externo, planificaci\u00f3n estrat\u00e9gica y servicios M&A","breadcrumb":{"@id":"https:\/\/cidecorporate.com\/soluciones-corporativas-innovadoras\/#breadcrumb"},"inLanguage":"en-GB","potentialAction":[{"@type":"ReadAction","target":["https:\/\/cidecorporate.com\/soluciones-corporativas-innovadoras\/"]}]},{"@type":"ImageObject","inLanguage":"en-GB","@id":"https:\/\/cidecorporate.com\/soluciones-corporativas-innovadoras\/#primaryimage","url":"https:\/\/cidecorporate.com\/wp-content\/uploads\/2025\/09\/cidecorporate-5-2.webp","contentUrl":"https:\/\/cidecorporate.com\/wp-content\/uploads\/2025\/09\/cidecorporate-5-2.webp"},{"@type":"BreadcrumbList","@id":"https:\/\/cidecorporate.com\/soluciones-corporativas-innovadoras\/#breadcrumb","itemListElement":[{"@type":"ListItem","position":1,"name":"Portada","item":"https:\/\/cidecorporate.com\/"},{"@type":"ListItem","position":2,"name":"Soluciones"}]},{"@type":"WebSite","@id":"https:\/\/cidecorporate.com\/#website","url":"https:\/\/cidecorporate.com\/","name":"cidecorporate.com","description":"CIDE | Innovaci\u00f3n Desarrollo Corporativo y empresarial","publisher":{"@id":"https:\/\/cidecorporate.com\/#organization"},"potentialAction":[{"@type":"SearchAction","target":{"@type":"EntryPoint","urlTemplate":"https:\/\/cidecorporate.com\/?s={search_term_string}"},"query-input":{"@type":"PropertyValueSpecification","valueRequired":true,"valueName":"search_term_string"}}],"inLanguage":"en-GB"},{"@type":"Organization","@id":"https:\/\/cidecorporate.com\/#organization","name":"CIDE","url":"https:\/\/cidecorporate.com\/","logo":{"@type":"ImageObject","inLanguage":"en-GB","@id":"https:\/\/cidecorporate.com\/#\/schema\/logo\/image\/","url":"https:\/\/cidecorporate.com\/wp-content\/uploads\/2025\/08\/cide.png","contentUrl":"https:\/\/cidecorporate.com\/wp-content\/uploads\/2025\/08\/cide.png","width":500,"height":500,"caption":"CIDE"},"image":{"@id":"https:\/\/cidecorporate.com\/#\/schema\/logo\/image\/"}}]}},"_links":{"self":[{"href":"https:\/\/cidecorporate.com\/en\/wp-json\/wp\/v2\/pages\/573","targetHints":{"allow":["GET"]}}],"collection":[{"href":"https:\/\/cidecorporate.com\/en\/wp-json\/wp\/v2\/pages"}],"about":[{"href":"https:\/\/cidecorporate.com\/en\/wp-json\/wp\/v2\/types\/page"}],"author":[{"embeddable":true,"href":"https:\/\/cidecorporate.com\/en\/wp-json\/wp\/v2\/users\/1"}],"replies":[{"embeddable":true,"href":"https:\/\/cidecorporate.com\/en\/wp-json\/wp\/v2\/comments?post=573"}],"version-history":[{"count":0,"href":"https:\/\/cidecorporate.com\/en\/wp-json\/wp\/v2\/pages\/573\/revisions"}],"wp:attachment":[{"href":"https:\/\/cidecorporate.com\/en\/wp-json\/wp\/v2\/media?parent=573"}],"curies":[{"name":"wp","href":"https:\/\/api.w.org\/{rel}","templated":true}]}}