{"id":672,"date":"2025-09-18T12:01:57","date_gmt":"2025-09-18T12:01:57","guid":{"rendered":"https:\/\/cidecorporate.com\/?page_id=672"},"modified":"2025-09-19T10:19:09","modified_gmt":"2025-09-19T10:19:09","slug":"interim-management","status":"publish","type":"page","link":"https:\/\/cidecorporate.com\/en\/interim-management\/","title":{"rendered":"Interim Management"},"content":{"rendered":"<div class=\"wp-block-cover alignfull\" style=\"min-height:700px;aspect-ratio:unset;\"><img loading=\"lazy\" decoding=\"async\" width=\"600\" height=\"600\" class=\"wp-block-cover__image-background wp-image-37 size-full\" alt=\"\" src=\"https:\/\/cidecorporate.com\/wp-content\/uploads\/2020\/01\/neve-web-design-bg-10.jpg\" data-object-fit=\"cover\" srcset=\"https:\/\/cidecorporate.com\/wp-content\/uploads\/2020\/01\/neve-web-design-bg-10.jpg 600w, https:\/\/cidecorporate.com\/wp-content\/uploads\/2020\/01\/neve-web-design-bg-10-300x300.jpg 300w, https:\/\/cidecorporate.com\/wp-content\/uploads\/2020\/01\/neve-web-design-bg-10-150x150.jpg 150w\" sizes=\"auto, (max-width: 600px) 100vw, 600px\" \/><span aria-hidden=\"true\" class=\"wp-block-cover__background has-nv-dark-bg-background-color has-background-dim\"><\/span><div class=\"wp-block-cover__inner-container is-layout-flow wp-block-cover-is-layout-flow\">\n<div class=\"wp-block-group\" style=\"padding-right:var(--wp--preset--spacing--40);padding-left:var(--wp--preset--spacing--40)\"><div class=\"wp-block-group__inner-container is-layout-constrained wp-container-core-group-is-layout-8cd669b9 wp-block-group-is-layout-constrained\">\n<div style=\"height:80px\" aria-hidden=\"true\" class=\"wp-block-spacer\"><\/div>\n\n\n\n<h1 class=\"wp-block-heading has-text-align-left\" style=\"font-size:36px\"><strong><strong><strong>Interim Management | Temporary Management for SMEs at Key Moments<\/strong><\/strong><\/strong><\/h1>\n\n\n\n<h2 class=\"wp-block-heading has-text-align-left has-medium-font-size\"><strong>CIDE offers interim management as a temporary executive solution to fill critical vacancies, lead strategic changes, restructurings, and digital or cultural transformation processes. We provide expert leadership and continuity with measurable results in short timeframes.<\/strong><\/h2>\n\n\n\n<div style=\"height:20px\" aria-hidden=\"true\" class=\"wp-block-spacer\"><\/div>\n\n\n\n<div class=\"wp-block-buttons is-horizontal is-content-justification-center is-layout-flex wp-container-core-buttons-is-layout-499968f5 wp-block-buttons-is-layout-flex\">\n<div class=\"wp-block-button is-style-secondary\"><a class=\"wp-block-button__link has-nv-site-bg-color has-text-color has-link-color wp-element-button\" href=\"https:\/\/cidecorporate.com\/en\/contacto-cide-corporate\/\">Contact Us<\/a><\/div>\n<\/div>\n\n\n\n<div style=\"height:100px\" aria-hidden=\"true\" class=\"wp-block-spacer\"><\/div>\n<\/div><\/div>\n<\/div><\/div>\n\n\n\n<div class=\"wp-block-group\" style=\"padding-right:var(--wp--preset--spacing--40);padding-left:var(--wp--preset--spacing--40)\"><div class=\"wp-block-group__inner-container is-layout-constrained wp-container-core-group-is-layout-8cd669b9 wp-block-group-is-layout-constrained\">\n<div style=\"height:80px\" aria-hidden=\"true\" class=\"wp-block-spacer\"><\/div>\n\n\n\n<p style=\"font-size:14px\" class=\"translation-block\">At CIDE, we offer some of our services through interim management, tailored to your company's needs during critical periods, transformations, or strategic challenges. We believe in the power of temporary management expertise as a catalyst for change, continuous improvement, and the security of your key processes.<\/p>\n<\/div><\/div>\n\n\n\n<div style=\"height:80px\" aria-hidden=\"true\" class=\"wp-block-spacer\"><\/div>\n\n\n\n<div class=\"wp-block-cover alignfull\"><img loading=\"lazy\" decoding=\"async\" width=\"1024\" height=\"442\" class=\"wp-block-cover__image-background wp-image-754 size-large\" alt=\"\" src=\"https:\/\/cidecorporate.com\/wp-content\/uploads\/2025\/09\/cidecorporate-2-3-1-1024x442.webp\" data-object-fit=\"cover\" srcset=\"https:\/\/cidecorporate.com\/wp-content\/uploads\/2025\/09\/cidecorporate-2-3-1-1024x442.webp 1024w, https:\/\/cidecorporate.com\/wp-content\/uploads\/2025\/09\/cidecorporate-2-3-1-300x129.webp 300w, https:\/\/cidecorporate.com\/wp-content\/uploads\/2025\/09\/cidecorporate-2-3-1-768x331.webp 768w, https:\/\/cidecorporate.com\/wp-content\/uploads\/2025\/09\/cidecorporate-2-3-1-1536x662.webp 1536w, https:\/\/cidecorporate.com\/wp-content\/uploads\/2025\/09\/cidecorporate-2-3-1-18x8.webp 18w, https:\/\/cidecorporate.com\/wp-content\/uploads\/2025\/09\/cidecorporate-2-3-1.webp 1600w\" sizes=\"auto, (max-width: 1024px) 100vw, 1024px\" \/><span aria-hidden=\"true\" class=\"wp-block-cover__background has-nv-light-bg-background-color has-background-dim-80 has-background-dim\"><\/span><div class=\"wp-block-cover__inner-container is-layout-constrained wp-block-cover-is-layout-constrained\">\n<div style=\"height:80px\" aria-hidden=\"true\" class=\"wp-block-spacer\"><\/div>\n\n\n\n<div class=\"wp-block-group\" style=\"padding-right:var(--wp--preset--spacing--40);padding-left:var(--wp--preset--spacing--40)\"><div class=\"wp-block-group__inner-container is-layout-constrained wp-container-core-group-is-layout-8cd669b9 wp-block-group-is-layout-constrained\">\n<h2 class=\"wp-block-heading has-text-align-center has-neve-text-color-color has-text-color has-link-color wp-elements-fabf7d96163ef5b91e512cfe584dfacc\" style=\"font-size:30px\"><strong><strong><strong>Advantages of Interim Management CIDE<\/strong><\/strong><\/strong><\/h2>\n\n\n\n<div style=\"height:60px\" aria-hidden=\"true\" class=\"wp-block-spacer\"><\/div>\n\n\n\n<div class=\"wp-block-columns is-layout-flex wp-container-core-columns-is-layout-d13b6e79 wp-block-columns-is-layout-flex\" style=\"padding-right:var(--wp--preset--spacing--40);padding-left:var(--wp--preset--spacing--40)\">\n<div class=\"wp-block-column is-layout-flow wp-block-column-is-layout-flow\" style=\"padding-right:var(--wp--preset--spacing--30);padding-left:var(--wp--preset--spacing--30)\">\n<div id=\"wp-block-themeisle-blocks-font-awesome-icons-e8256875\" class=\"wp-block-themeisle-blocks-font-awesome-icons\"><span class=\"wp-block-themeisle-blocks-font-awesome-icons-container\"><i class=\"fas fa-check\"><\/i><\/span><\/div>\n\n\n\n<div style=\"height:10px\" aria-hidden=\"true\" class=\"wp-block-spacer\"><\/div>\n\n\n\n<h3 class=\"wp-block-heading has-text-align-center has-neve-text-color-color has-text-color has-medium-font-size\">Immediate results from the start<\/h3>\n\n\n\n<p class=\"has-text-align-center has-neve-text-color-color has-text-color has-link-color wp-elements-72ab170e96233f2b59642055250ffa56\" style=\"font-size:14px\">We take on complex challenges from day one, with commitment and an external perspective.<\/p>\n\n\n\n<div style=\"height:20px\" aria-hidden=\"true\" class=\"wp-block-spacer\"><\/div>\n<\/div>\n\n\n\n<div class=\"wp-block-column is-layout-flow wp-block-column-is-layout-flow\" style=\"padding-right:var(--wp--preset--spacing--30);padding-left:var(--wp--preset--spacing--30)\">\n<div id=\"wp-block-themeisle-blocks-font-awesome-icons-2750fd59\" class=\"wp-block-themeisle-blocks-font-awesome-icons\"><span class=\"wp-block-themeisle-blocks-font-awesome-icons-container\"><i class=\"fas fa-check\"><\/i><\/span><\/div>\n\n\n\n<div style=\"height:10px\" aria-hidden=\"true\" class=\"wp-block-spacer\"><\/div>\n\n\n\n<h4 class=\"wp-block-heading has-text-align-center has-neve-text-color-color has-text-color has-medium-font-size\"><strong><strong><strong>Cost flexibility depending on project duration<\/strong><\/strong><\/strong><\/h4>\n\n\n\n<p class=\"has-text-align-center has-neve-text-color-color has-text-color has-link-color wp-elements-a5211425e89b04da623bfaa3c6a7febe\" style=\"font-size:14px\">Only for as long as necessary, allowing for maximum profitability and efficiency.<\/p>\n\n\n\n<div style=\"height:20px\" aria-hidden=\"true\" class=\"wp-block-spacer\"><\/div>\n<\/div>\n\n\n\n<div class=\"wp-block-column is-layout-flow wp-block-column-is-layout-flow\">\n<div id=\"wp-block-themeisle-blocks-font-awesome-icons-a1673944\" class=\"wp-block-themeisle-blocks-font-awesome-icons\"><span class=\"wp-block-themeisle-blocks-font-awesome-icons-container\"><i class=\"fas fa-check\"><\/i><\/span><\/div>\n\n\n\n<div style=\"height:10px\" aria-hidden=\"true\" class=\"wp-block-spacer\"><\/div>\n\n\n\n<h3 class=\"wp-block-heading has-text-align-center has-neve-text-color-color has-text-color has-medium-font-size\"><strong><strong><strong><strong>Objective external perspective for strategic decisions<\/strong><\/strong><\/strong><\/strong><\/h3>\n\n\n\n<p class=\"has-text-align-center has-neve-text-color-color has-text-color has-link-color wp-elements-b36f60615e0a021e033370c11c1071ae\" style=\"font-size:14px\">Feasibility studies, risk management, investment analysis and results orientation, with an objective and independent vision.<\/p>\n\n\n\n<div style=\"height:20px\" aria-hidden=\"true\" class=\"wp-block-spacer\"><\/div>\n<\/div>\n\n\n\n<div class=\"wp-block-column is-layout-flow wp-block-column-is-layout-flow\" style=\"padding-right:var(--wp--preset--spacing--30);padding-left:var(--wp--preset--spacing--30)\">\n<div id=\"wp-block-themeisle-blocks-font-awesome-icons-719487af\" class=\"wp-block-themeisle-blocks-font-awesome-icons\"><span class=\"wp-block-themeisle-blocks-font-awesome-icons-container\"><i class=\"fas fa-check\"><\/i><\/span><\/div>\n\n\n\n<div style=\"height:10px\" aria-hidden=\"true\" class=\"wp-block-spacer\"><\/div>\n\n\n\n<h3 class=\"wp-block-heading has-text-align-center has-neve-text-color-color has-text-color has-link-color has-medium-font-size wp-elements-87c5a45c46462a1fcaad33a74745f0bb\">Clear reports and quantifiable results<\/h3>\n\n\n\n<p class=\"has-text-align-center has-neve-text-color-color has-text-color has-link-color wp-elements-769f516db0e23a4873620c661df779e3\" style=\"font-size:14px\">Development of KPIs, cost control, budget monitoring and reporting to management.<\/p>\n\n\n\n<div style=\"height:20px\" aria-hidden=\"true\" class=\"wp-block-spacer\"><\/div>\n<\/div>\n<\/div>\n<\/div><\/div>\n\n\n\n<div style=\"height:20px\" aria-hidden=\"true\" class=\"wp-block-spacer\"><\/div>\n<\/div><\/div>\n\n\n\n<div class=\"wp-block-cover alignfull\" style=\"min-height:300px;aspect-ratio:unset;\"><span aria-hidden=\"true\" class=\"wp-block-cover__background has-nv-dark-bg-background-color has-background-dim-100 has-background-dim\"><\/span><div class=\"wp-block-cover__inner-container is-layout-flow wp-block-cover-is-layout-flow\">\n<div style=\"height:140px\" aria-hidden=\"true\" class=\"wp-block-spacer\"><\/div>\n\n\n\n<h2 class=\"wp-block-heading has-text-align-center has-nv-text-dark-bg-color has-text-color translation-block\"><strong>Ready to Accelerate Your Growth with Us?<\/h2>\n\n\n\n<p class=\"has-text-align-center has-nv-light-bg-color has-text-color has-link-color wp-elements-28d222f1f2c4942e68270dc7ee0b49b7\" style=\"font-size:14px;letter-spacing:0.5px\">Transform your company with CIDE\u2019s proven expertise in strategic corporate development. Contact our specialists today to discuss how our customised innovation projects can drive your industrial, service, or public sector organisation towards sustainable growth and competitive advantage.<\/p>\n\n\n\n<div class=\"wp-block-buttons is-horizontal is-content-justification-center is-layout-flex wp-container-core-buttons-is-layout-499968f5 wp-block-buttons-is-layout-flex\">\n<div class=\"wp-block-button is-style-primary\"><a class=\"wp-block-button__link wp-element-button\" href=\"https:\/\/cidecorporate.com\/en\/contacto-cide-corporate\/\"><strong>Contact CIDE for Excellence in Strategic Corporate Development<\/strong><\/a><\/div>\n<\/div>\n\n\n\n<div style=\"height:140px\" aria-hidden=\"true\" class=\"wp-block-spacer\"><\/div>\n<\/div><\/div>","protected":false},"excerpt":{"rendered":"<p>En CIDE, tenemos la opci\u00f3n de ofrecer parte de nuestros servicios indicados en la modalidad de interim management adaptados a las necesidades de tu empresa en momentos cr\u00edticos, transformaci\u00f3n o ante la presencia de retos estrat\u00e9gicos. Apostamos por la experiencia directiva temporal como catalizador para el cambio, la mejora continua y la seguridad de tus&hellip;&nbsp;<a href=\"https:\/\/cidecorporate.com\/en\/interim-management\/\" rel=\"bookmark\"><span class=\"screen-reader-text\">Interim Management<\/span><\/a><\/p>","protected":false},"author":1,"featured_media":0,"parent":0,"menu_order":0,"comment_status":"closed","ping_status":"closed","template":"","meta":{"neve_meta_sidebar":"default","neve_meta_container":"default","neve_meta_enable_content_width":"on","neve_meta_content_width":100,"neve_meta_title_alignment":"","neve_meta_author_avatar":"","neve_post_elements_order":"","neve_meta_disable_header":"","neve_meta_disable_footer":"","neve_meta_disable_title":"on","_themeisle_gutenberg_block_has_review":false,"footnotes":""},"class_list":["post-672","page","type-page","status-publish","hentry"],"yoast_head":"<!-- This site is optimized with the Yoast SEO plugin v25.6 - https:\/\/yoast.com\/wordpress\/plugins\/seo\/ -->\n<title>Interim Management<\/title>\n<meta name=\"description\" content=\"Interim Management, soluci\u00f3n ejecutiva temporal para cubrir vacantes cr\u00edticas, liderar cambios estrat\u00e9gicos, reestructuraciones\" \/>\n<meta name=\"robots\" content=\"index, follow, max-snippet:-1, max-image-preview:large, max-video-preview:-1\" \/>\n<link rel=\"canonical\" href=\"https:\/\/cidecorporate.com\/en\/interim-management\/\" \/>\n<meta property=\"og:locale\" content=\"en_GB\" \/>\n<meta property=\"og:type\" content=\"article\" \/>\n<meta property=\"og:title\" content=\"Interim Management\" \/>\n<meta property=\"og:description\" content=\"Interim Management, soluci\u00f3n ejecutiva temporal para cubrir vacantes cr\u00edticas, liderar cambios estrat\u00e9gicos, reestructuraciones\" \/>\n<meta property=\"og:url\" content=\"https:\/\/cidecorporate.com\/en\/interim-management\/\" \/>\n<meta property=\"og:site_name\" content=\"CIDE | Innovaci\u00f3n Desarrollo Corporativo y empresarial\" \/>\n<meta property=\"article:modified_time\" content=\"2025-09-19T10:19:09+00:00\" \/>\n<meta property=\"og:image\" content=\"https:\/\/cidecorporate.com\/wp-content\/uploads\/2020\/01\/neve-web-design-bg-10.jpg\" \/>\n\t<meta property=\"og:image:width\" content=\"600\" \/>\n\t<meta property=\"og:image:height\" content=\"600\" \/>\n\t<meta property=\"og:image:type\" content=\"image\/jpeg\" \/>\n<meta name=\"twitter:card\" content=\"summary_large_image\" \/>\n<meta name=\"twitter:label1\" content=\"Estimated reading time\" \/>\n\t<meta name=\"twitter:data1\" content=\"2 minutes\" \/>\n<script type=\"application\/ld+json\" class=\"yoast-schema-graph\">{\"@context\":\"https:\/\/schema.org\",\"@graph\":[{\"@type\":\"WebPage\",\"@id\":\"https:\/\/cidecorporate.com\/interim-management\/\",\"url\":\"https:\/\/cidecorporate.com\/interim-management\/\",\"name\":\"Interim Management\",\"isPartOf\":{\"@id\":\"https:\/\/cidecorporate.com\/#website\"},\"primaryImageOfPage\":{\"@id\":\"https:\/\/cidecorporate.com\/interim-management\/#primaryimage\"},\"image\":{\"@id\":\"https:\/\/cidecorporate.com\/interim-management\/#primaryimage\"},\"thumbnailUrl\":\"https:\/\/cidecorporate.com\/wp-content\/uploads\/2020\/01\/neve-web-design-bg-10.jpg\",\"datePublished\":\"2025-09-18T12:01:57+00:00\",\"dateModified\":\"2025-09-19T10:19:09+00:00\",\"description\":\"Interim Management, soluci\u00f3n ejecutiva temporal para cubrir vacantes cr\u00edticas, liderar cambios estrat\u00e9gicos, reestructuraciones\",\"breadcrumb\":{\"@id\":\"https:\/\/cidecorporate.com\/interim-management\/#breadcrumb\"},\"inLanguage\":\"en-GB\",\"potentialAction\":[{\"@type\":\"ReadAction\",\"target\":[\"https:\/\/cidecorporate.com\/interim-management\/\"]}]},{\"@type\":\"ImageObject\",\"inLanguage\":\"en-GB\",\"@id\":\"https:\/\/cidecorporate.com\/interim-management\/#primaryimage\",\"url\":\"https:\/\/cidecorporate.com\/wp-content\/uploads\/2020\/01\/neve-web-design-bg-10.jpg\",\"contentUrl\":\"https:\/\/cidecorporate.com\/wp-content\/uploads\/2020\/01\/neve-web-design-bg-10.jpg\"},{\"@type\":\"BreadcrumbList\",\"@id\":\"https:\/\/cidecorporate.com\/interim-management\/#breadcrumb\",\"itemListElement\":[{\"@type\":\"ListItem\",\"position\":1,\"name\":\"Portada\",\"item\":\"https:\/\/cidecorporate.com\/\"},{\"@type\":\"ListItem\",\"position\":2,\"name\":\"Interim Management\"}]},{\"@type\":\"WebSite\",\"@id\":\"https:\/\/cidecorporate.com\/#website\",\"url\":\"https:\/\/cidecorporate.com\/\",\"name\":\"cidecorporate.com\",\"description\":\"CIDE | Innovaci\u00f3n Desarrollo Corporativo y empresarial\",\"publisher\":{\"@id\":\"https:\/\/cidecorporate.com\/#organization\"},\"potentialAction\":[{\"@type\":\"SearchAction\",\"target\":{\"@type\":\"EntryPoint\",\"urlTemplate\":\"https:\/\/cidecorporate.com\/?s={search_term_string}\"},\"query-input\":{\"@type\":\"PropertyValueSpecification\",\"valueRequired\":true,\"valueName\":\"search_term_string\"}}],\"inLanguage\":\"en-GB\"},{\"@type\":\"Organization\",\"@id\":\"https:\/\/cidecorporate.com\/#organization\",\"name\":\"CIDE\",\"url\":\"https:\/\/cidecorporate.com\/\",\"logo\":{\"@type\":\"ImageObject\",\"inLanguage\":\"en-GB\",\"@id\":\"https:\/\/cidecorporate.com\/#\/schema\/logo\/image\/\",\"url\":\"https:\/\/cidecorporate.com\/wp-content\/uploads\/2025\/08\/cide.png\",\"contentUrl\":\"https:\/\/cidecorporate.com\/wp-content\/uploads\/2025\/08\/cide.png\",\"width\":500,\"height\":500,\"caption\":\"CIDE\"},\"image\":{\"@id\":\"https:\/\/cidecorporate.com\/#\/schema\/logo\/image\/\"}}]}<\/script>\n<!-- \/ Yoast SEO plugin. -->","yoast_head_json":{"title":"Interim Management","description":"Interim Management, soluci\u00f3n ejecutiva temporal para cubrir vacantes cr\u00edticas, liderar cambios estrat\u00e9gicos, reestructuraciones","robots":{"index":"index","follow":"follow","max-snippet":"max-snippet:-1","max-image-preview":"max-image-preview:large","max-video-preview":"max-video-preview:-1"},"canonical":"https:\/\/cidecorporate.com\/en\/interim-management\/","og_locale":"en_GB","og_type":"article","og_title":"Interim Management","og_description":"Interim Management, soluci\u00f3n ejecutiva temporal para cubrir vacantes cr\u00edticas, liderar cambios estrat\u00e9gicos, reestructuraciones","og_url":"https:\/\/cidecorporate.com\/en\/interim-management\/","og_site_name":"CIDE | Innovaci\u00f3n Desarrollo Corporativo y empresarial","article_modified_time":"2025-09-19T10:19:09+00:00","og_image":[{"width":600,"height":600,"url":"https:\/\/cidecorporate.com\/wp-content\/uploads\/2020\/01\/neve-web-design-bg-10.jpg","type":"image\/jpeg"}],"twitter_card":"summary_large_image","twitter_misc":{"Estimated reading time":"2 minutes"},"schema":{"@context":"https:\/\/schema.org","@graph":[{"@type":"WebPage","@id":"https:\/\/cidecorporate.com\/interim-management\/","url":"https:\/\/cidecorporate.com\/interim-management\/","name":"Interim Management","isPartOf":{"@id":"https:\/\/cidecorporate.com\/#website"},"primaryImageOfPage":{"@id":"https:\/\/cidecorporate.com\/interim-management\/#primaryimage"},"image":{"@id":"https:\/\/cidecorporate.com\/interim-management\/#primaryimage"},"thumbnailUrl":"https:\/\/cidecorporate.com\/wp-content\/uploads\/2020\/01\/neve-web-design-bg-10.jpg","datePublished":"2025-09-18T12:01:57+00:00","dateModified":"2025-09-19T10:19:09+00:00","description":"Interim Management, soluci\u00f3n ejecutiva temporal para cubrir vacantes cr\u00edticas, liderar cambios estrat\u00e9gicos, reestructuraciones","breadcrumb":{"@id":"https:\/\/cidecorporate.com\/interim-management\/#breadcrumb"},"inLanguage":"en-GB","potentialAction":[{"@type":"ReadAction","target":["https:\/\/cidecorporate.com\/interim-management\/"]}]},{"@type":"ImageObject","inLanguage":"en-GB","@id":"https:\/\/cidecorporate.com\/interim-management\/#primaryimage","url":"https:\/\/cidecorporate.com\/wp-content\/uploads\/2020\/01\/neve-web-design-bg-10.jpg","contentUrl":"https:\/\/cidecorporate.com\/wp-content\/uploads\/2020\/01\/neve-web-design-bg-10.jpg"},{"@type":"BreadcrumbList","@id":"https:\/\/cidecorporate.com\/interim-management\/#breadcrumb","itemListElement":[{"@type":"ListItem","position":1,"name":"Portada","item":"https:\/\/cidecorporate.com\/"},{"@type":"ListItem","position":2,"name":"Interim Management"}]},{"@type":"WebSite","@id":"https:\/\/cidecorporate.com\/#website","url":"https:\/\/cidecorporate.com\/","name":"cidecorporate.com","description":"CIDE | Innovaci\u00f3n Desarrollo Corporativo y empresarial","publisher":{"@id":"https:\/\/cidecorporate.com\/#organization"},"potentialAction":[{"@type":"SearchAction","target":{"@type":"EntryPoint","urlTemplate":"https:\/\/cidecorporate.com\/?s={search_term_string}"},"query-input":{"@type":"PropertyValueSpecification","valueRequired":true,"valueName":"search_term_string"}}],"inLanguage":"en-GB"},{"@type":"Organization","@id":"https:\/\/cidecorporate.com\/#organization","name":"CIDE","url":"https:\/\/cidecorporate.com\/","logo":{"@type":"ImageObject","inLanguage":"en-GB","@id":"https:\/\/cidecorporate.com\/#\/schema\/logo\/image\/","url":"https:\/\/cidecorporate.com\/wp-content\/uploads\/2025\/08\/cide.png","contentUrl":"https:\/\/cidecorporate.com\/wp-content\/uploads\/2025\/08\/cide.png","width":500,"height":500,"caption":"CIDE"},"image":{"@id":"https:\/\/cidecorporate.com\/#\/schema\/logo\/image\/"}}]}},"_links":{"self":[{"href":"https:\/\/cidecorporate.com\/en\/wp-json\/wp\/v2\/pages\/672","targetHints":{"allow":["GET"]}}],"collection":[{"href":"https:\/\/cidecorporate.com\/en\/wp-json\/wp\/v2\/pages"}],"about":[{"href":"https:\/\/cidecorporate.com\/en\/wp-json\/wp\/v2\/types\/page"}],"author":[{"embeddable":true,"href":"https:\/\/cidecorporate.com\/en\/wp-json\/wp\/v2\/users\/1"}],"replies":[{"embeddable":true,"href":"https:\/\/cidecorporate.com\/en\/wp-json\/wp\/v2\/comments?post=672"}],"version-history":[{"count":0,"href":"https:\/\/cidecorporate.com\/en\/wp-json\/wp\/v2\/pages\/672\/revisions"}],"wp:attachment":[{"href":"https:\/\/cidecorporate.com\/en\/wp-json\/wp\/v2\/media?parent=672"}],"curies":[{"name":"wp","href":"https:\/\/api.w.org\/{rel}","templated":true}]}}