{"id":682,"date":"2025-09-18T14:28:17","date_gmt":"2025-09-18T14:28:17","guid":{"rendered":"https:\/\/cidecorporate.com\/?page_id=682"},"modified":"2025-09-19T07:19:28","modified_gmt":"2025-09-19T07:19:28","slug":"startups","status":"publish","type":"page","link":"https:\/\/cidecorporate.com\/en\/startups\/","title":{"rendered":"Startups"},"content":{"rendered":"<div class=\"wp-block-cover alignfull\" style=\"min-height:700px;aspect-ratio:unset;\"><img loading=\"lazy\" decoding=\"async\" width=\"600\" height=\"600\" class=\"wp-block-cover__image-background wp-image-38 size-full\" alt=\"startups\" src=\"https:\/\/cidecorporate.com\/wp-content\/uploads\/2020\/01\/neve-web-design-bg-11.jpg\" data-object-fit=\"cover\" srcset=\"https:\/\/cidecorporate.com\/wp-content\/uploads\/2020\/01\/neve-web-design-bg-11.jpg 600w, https:\/\/cidecorporate.com\/wp-content\/uploads\/2020\/01\/neve-web-design-bg-11-300x300.jpg 300w, https:\/\/cidecorporate.com\/wp-content\/uploads\/2020\/01\/neve-web-design-bg-11-150x150.jpg 150w\" sizes=\"auto, (max-width: 600px) 100vw, 600px\" \/><span aria-hidden=\"true\" class=\"wp-block-cover__background has-nv-dark-bg-background-color has-background-dim-60 has-background-dim\"><\/span><div class=\"wp-block-cover__inner-container is-layout-flow wp-block-cover-is-layout-flow\">\n<div class=\"wp-block-group\" style=\"padding-right:var(--wp--preset--spacing--40);padding-left:var(--wp--preset--spacing--40)\"><div class=\"wp-block-group__inner-container is-layout-constrained wp-container-core-group-is-layout-8cd669b9 wp-block-group-is-layout-constrained\">\n<div style=\"height:80px\" aria-hidden=\"true\" class=\"wp-block-spacer\"><\/div>\n\n\n\n<h1 class=\"wp-block-heading has-text-align-left\" style=\"font-size:36px\"><strong><strong><strong>Services for Startups | Solutions for Entrepreneurs<\/strong><\/strong><\/strong><\/h1>\n\n\n\n<h2 class=\"wp-block-heading has-text-align-left has-medium-font-size\"><strong>Our experience of more than 15 years in entrepreneurship and business acceleration allows us to support startups and entrepreneurs from the initial phases of their projects to transform ideas into scalable and sustainable businesses.<\/strong><\/h2>\n\n\n\n<div style=\"height:20px\" aria-hidden=\"true\" class=\"wp-block-spacer\"><\/div>\n\n\n\n<div class=\"wp-block-buttons is-horizontal is-content-justification-center is-layout-flex wp-container-core-buttons-is-layout-499968f5 wp-block-buttons-is-layout-flex\">\n<div class=\"wp-block-button is-style-secondary\"><a class=\"wp-block-button__link has-nv-site-bg-color has-text-color has-link-color wp-element-button\" href=\"https:\/\/cidecorporate.com\/en\/contacto-cide-corporate\/\">Contact Us<\/a><\/div>\n<\/div>\n\n\n\n<div style=\"height:100px\" aria-hidden=\"true\" class=\"wp-block-spacer\"><\/div>\n<\/div><\/div>\n<\/div><\/div>\n\n\n\n<div class=\"wp-block-group\" style=\"padding-right:var(--wp--preset--spacing--40);padding-left:var(--wp--preset--spacing--40)\"><div class=\"wp-block-group__inner-container is-layout-constrained wp-container-core-group-is-layout-8cd669b9 wp-block-group-is-layout-constrained\">\n<div style=\"height:80px\" aria-hidden=\"true\" class=\"wp-block-spacer\"><\/div>\n\n\n\n<h2 class=\"wp-block-heading has-text-align-center\" style=\"font-size:30px\"><strong><strong>Main services<\/strong><\/strong><\/h2>\n<\/div><\/div>\n\n\n\n<div class=\"wp-block-columns is-layout-flex wp-container-core-columns-is-layout-9d6595d7 wp-block-columns-is-layout-flex\">\n<div class=\"wp-block-column is-layout-flow wp-block-column-is-layout-flow\" style=\"padding-right:var(--wp--preset--spacing--30);padding-left:var(--wp--preset--spacing--30)\">\n<div style=\"height:20px\" aria-hidden=\"true\" class=\"wp-block-spacer\"><\/div>\n\n\n\n<h3 class=\"wp-block-heading has-text-align-center has-neve-text-color-color has-text-color has-medium-font-size\"><strong><strong><strong><strong>Design and validation of business models<\/strong><\/strong><\/strong><\/strong><\/h3>\n\n\n\n<p class=\"has-text-align-center\" style=\"font-size:14px;letter-spacing:0.5px\">Application of methodologies such as Business Model Canvas and Lean Start-up to structure and validate viable value propositions.<\/p>\n\n\n\n<div style=\"height:20px\" aria-hidden=\"true\" class=\"wp-block-spacer\"><\/div>\n<\/div>\n\n\n\n<div class=\"wp-block-column is-layout-flow wp-block-column-is-layout-flow\" style=\"padding-right:var(--wp--preset--spacing--30);padding-left:var(--wp--preset--spacing--30)\">\n<div style=\"height:20px\" aria-hidden=\"true\" class=\"wp-block-spacer\"><\/div>\n\n\n\n<h3 class=\"wp-block-heading has-text-align-center has-neve-text-color-color has-text-color has-medium-font-size\"><strong><strong><strong><strong>Strategic planning for start-ups<\/strong><\/strong><\/strong><\/strong><\/h3>\n\n\n\n<p class=\"has-text-align-center\" style=\"font-size:14px;letter-spacing:0.5px\">Development of clear roadmaps for growth stages, from validation to expansion, including objectives, metrics, and scenarios.<\/p>\n\n\n\n<div style=\"height:20px\" aria-hidden=\"true\" class=\"wp-block-spacer\"><\/div>\n<\/div>\n\n\n\n<div class=\"wp-block-column is-layout-flow wp-block-column-is-layout-flow\" style=\"padding-right:var(--wp--preset--spacing--30);padding-left:var(--wp--preset--spacing--30)\">\n<div style=\"height:20px\" aria-hidden=\"true\" class=\"wp-block-spacer\"><\/div>\n\n\n\n<h3 class=\"wp-block-heading has-text-align-center has-neve-text-color-color has-text-color has-medium-font-size\"><strong><strong><strong><strong><strong>Mentoring and support for founding teams<\/strong><\/strong><\/strong><\/strong><\/strong><\/h3>\n\n\n\n<p class=\"has-text-align-center\" style=\"font-size:14px;letter-spacing:0.5px\">Personalized support for strategic decision-making, defining priorities, and strengthening entrepreneurial leadership.<\/p>\n\n\n\n<div style=\"height:20px\" aria-hidden=\"true\" class=\"wp-block-spacer\"><\/div>\n<\/div>\n\n\n\n<div class=\"wp-block-column is-layout-flow wp-block-column-is-layout-flow\" style=\"padding-right:var(--wp--preset--spacing--30);padding-left:var(--wp--preset--spacing--30)\">\n<div style=\"height:20px\" aria-hidden=\"true\" class=\"wp-block-spacer\"><\/div>\n\n\n\n<h3 class=\"wp-block-heading has-text-align-center has-neve-text-color-color has-text-color has-medium-font-size\"><strong><strong><strong><strong><strong><strong>Investment preparation and capital raising<\/strong><\/strong><\/strong><\/strong><\/strong><\/strong><\/h3>\n\n\n\n<p class=\"has-text-align-center\" style=\"font-size:14px;letter-spacing:0.5px\">Advice on the preparation of business plans, pitch decks, financial projections and investor relations strategy.<\/p>\n\n\n\n<div style=\"height:20px\" aria-hidden=\"true\" class=\"wp-block-spacer\"><\/div>\n<\/div>\n\n\n\n<div class=\"wp-block-column is-layout-flow wp-block-column-is-layout-flow\" style=\"padding-right:var(--wp--preset--spacing--30);padding-left:var(--wp--preset--spacing--30)\">\n<div style=\"height:20px\" aria-hidden=\"true\" class=\"wp-block-spacer\"><\/div>\n\n\n\n<h3 class=\"wp-block-heading has-text-align-center has-neve-text-color-color has-text-color has-medium-font-size\"><strong><strong><strong><strong><strong><strong>Diagnosis and improvement of a start-up in the acceleration process<\/strong><\/strong><\/strong><\/strong><\/strong><\/strong><\/h3>\n\n\n\n<p class=\"has-text-align-center\" style=\"font-size:14px;letter-spacing:0.5px\">Evaluation of the progress of ventures in incubation or acceleration programs, with recommendations to improve focus, traction and scalability.<\/p>\n\n\n\n<div style=\"height:20px\" aria-hidden=\"true\" class=\"wp-block-spacer\"><\/div>\n<\/div>\n<\/div>\n\n\n\n<div class=\"wp-block-cover alignfull\"><span aria-hidden=\"true\" class=\"wp-block-cover__background has-nv-light-bg-background-color has-background-dim-100 has-background-dim\"><\/span><div class=\"wp-block-cover__inner-container is-layout-constrained wp-block-cover-is-layout-constrained\">\n<div class=\"wp-block-group\"><div class=\"wp-block-group__inner-container is-layout-constrained wp-block-group-is-layout-constrained\">\n<div style=\"height:80px\" aria-hidden=\"true\" class=\"wp-block-spacer\"><\/div>\n\n\n\n<div class=\"wp-block-columns is-layout-flex wp-container-core-columns-is-layout-9d6595d7 wp-block-columns-is-layout-flex\">\n<div class=\"wp-block-column is-layout-flow wp-block-column-is-layout-flow\" style=\"padding-right:var(--wp--preset--spacing--30);padding-left:var(--wp--preset--spacing--30)\">\n<h3 class=\"wp-block-heading has-text-align-left has-text-align-center has-neve-text-color-color has-text-color has-medium-font-size\"><strong><strong><strong><strong><strong>Financial Management and Strategic Support<\/strong><\/strong><\/strong><\/strong><\/strong><\/h3>\n\n\n\n<p class=\"has-text-align-left has-neve-text-color-color has-text-color has-link-color wp-elements-d7147e10bf0bb109c9f6b7716aba1aa1\" style=\"font-size:14px;letter-spacing:0.5px\">We offer key financial management and strategic development services including planning, cash flow control, KPI development and investor reporting, facilitating financing and sustainable growth.<\/p>\n\n\n\n<div style=\"height:20px\" aria-hidden=\"true\" class=\"wp-block-spacer\"><\/div>\n\n\n\n<h3 class=\"wp-block-heading has-text-align-left has-text-align-center has-neve-text-color-color has-text-color has-medium-font-size\"><strong><strong><strong><strong>Mentoring for Entrepreneurs<\/strong><\/strong><\/strong><\/strong><\/h3>\n\n\n\n<p class=\"has-text-align-left has-neve-text-color-color has-text-color has-link-color wp-elements-ff2ec770dc2a182d5cf0a9493b51b16c\" style=\"font-size:14px;letter-spacing:0.5px\">We provide personalized strategic mentoring, supporting founding teams in key decisions, leadership development, resource optimization, and competitive analysis for sustainable growth.<\/p>\n\n\n\n<div style=\"height:20px\" aria-hidden=\"true\" class=\"wp-block-spacer\"><\/div>\n\n\n<div class=\"wp-block-image\">\n<figure class=\"aligncenter size-full\"><img loading=\"lazy\" decoding=\"async\" width=\"1600\" height=\"1067\" src=\"https:\/\/cidecorporate.com\/wp-content\/uploads\/2025\/09\/cidecorporate-31.webp\" alt=\"startups\" class=\"wp-image-734\" srcset=\"https:\/\/cidecorporate.com\/wp-content\/uploads\/2025\/09\/cidecorporate-31.webp 1600w, https:\/\/cidecorporate.com\/wp-content\/uploads\/2025\/09\/cidecorporate-31-300x200.webp 300w, https:\/\/cidecorporate.com\/wp-content\/uploads\/2025\/09\/cidecorporate-31-1024x683.webp 1024w, https:\/\/cidecorporate.com\/wp-content\/uploads\/2025\/09\/cidecorporate-31-768x512.webp 768w, https:\/\/cidecorporate.com\/wp-content\/uploads\/2025\/09\/cidecorporate-31-1536x1024.webp 1536w, https:\/\/cidecorporate.com\/wp-content\/uploads\/2025\/09\/cidecorporate-31-18x12.webp 18w, https:\/\/cidecorporate.com\/wp-content\/uploads\/2025\/09\/cidecorporate-31-930x620.webp 930w\" sizes=\"auto, (max-width: 1600px) 100vw, 1600px\" \/><\/figure>\n<\/div>\n\n\n<div style=\"height:20px\" aria-hidden=\"true\" class=\"wp-block-spacer\"><\/div>\n<\/div>\n<\/div>\n\n\n\n<div class=\"wp-block-columns is-layout-flex wp-container-core-columns-is-layout-9d6595d7 wp-block-columns-is-layout-flex\">\n<div class=\"wp-block-column is-layout-flow wp-block-column-is-layout-flow\" style=\"padding-right:var(--wp--preset--spacing--30);padding-left:var(--wp--preset--spacing--30)\">\n<h3 class=\"wp-block-heading has-text-align-left has-text-align-center has-neve-text-color-color has-text-color has-medium-font-size\"><strong><strong><strong><strong><strong>Investment Preparation<\/strong><\/strong><\/strong><\/strong><\/strong><\/h3>\n\n\n\n<p class=\"has-text-align-left has-neve-text-color-color has-text-color has-link-color wp-elements-edb617835553e57815ffc5281ae9b29c\" style=\"font-size:14px;letter-spacing:0.5px\">We support the preparation of investment rounds with the development of business plans, pitch decks, financial modeling and due diligence to position startups in successful capital raising processes.<\/p>\n\n\n\n<div style=\"height:20px\" aria-hidden=\"true\" class=\"wp-block-spacer\"><\/div>\n\n\n\n<h3 class=\"wp-block-heading has-neve-text-color-color has-text-color has-link-color has-medium-font-size wp-elements-c148c3a00d14eb39e8313f8c7590334c\"><strong>Innovation and Entrepreneurial Ecosystem<\/strong><\/h3>\n\n\n\n<p class=\"has-neve-text-color-color has-text-color has-link-color wp-elements-bc502d0b593d38a5eef4cd999997b09d\" style=\"font-size:14px;letter-spacing:0.5px\">We participate in acceleration and incubation programs, supporting startups in their growth with strategic validation and scaling methodologies.<\/p>\n\n\n\n<div style=\"height:20px\" aria-hidden=\"true\" class=\"wp-block-spacer\"><\/div>\n<\/div>\n<\/div>\n<\/div><\/div>\n<\/div><\/div>\n\n\n\n<div class=\"wp-block-cover alignfull\" style=\"min-height:300px;aspect-ratio:unset;\"><span aria-hidden=\"true\" class=\"wp-block-cover__background has-nv-dark-bg-background-color has-background-dim-100 has-background-dim\"><\/span><div class=\"wp-block-cover__inner-container is-layout-flow wp-block-cover-is-layout-flow\">\n<div style=\"height:140px\" aria-hidden=\"true\" class=\"wp-block-spacer\"><\/div>\n\n\n\n<h2 class=\"wp-block-heading has-text-align-center has-nv-text-dark-bg-color has-text-color translation-block\"><strong>Ready to Accelerate Your Growth with Us?<\/h2>\n\n\n\n<p class=\"has-text-align-center has-nv-light-bg-color has-text-color has-link-color wp-elements-28d222f1f2c4942e68270dc7ee0b49b7\" style=\"font-size:14px;letter-spacing:0.5px\">Transform your company with CIDE\u2019s proven expertise in strategic corporate development. Contact our specialists today to discuss how our customised innovation projects can drive your industrial, service, or public sector organisation towards sustainable growth and competitive advantage.<\/p>\n\n\n\n<div class=\"wp-block-buttons is-horizontal is-content-justification-center is-layout-flex wp-container-core-buttons-is-layout-499968f5 wp-block-buttons-is-layout-flex\">\n<div class=\"wp-block-button is-style-primary\"><a class=\"wp-block-button__link wp-element-button\" href=\"https:\/\/cidecorporate.com\/en\/contacto-cide-corporate\/\"><strong>Contact CIDE for Excellence in Strategic Corporate Development<\/strong><\/a><\/div>\n<\/div>\n\n\n\n<div style=\"height:140px\" aria-hidden=\"true\" class=\"wp-block-spacer\"><\/div>\n<\/div><\/div>","protected":false},"excerpt":{"rendered":"<p>Servicios principales Dise\u00f1o y validaci\u00f3n de modelos de negocio Aplicaci\u00f3n de metodolog\u00edas como Business Model Canvas y Lean Start-up para estructurar y validar propuestas de valor viables. Planificaci\u00f3n estrat\u00e9gica para start-up Desarrollo de hojas de ruta claras para las etapas de crecimiento, desde la validaci\u00f3n hasta la expansi\u00f3n, incluyendo objetivos, m\u00e9tricas y escenarios. Mentor\u00eda y&hellip;&nbsp;<a href=\"https:\/\/cidecorporate.com\/en\/startups\/\" rel=\"bookmark\"><span class=\"screen-reader-text\">Startups<\/span><\/a><\/p>","protected":false},"author":1,"featured_media":0,"parent":0,"menu_order":0,"comment_status":"closed","ping_status":"closed","template":"","meta":{"neve_meta_sidebar":"default","neve_meta_container":"default","neve_meta_enable_content_width":"on","neve_meta_content_width":100,"neve_meta_title_alignment":"","neve_meta_author_avatar":"","neve_post_elements_order":"","neve_meta_disable_header":"","neve_meta_disable_footer":"","neve_meta_disable_title":"on","_themeisle_gutenberg_block_has_review":false,"footnotes":""},"class_list":["post-682","page","type-page","status-publish","hentry"],"yoast_head":"<!-- This site is optimized with the Yoast SEO plugin v25.6 - https:\/\/yoast.com\/wordpress\/plugins\/seo\/ -->\n<title>Servicios para Startups | Soluciones para Emprendedores<\/title>\n<meta name=\"description\" content=\"Nuestra experiencia de m\u00e1s de 15 a\u00f1os en emprendimiento, nos permite acompa\u00f1ar a startups y emprendedores desde las fases iniciales\" \/>\n<meta name=\"robots\" content=\"index, follow, max-snippet:-1, max-image-preview:large, max-video-preview:-1\" \/>\n<link rel=\"canonical\" href=\"https:\/\/cidecorporate.com\/en\/startups\/\" \/>\n<meta property=\"og:locale\" content=\"en_GB\" \/>\n<meta property=\"og:type\" content=\"article\" \/>\n<meta property=\"og:title\" content=\"Servicios para Startups | Soluciones para Emprendedores\" \/>\n<meta property=\"og:description\" content=\"Nuestra experiencia de m\u00e1s de 15 a\u00f1os en emprendimiento, nos permite acompa\u00f1ar a startups y emprendedores desde las fases iniciales\" \/>\n<meta property=\"og:url\" content=\"https:\/\/cidecorporate.com\/en\/startups\/\" \/>\n<meta property=\"og:site_name\" content=\"CIDE | Innovaci\u00f3n Desarrollo Corporativo y empresarial\" \/>\n<meta property=\"article:modified_time\" content=\"2025-09-19T07:19:28+00:00\" \/>\n<meta property=\"og:image\" content=\"https:\/\/cidecorporate.com\/wp-content\/uploads\/2020\/01\/neve-web-design-bg-11.jpg\" \/>\n\t<meta property=\"og:image:width\" content=\"600\" \/>\n\t<meta property=\"og:image:height\" content=\"600\" \/>\n\t<meta property=\"og:image:type\" content=\"image\/jpeg\" \/>\n<meta name=\"twitter:card\" content=\"summary_large_image\" \/>\n<meta name=\"twitter:label1\" content=\"Estimated reading time\" \/>\n\t<meta name=\"twitter:data1\" content=\"3 minutes\" \/>\n<script type=\"application\/ld+json\" class=\"yoast-schema-graph\">{\"@context\":\"https:\/\/schema.org\",\"@graph\":[{\"@type\":\"WebPage\",\"@id\":\"https:\/\/cidecorporate.com\/startups\/\",\"url\":\"https:\/\/cidecorporate.com\/startups\/\",\"name\":\"Servicios para Startups | Soluciones para Emprendedores\",\"isPartOf\":{\"@id\":\"https:\/\/cidecorporate.com\/#website\"},\"primaryImageOfPage\":{\"@id\":\"https:\/\/cidecorporate.com\/startups\/#primaryimage\"},\"image\":{\"@id\":\"https:\/\/cidecorporate.com\/startups\/#primaryimage\"},\"thumbnailUrl\":\"https:\/\/cidecorporate.com\/wp-content\/uploads\/2020\/01\/neve-web-design-bg-11.jpg\",\"datePublished\":\"2025-09-18T14:28:17+00:00\",\"dateModified\":\"2025-09-19T07:19:28+00:00\",\"description\":\"Nuestra experiencia de m\u00e1s de 15 a\u00f1os en emprendimiento, nos permite acompa\u00f1ar a startups y emprendedores desde las fases iniciales\",\"breadcrumb\":{\"@id\":\"https:\/\/cidecorporate.com\/startups\/#breadcrumb\"},\"inLanguage\":\"en-GB\",\"potentialAction\":[{\"@type\":\"ReadAction\",\"target\":[\"https:\/\/cidecorporate.com\/startups\/\"]}]},{\"@type\":\"ImageObject\",\"inLanguage\":\"en-GB\",\"@id\":\"https:\/\/cidecorporate.com\/startups\/#primaryimage\",\"url\":\"https:\/\/cidecorporate.com\/wp-content\/uploads\/2020\/01\/neve-web-design-bg-11.jpg\",\"contentUrl\":\"https:\/\/cidecorporate.com\/wp-content\/uploads\/2020\/01\/neve-web-design-bg-11.jpg\"},{\"@type\":\"BreadcrumbList\",\"@id\":\"https:\/\/cidecorporate.com\/startups\/#breadcrumb\",\"itemListElement\":[{\"@type\":\"ListItem\",\"position\":1,\"name\":\"Portada\",\"item\":\"https:\/\/cidecorporate.com\/\"},{\"@type\":\"ListItem\",\"position\":2,\"name\":\"Startups\"}]},{\"@type\":\"WebSite\",\"@id\":\"https:\/\/cidecorporate.com\/#website\",\"url\":\"https:\/\/cidecorporate.com\/\",\"name\":\"cidecorporate.com\",\"description\":\"CIDE | Innovaci\u00f3n Desarrollo Corporativo y empresarial\",\"publisher\":{\"@id\":\"https:\/\/cidecorporate.com\/#organization\"},\"potentialAction\":[{\"@type\":\"SearchAction\",\"target\":{\"@type\":\"EntryPoint\",\"urlTemplate\":\"https:\/\/cidecorporate.com\/?s={search_term_string}\"},\"query-input\":{\"@type\":\"PropertyValueSpecification\",\"valueRequired\":true,\"valueName\":\"search_term_string\"}}],\"inLanguage\":\"en-GB\"},{\"@type\":\"Organization\",\"@id\":\"https:\/\/cidecorporate.com\/#organization\",\"name\":\"CIDE\",\"url\":\"https:\/\/cidecorporate.com\/\",\"logo\":{\"@type\":\"ImageObject\",\"inLanguage\":\"en-GB\",\"@id\":\"https:\/\/cidecorporate.com\/#\/schema\/logo\/image\/\",\"url\":\"https:\/\/cidecorporate.com\/wp-content\/uploads\/2025\/08\/cide.png\",\"contentUrl\":\"https:\/\/cidecorporate.com\/wp-content\/uploads\/2025\/08\/cide.png\",\"width\":500,\"height\":500,\"caption\":\"CIDE\"},\"image\":{\"@id\":\"https:\/\/cidecorporate.com\/#\/schema\/logo\/image\/\"}}]}<\/script>\n<!-- \/ Yoast SEO plugin. -->","yoast_head_json":{"title":"Services for Startups | Solutions for Entrepreneurs","description":"Nuestra experiencia de m\u00e1s de 15 a\u00f1os en emprendimiento, nos permite acompa\u00f1ar a startups y emprendedores desde las fases iniciales","robots":{"index":"index","follow":"follow","max-snippet":"max-snippet:-1","max-image-preview":"max-image-preview:large","max-video-preview":"max-video-preview:-1"},"canonical":"https:\/\/cidecorporate.com\/en\/startups\/","og_locale":"en_GB","og_type":"article","og_title":"Servicios para Startups | Soluciones para Emprendedores","og_description":"Nuestra experiencia de m\u00e1s de 15 a\u00f1os en emprendimiento, nos permite acompa\u00f1ar a startups y emprendedores desde las fases iniciales","og_url":"https:\/\/cidecorporate.com\/en\/startups\/","og_site_name":"CIDE | Innovaci\u00f3n Desarrollo Corporativo y empresarial","article_modified_time":"2025-09-19T07:19:28+00:00","og_image":[{"width":600,"height":600,"url":"https:\/\/cidecorporate.com\/wp-content\/uploads\/2020\/01\/neve-web-design-bg-11.jpg","type":"image\/jpeg"}],"twitter_card":"summary_large_image","twitter_misc":{"Estimated reading time":"3 minutes"},"schema":{"@context":"https:\/\/schema.org","@graph":[{"@type":"WebPage","@id":"https:\/\/cidecorporate.com\/startups\/","url":"https:\/\/cidecorporate.com\/startups\/","name":"Services for Startups | Solutions for Entrepreneurs","isPartOf":{"@id":"https:\/\/cidecorporate.com\/#website"},"primaryImageOfPage":{"@id":"https:\/\/cidecorporate.com\/startups\/#primaryimage"},"image":{"@id":"https:\/\/cidecorporate.com\/startups\/#primaryimage"},"thumbnailUrl":"https:\/\/cidecorporate.com\/wp-content\/uploads\/2020\/01\/neve-web-design-bg-11.jpg","datePublished":"2025-09-18T14:28:17+00:00","dateModified":"2025-09-19T07:19:28+00:00","description":"Nuestra experiencia de m\u00e1s de 15 a\u00f1os en emprendimiento, nos permite acompa\u00f1ar a startups y emprendedores desde las fases iniciales","breadcrumb":{"@id":"https:\/\/cidecorporate.com\/startups\/#breadcrumb"},"inLanguage":"en-GB","potentialAction":[{"@type":"ReadAction","target":["https:\/\/cidecorporate.com\/startups\/"]}]},{"@type":"ImageObject","inLanguage":"en-GB","@id":"https:\/\/cidecorporate.com\/startups\/#primaryimage","url":"https:\/\/cidecorporate.com\/wp-content\/uploads\/2020\/01\/neve-web-design-bg-11.jpg","contentUrl":"https:\/\/cidecorporate.com\/wp-content\/uploads\/2020\/01\/neve-web-design-bg-11.jpg"},{"@type":"BreadcrumbList","@id":"https:\/\/cidecorporate.com\/startups\/#breadcrumb","itemListElement":[{"@type":"ListItem","position":1,"name":"Portada","item":"https:\/\/cidecorporate.com\/"},{"@type":"ListItem","position":2,"name":"Startups"}]},{"@type":"WebSite","@id":"https:\/\/cidecorporate.com\/#website","url":"https:\/\/cidecorporate.com\/","name":"cidecorporate.com","description":"CIDE | Innovaci\u00f3n Desarrollo Corporativo y empresarial","publisher":{"@id":"https:\/\/cidecorporate.com\/#organization"},"potentialAction":[{"@type":"SearchAction","target":{"@type":"EntryPoint","urlTemplate":"https:\/\/cidecorporate.com\/?s={search_term_string}"},"query-input":{"@type":"PropertyValueSpecification","valueRequired":true,"valueName":"search_term_string"}}],"inLanguage":"en-GB"},{"@type":"Organization","@id":"https:\/\/cidecorporate.com\/#organization","name":"CIDE","url":"https:\/\/cidecorporate.com\/","logo":{"@type":"ImageObject","inLanguage":"en-GB","@id":"https:\/\/cidecorporate.com\/#\/schema\/logo\/image\/","url":"https:\/\/cidecorporate.com\/wp-content\/uploads\/2025\/08\/cide.png","contentUrl":"https:\/\/cidecorporate.com\/wp-content\/uploads\/2025\/08\/cide.png","width":500,"height":500,"caption":"CIDE"},"image":{"@id":"https:\/\/cidecorporate.com\/#\/schema\/logo\/image\/"}}]}},"_links":{"self":[{"href":"https:\/\/cidecorporate.com\/en\/wp-json\/wp\/v2\/pages\/682","targetHints":{"allow":["GET"]}}],"collection":[{"href":"https:\/\/cidecorporate.com\/en\/wp-json\/wp\/v2\/pages"}],"about":[{"href":"https:\/\/cidecorporate.com\/en\/wp-json\/wp\/v2\/types\/page"}],"author":[{"embeddable":true,"href":"https:\/\/cidecorporate.com\/en\/wp-json\/wp\/v2\/users\/1"}],"replies":[{"embeddable":true,"href":"https:\/\/cidecorporate.com\/en\/wp-json\/wp\/v2\/comments?post=682"}],"version-history":[{"count":0,"href":"https:\/\/cidecorporate.com\/en\/wp-json\/wp\/v2\/pages\/682\/revisions"}],"wp:attachment":[{"href":"https:\/\/cidecorporate.com\/en\/wp-json\/wp\/v2\/media?parent=682"}],"curies":[{"name":"wp","href":"https:\/\/api.w.org\/{rel}","templated":true}]}}