{"id":688,"date":"2025-09-18T14:50:29","date_gmt":"2025-09-18T14:50:29","guid":{"rendered":"https:\/\/cidecorporate.com\/?page_id=688"},"modified":"2025-09-19T07:12:13","modified_gmt":"2025-09-19T07:12:13","slug":"consejeros-externos","status":"publish","type":"page","link":"https:\/\/cidecorporate.com\/en\/consejeros-externos\/","title":{"rendered":"External Advisors"},"content":{"rendered":"<div class=\"wp-block-cover alignfull\" style=\"min-height:700px;aspect-ratio:unset;\"><img loading=\"lazy\" decoding=\"async\" width=\"970\" height=\"646\" class=\"wp-block-cover__image-background wp-image-735 size-full\" alt=\"consejeros\" src=\"https:\/\/cidecorporate.com\/wp-content\/uploads\/2025\/09\/cidecorporate-4.webp\" data-object-fit=\"cover\" srcset=\"https:\/\/cidecorporate.com\/wp-content\/uploads\/2025\/09\/cidecorporate-4.webp 970w, https:\/\/cidecorporate.com\/wp-content\/uploads\/2025\/09\/cidecorporate-4-300x200.webp 300w, https:\/\/cidecorporate.com\/wp-content\/uploads\/2025\/09\/cidecorporate-4-768x511.webp 768w, https:\/\/cidecorporate.com\/wp-content\/uploads\/2025\/09\/cidecorporate-4-18x12.webp 18w, https:\/\/cidecorporate.com\/wp-content\/uploads\/2025\/09\/cidecorporate-4-930x620.webp 930w\" sizes=\"auto, (max-width: 970px) 100vw, 970px\" \/><span aria-hidden=\"true\" class=\"wp-block-cover__background has-nv-dark-bg-background-color has-background-dim-60 has-background-dim\"><\/span><div class=\"wp-block-cover__inner-container is-layout-flow wp-block-cover-is-layout-flow\">\n<div class=\"wp-block-group\" style=\"padding-right:var(--wp--preset--spacing--40);padding-left:var(--wp--preset--spacing--40)\"><div class=\"wp-block-group__inner-container is-layout-constrained wp-container-core-group-is-layout-8cd669b9 wp-block-group-is-layout-constrained\">\n<div style=\"height:80px\" aria-hidden=\"true\" class=\"wp-block-spacer\"><\/div>\n\n\n\n<h1 class=\"wp-block-heading has-text-align-left\" style=\"font-size:36px\"><strong><strong><strong>External Advisors | Strategic Consulting for SMEs<\/strong><\/strong><\/strong><\/h1>\n\n\n\n<h2 class=\"wp-block-heading has-text-align-left has-medium-font-size\"><strong>Our external advisors bring an independent and technical perspective that enhances the strategy and management of small and medium-sized enterprises. They act as senior experts with experience in the sector, supporting growth and consolidation phases with proactive advice and ongoing monitoring.<\/strong><\/h2>\n\n\n\n<div style=\"height:20px\" aria-hidden=\"true\" class=\"wp-block-spacer\"><\/div>\n\n\n\n<div class=\"wp-block-buttons is-horizontal is-content-justification-center is-layout-flex wp-container-core-buttons-is-layout-499968f5 wp-block-buttons-is-layout-flex\">\n<div class=\"wp-block-button is-style-secondary\"><a class=\"wp-block-button__link has-nv-site-bg-color has-text-color has-link-color wp-element-button\" href=\"https:\/\/cidecorporate.com\/en\/contacto-cide-corporate\/\">Contact Us<\/a><\/div>\n<\/div>\n\n\n\n<div style=\"height:100px\" aria-hidden=\"true\" class=\"wp-block-spacer\"><\/div>\n<\/div><\/div>\n<\/div><\/div>\n\n\n\n<div class=\"wp-block-group\" style=\"padding-right:var(--wp--preset--spacing--40);padding-left:var(--wp--preset--spacing--40)\"><div class=\"wp-block-group__inner-container is-layout-constrained wp-container-core-group-is-layout-8cd669b9 wp-block-group-is-layout-constrained\">\n<div style=\"height:80px\" aria-hidden=\"true\" class=\"wp-block-spacer\"><\/div>\n<\/div><\/div>\n\n\n\n<h2 class=\"wp-block-heading has-text-align-left has-neve-text-color-color has-text-color has-medium-font-size translation-block\">External advisors (Boards of Directors, Management Committees)<\/h2>\n\n\n\n<p class=\"has-neve-text-color-color has-text-color has-link-color wp-elements-61805a3a8f60c830ae08b605d9059c29\" style=\"font-size:14px;letter-spacing:0.5px\">Our experience across diverse sectors and business structures allows us to contribute a systemic, technical, and value-creation-focused perspective. Our goal is to support companies in their consolidation and growth through an active, strategic, and committed role, with an approach geared towards informed, sustainable decision-making aligned with the organization's long-term objectives.<\/p>\n\n\n\n<div style=\"height:100px\" aria-hidden=\"true\" class=\"wp-block-spacer\"><\/div>\n\n\n\n<div class=\"wp-block-cover alignfull\" style=\"min-height:600px;aspect-ratio:unset;\"><span aria-hidden=\"true\" class=\"wp-block-cover__background has-nv-light-bg-background-color has-background-dim-100 has-background-dim\"><\/span><div class=\"wp-block-cover__inner-container is-layout-flow wp-block-cover-is-layout-flow\">\n<div style=\"height:40px\" aria-hidden=\"true\" class=\"wp-block-spacer\"><\/div>\n\n\n\n<div class=\"wp-block-group\"><div class=\"wp-block-group__inner-container is-layout-flow wp-block-group-is-layout-flow\">\n<div class=\"wp-block-columns is-layout-flex wp-container-core-columns-is-layout-9d6595d7 wp-block-columns-is-layout-flex\">\n<div class=\"wp-block-column is-vertically-aligned-center is-layout-flow wp-block-column-is-layout-flow\" style=\"padding-right:var(--wp--preset--spacing--30);padding-left:var(--wp--preset--spacing--30);flex-basis:50%\">\n<figure class=\"wp-block-image size-large\"><img loading=\"lazy\" decoding=\"async\" width=\"600\" height=\"600\" src=\"https:\/\/cidecorporate.com\/wp-content\/uploads\/2020\/01\/neve-web-design-bg-08.jpg\" alt=\"Desarrollo Corporativo Estrat\u00e9gico en Sectores Clave de Espa\u00f1a\" class=\"wp-image-35\" srcset=\"https:\/\/cidecorporate.com\/wp-content\/uploads\/2020\/01\/neve-web-design-bg-08.jpg 600w, https:\/\/cidecorporate.com\/wp-content\/uploads\/2020\/01\/neve-web-design-bg-08-300x300.jpg 300w, https:\/\/cidecorporate.com\/wp-content\/uploads\/2020\/01\/neve-web-design-bg-08-150x150.jpg 150w\" sizes=\"auto, (max-width: 600px) 100vw, 600px\" \/><\/figure>\n<\/div>\n\n\n\n<div class=\"wp-block-column is-vertically-aligned-center is-layout-flow wp-block-column-is-layout-flow\" style=\"padding-right:var(--wp--preset--spacing--30);padding-left:var(--wp--preset--spacing--30);flex-basis:50%\">\n<div style=\"height:20px\" aria-hidden=\"true\" class=\"wp-block-spacer\"><\/div>\n\n\n\n<p class=\"has-neve-text-color-color has-text-color has-link-color wp-elements-60cb6e765fc39ee933a576745c40792f\" style=\"font-size:14px;letter-spacing:0.5px\">The services are aimed at companies seeking to strengthen their corporate governance, professionalize their management, and gain an expert external perspective on strategy, innovation, and operational efficiency. Project types:<\/p>\n\n\n\n<p class=\"has-text-align-left has-neve-text-color-color has-text-color\" style=\"font-size:14px;letter-spacing:0.5px\">Participation in boards of directors, integration as an independent member or external advisor, providing a strategic, technical and objective perspective in board meetings.<\/p>\n\n\n\n<ul class=\"wp-block-list\">\n<li class=\"has-neve-text-color-color has-text-color has-link-color wp-elements-23fecb830bdb65776e63ce930c41ad54\" style=\"font-size:14px;letter-spacing:0.5px\">Strategic advice for senior management. Direct support to the general management or executive management.<\/li>\n\n\n\n<li class=\"has-neve-text-color-color has-text-color has-link-color wp-elements-f939c6fa76096ddb85533054c3656e12\" style=\"font-size:14px;letter-spacing:1px\">Monitoring of strategic plans and achievement of objectives. Periodic monitoring and review of the progress of the strategic plan, alerting about deviations, emerging risks or new opportunities.<\/li>\n\n\n\n<li class=\"has-neve-text-color-color has-text-color has-link-color wp-elements-9c61061a2230b9453117e428f1afcb2b translation-block\" style=\"font-size:14px;letter-spacing:0.5px\">Facilitate strategic review sessions and critical decision-making.\nDesign high-level meetings focused on defining or reviewing business direction, expansion processes, succession, or transformation.<\/li>\n\n\n\n<li class=\"has-neve-text-color-color has-text-color has-link-color wp-elements-b6774883b18d72b5b7b27c335b495df6\" style=\"font-size:14px;letter-spacing:0.5px\">Support in corporate governance processes. Implementation of good governance practices, establishment of policies, reporting structure and decision-making protocols.<\/li>\n<\/ul>\n<\/div>\n<\/div>\n\n\n\n<div style=\"height:50px\" aria-hidden=\"true\" class=\"wp-block-spacer\"><\/div>\n<\/div><\/div>\n<\/div><\/div>\n\n\n\n<div class=\"wp-block-cover alignfull\" style=\"min-height:300px;aspect-ratio:unset;\"><span aria-hidden=\"true\" class=\"wp-block-cover__background has-nv-dark-bg-background-color has-background-dim-100 has-background-dim\"><\/span><div class=\"wp-block-cover__inner-container is-layout-flow wp-block-cover-is-layout-flow\">\n<div style=\"height:140px\" aria-hidden=\"true\" class=\"wp-block-spacer\"><\/div>\n\n\n\n<h2 class=\"wp-block-heading has-text-align-center has-nv-text-dark-bg-color has-text-color translation-block\"><strong>Ready to Accelerate Your Growth with Us?<\/h2>\n\n\n\n<p class=\"has-text-align-center has-nv-light-bg-color has-text-color has-link-color wp-elements-28d222f1f2c4942e68270dc7ee0b49b7\" style=\"font-size:14px;letter-spacing:0.5px\">Transform your company with CIDE\u2019s proven expertise in strategic corporate development. Contact our specialists today to discuss how our customised innovation projects can drive your industrial, service, or public sector organisation towards sustainable growth and competitive advantage.<\/p>\n\n\n\n<div class=\"wp-block-buttons is-horizontal is-content-justification-center is-layout-flex wp-container-core-buttons-is-layout-499968f5 wp-block-buttons-is-layout-flex\">\n<div class=\"wp-block-button is-style-primary\"><a class=\"wp-block-button__link wp-element-button\" href=\"https:\/\/cidecorporate.com\/en\/contacto-cide-corporate\/\"><strong>Contact CIDE for Excellence in Strategic Corporate Development<\/strong><\/a><\/div>\n<\/div>\n\n\n\n<div style=\"height:140px\" aria-hidden=\"true\" class=\"wp-block-spacer\"><\/div>\n<\/div><\/div>","protected":false},"excerpt":{"rendered":"<p>Consejeros externos (Consejos de Administraci\u00f3n. Comit\u00e9s de Direcci\u00f3n) Nuestra experiencia en diferentes sectores y estructuras empresariales nos permite contribuir con una mirada sist\u00e9mica, t\u00e9cnica y centrada a la creaci\u00f3n de valor. El objetivo es acompa\u00f1ar a la empresa en su consolidaci\u00f3n y crecimiento desde un rol activo, estrat\u00e9gico y de compromiso, con un enfoque orientado&hellip;&nbsp;<a href=\"https:\/\/cidecorporate.com\/en\/consejeros-externos\/\" rel=\"bookmark\"><span class=\"screen-reader-text\">External Advisors<\/span><\/a><\/p>","protected":false},"author":1,"featured_media":0,"parent":0,"menu_order":0,"comment_status":"closed","ping_status":"closed","template":"","meta":{"neve_meta_sidebar":"default","neve_meta_container":"default","neve_meta_enable_content_width":"on","neve_meta_content_width":100,"neve_meta_title_alignment":"","neve_meta_author_avatar":"","neve_post_elements_order":"","neve_meta_disable_header":"","neve_meta_disable_footer":"","neve_meta_disable_title":"on","_themeisle_gutenberg_block_has_review":false,"footnotes":""},"class_list":["post-688","page","type-page","status-publish","hentry"],"yoast_head":"<!-- This site is optimized with the Yoast SEO plugin v25.6 - https:\/\/yoast.com\/wordpress\/plugins\/seo\/ -->\n<title>Consejeros externos<\/title>\n<meta name=\"description\" content=\"Nuestros consejeros externos aportan una perspectiva independiente y t\u00e9cnica que mejora la estrategia y gesti\u00f3n de PYMES.\" \/>\n<meta name=\"robots\" content=\"index, follow, max-snippet:-1, max-image-preview:large, max-video-preview:-1\" \/>\n<link rel=\"canonical\" href=\"https:\/\/cidecorporate.com\/en\/consejeros-externos\/\" \/>\n<meta property=\"og:locale\" content=\"en_GB\" \/>\n<meta property=\"og:type\" content=\"article\" \/>\n<meta property=\"og:title\" content=\"Consejeros externos\" \/>\n<meta property=\"og:description\" content=\"Nuestros consejeros externos aportan una perspectiva independiente y t\u00e9cnica que mejora la estrategia y gesti\u00f3n de PYMES.\" \/>\n<meta property=\"og:url\" content=\"https:\/\/cidecorporate.com\/en\/consejeros-externos\/\" \/>\n<meta property=\"og:site_name\" content=\"CIDE | Innovaci\u00f3n Desarrollo Corporativo y empresarial\" \/>\n<meta property=\"article:modified_time\" content=\"2025-09-19T07:12:13+00:00\" \/>\n<meta property=\"og:image\" content=\"https:\/\/cidecorporate.com\/wp-content\/uploads\/2025\/09\/cidecorporate-4.webp\" \/>\n\t<meta property=\"og:image:width\" content=\"970\" \/>\n\t<meta property=\"og:image:height\" content=\"646\" \/>\n\t<meta property=\"og:image:type\" content=\"image\/jpeg\" \/>\n<meta name=\"twitter:card\" content=\"summary_large_image\" \/>\n<meta name=\"twitter:label1\" content=\"Estimated reading time\" \/>\n\t<meta name=\"twitter:data1\" content=\"2 minutes\" \/>\n<script type=\"application\/ld+json\" class=\"yoast-schema-graph\">{\"@context\":\"https:\/\/schema.org\",\"@graph\":[{\"@type\":\"WebPage\",\"@id\":\"https:\/\/cidecorporate.com\/consejeros-externos\/\",\"url\":\"https:\/\/cidecorporate.com\/consejeros-externos\/\",\"name\":\"Consejeros externos\",\"isPartOf\":{\"@id\":\"https:\/\/cidecorporate.com\/#website\"},\"primaryImageOfPage\":{\"@id\":\"https:\/\/cidecorporate.com\/consejeros-externos\/#primaryimage\"},\"image\":{\"@id\":\"https:\/\/cidecorporate.com\/consejeros-externos\/#primaryimage\"},\"thumbnailUrl\":\"https:\/\/cidecorporate.com\/wp-content\/uploads\/2025\/09\/cidecorporate-4.webp\",\"datePublished\":\"2025-09-18T14:50:29+00:00\",\"dateModified\":\"2025-09-19T07:12:13+00:00\",\"description\":\"Nuestros consejeros externos aportan una perspectiva independiente y t\u00e9cnica que mejora la estrategia y gesti\u00f3n de PYMES.\",\"breadcrumb\":{\"@id\":\"https:\/\/cidecorporate.com\/consejeros-externos\/#breadcrumb\"},\"inLanguage\":\"en-GB\",\"potentialAction\":[{\"@type\":\"ReadAction\",\"target\":[\"https:\/\/cidecorporate.com\/consejeros-externos\/\"]}]},{\"@type\":\"ImageObject\",\"inLanguage\":\"en-GB\",\"@id\":\"https:\/\/cidecorporate.com\/consejeros-externos\/#primaryimage\",\"url\":\"https:\/\/cidecorporate.com\/wp-content\/uploads\/2025\/09\/cidecorporate-4.webp\",\"contentUrl\":\"https:\/\/cidecorporate.com\/wp-content\/uploads\/2025\/09\/cidecorporate-4.webp\"},{\"@type\":\"BreadcrumbList\",\"@id\":\"https:\/\/cidecorporate.com\/consejeros-externos\/#breadcrumb\",\"itemListElement\":[{\"@type\":\"ListItem\",\"position\":1,\"name\":\"Portada\",\"item\":\"https:\/\/cidecorporate.com\/\"},{\"@type\":\"ListItem\",\"position\":2,\"name\":\"Consejeros Externos\"}]},{\"@type\":\"WebSite\",\"@id\":\"https:\/\/cidecorporate.com\/#website\",\"url\":\"https:\/\/cidecorporate.com\/\",\"name\":\"cidecorporate.com\",\"description\":\"CIDE | Innovaci\u00f3n Desarrollo Corporativo y empresarial\",\"publisher\":{\"@id\":\"https:\/\/cidecorporate.com\/#organization\"},\"potentialAction\":[{\"@type\":\"SearchAction\",\"target\":{\"@type\":\"EntryPoint\",\"urlTemplate\":\"https:\/\/cidecorporate.com\/?s={search_term_string}\"},\"query-input\":{\"@type\":\"PropertyValueSpecification\",\"valueRequired\":true,\"valueName\":\"search_term_string\"}}],\"inLanguage\":\"en-GB\"},{\"@type\":\"Organization\",\"@id\":\"https:\/\/cidecorporate.com\/#organization\",\"name\":\"CIDE\",\"url\":\"https:\/\/cidecorporate.com\/\",\"logo\":{\"@type\":\"ImageObject\",\"inLanguage\":\"en-GB\",\"@id\":\"https:\/\/cidecorporate.com\/#\/schema\/logo\/image\/\",\"url\":\"https:\/\/cidecorporate.com\/wp-content\/uploads\/2025\/08\/cide.png\",\"contentUrl\":\"https:\/\/cidecorporate.com\/wp-content\/uploads\/2025\/08\/cide.png\",\"width\":500,\"height\":500,\"caption\":\"CIDE\"},\"image\":{\"@id\":\"https:\/\/cidecorporate.com\/#\/schema\/logo\/image\/\"}}]}<\/script>\n<!-- \/ Yoast SEO plugin. -->","yoast_head_json":{"title":"Consejeros externos","description":"Nuestros consejeros externos aportan una perspectiva independiente y t\u00e9cnica que mejora la estrategia y gesti\u00f3n de PYMES.","robots":{"index":"index","follow":"follow","max-snippet":"max-snippet:-1","max-image-preview":"max-image-preview:large","max-video-preview":"max-video-preview:-1"},"canonical":"https:\/\/cidecorporate.com\/en\/consejeros-externos\/","og_locale":"en_GB","og_type":"article","og_title":"Consejeros externos","og_description":"Nuestros consejeros externos aportan una perspectiva independiente y t\u00e9cnica que mejora la estrategia y gesti\u00f3n de PYMES.","og_url":"https:\/\/cidecorporate.com\/en\/consejeros-externos\/","og_site_name":"CIDE | Innovaci\u00f3n Desarrollo Corporativo y empresarial","article_modified_time":"2025-09-19T07:12:13+00:00","og_image":[{"width":970,"height":646,"url":"https:\/\/cidecorporate.com\/wp-content\/uploads\/2025\/09\/cidecorporate-4.webp","type":"image\/jpeg"}],"twitter_card":"summary_large_image","twitter_misc":{"Estimated reading time":"2 minutes"},"schema":{"@context":"https:\/\/schema.org","@graph":[{"@type":"WebPage","@id":"https:\/\/cidecorporate.com\/consejeros-externos\/","url":"https:\/\/cidecorporate.com\/consejeros-externos\/","name":"Consejeros externos","isPartOf":{"@id":"https:\/\/cidecorporate.com\/#website"},"primaryImageOfPage":{"@id":"https:\/\/cidecorporate.com\/consejeros-externos\/#primaryimage"},"image":{"@id":"https:\/\/cidecorporate.com\/consejeros-externos\/#primaryimage"},"thumbnailUrl":"https:\/\/cidecorporate.com\/wp-content\/uploads\/2025\/09\/cidecorporate-4.webp","datePublished":"2025-09-18T14:50:29+00:00","dateModified":"2025-09-19T07:12:13+00:00","description":"Nuestros consejeros externos aportan una perspectiva independiente y t\u00e9cnica que mejora la estrategia y gesti\u00f3n de PYMES.","breadcrumb":{"@id":"https:\/\/cidecorporate.com\/consejeros-externos\/#breadcrumb"},"inLanguage":"en-GB","potentialAction":[{"@type":"ReadAction","target":["https:\/\/cidecorporate.com\/consejeros-externos\/"]}]},{"@type":"ImageObject","inLanguage":"en-GB","@id":"https:\/\/cidecorporate.com\/consejeros-externos\/#primaryimage","url":"https:\/\/cidecorporate.com\/wp-content\/uploads\/2025\/09\/cidecorporate-4.webp","contentUrl":"https:\/\/cidecorporate.com\/wp-content\/uploads\/2025\/09\/cidecorporate-4.webp"},{"@type":"BreadcrumbList","@id":"https:\/\/cidecorporate.com\/consejeros-externos\/#breadcrumb","itemListElement":[{"@type":"ListItem","position":1,"name":"Portada","item":"https:\/\/cidecorporate.com\/"},{"@type":"ListItem","position":2,"name":"Consejeros Externos"}]},{"@type":"WebSite","@id":"https:\/\/cidecorporate.com\/#website","url":"https:\/\/cidecorporate.com\/","name":"cidecorporate.com","description":"CIDE | Innovaci\u00f3n Desarrollo Corporativo y empresarial","publisher":{"@id":"https:\/\/cidecorporate.com\/#organization"},"potentialAction":[{"@type":"SearchAction","target":{"@type":"EntryPoint","urlTemplate":"https:\/\/cidecorporate.com\/?s={search_term_string}"},"query-input":{"@type":"PropertyValueSpecification","valueRequired":true,"valueName":"search_term_string"}}],"inLanguage":"en-GB"},{"@type":"Organization","@id":"https:\/\/cidecorporate.com\/#organization","name":"CIDE","url":"https:\/\/cidecorporate.com\/","logo":{"@type":"ImageObject","inLanguage":"en-GB","@id":"https:\/\/cidecorporate.com\/#\/schema\/logo\/image\/","url":"https:\/\/cidecorporate.com\/wp-content\/uploads\/2025\/08\/cide.png","contentUrl":"https:\/\/cidecorporate.com\/wp-content\/uploads\/2025\/08\/cide.png","width":500,"height":500,"caption":"CIDE"},"image":{"@id":"https:\/\/cidecorporate.com\/#\/schema\/logo\/image\/"}}]}},"_links":{"self":[{"href":"https:\/\/cidecorporate.com\/en\/wp-json\/wp\/v2\/pages\/688","targetHints":{"allow":["GET"]}}],"collection":[{"href":"https:\/\/cidecorporate.com\/en\/wp-json\/wp\/v2\/pages"}],"about":[{"href":"https:\/\/cidecorporate.com\/en\/wp-json\/wp\/v2\/types\/page"}],"author":[{"embeddable":true,"href":"https:\/\/cidecorporate.com\/en\/wp-json\/wp\/v2\/users\/1"}],"replies":[{"embeddable":true,"href":"https:\/\/cidecorporate.com\/en\/wp-json\/wp\/v2\/comments?post=688"}],"version-history":[{"count":0,"href":"https:\/\/cidecorporate.com\/en\/wp-json\/wp\/v2\/pages\/688\/revisions"}],"wp:attachment":[{"href":"https:\/\/cidecorporate.com\/en\/wp-json\/wp\/v2\/media?parent=688"}],"curies":[{"name":"wp","href":"https:\/\/api.w.org\/{rel}","templated":true}]}}