{"id":716,"date":"2025-09-18T15:15:40","date_gmt":"2025-09-18T15:15:40","guid":{"rendered":"https:\/\/cidecorporate.com\/?page_id=716"},"modified":"2025-09-19T06:32:03","modified_gmt":"2025-09-19T06:32:03","slug":"nosotros-desarrollo-estrategico","status":"publish","type":"page","link":"https:\/\/cidecorporate.com\/en\/nosotros-desarrollo-estrategico\/","title":{"rendered":"nosotros"},"content":{"rendered":"<div class=\"wp-block-cover alignfull\" style=\"min-height:700px;aspect-ratio:unset;\"><img loading=\"lazy\" decoding=\"async\" width=\"600\" height=\"600\" class=\"wp-block-cover__image-background wp-image-36 size-full\" alt=\"cfo desarrollo estrategico\" src=\"https:\/\/cidecorporate.com\/wp-content\/uploads\/2020\/01\/neve-web-design-bg-09.jpg\" style=\"object-position:48% 68%\" data-object-fit=\"cover\" data-object-position=\"48% 68%\" srcset=\"https:\/\/cidecorporate.com\/wp-content\/uploads\/2020\/01\/neve-web-design-bg-09.jpg 600w, https:\/\/cidecorporate.com\/wp-content\/uploads\/2020\/01\/neve-web-design-bg-09-300x300.jpg 300w, https:\/\/cidecorporate.com\/wp-content\/uploads\/2020\/01\/neve-web-design-bg-09-150x150.jpg 150w\" sizes=\"auto, (max-width: 600px) 100vw, 600px\" \/><span aria-hidden=\"true\" class=\"wp-block-cover__background has-nv-dark-bg-background-color has-background-dim\"><\/span><div class=\"wp-block-cover__inner-container is-layout-flow wp-block-cover-is-layout-flow\">\n<div class=\"wp-block-group\" style=\"padding-right:var(--wp--preset--spacing--40);padding-left:var(--wp--preset--spacing--40)\"><div class=\"wp-block-group__inner-container is-layout-constrained wp-container-core-group-is-layout-8cd669b9 wp-block-group-is-layout-constrained\">\n<div style=\"height:80px\" aria-hidden=\"true\" class=\"wp-block-spacer\"><\/div>\n\n\n\n<h1 class=\"wp-block-heading has-text-align-left\" style=\"font-size:36px\"><strong><strong><strong>About us: Excellence in strategic development since 2002<\/strong><\/strong><\/strong><\/h1>\n\n\n\n<h2 class=\"wp-block-heading has-text-align-left has-medium-font-size\"><strong>Since 2002, CIDE has been supporting small and medium-sized enterprises, public administrations and public sector organizations with strategic corporate development projects.<\/strong><\/h2>\n\n\n\n<div style=\"height:20px\" aria-hidden=\"true\" class=\"wp-block-spacer\"><\/div>\n\n\n\n<div class=\"wp-block-buttons is-horizontal is-content-justification-center is-layout-flex wp-container-core-buttons-is-layout-499968f5 wp-block-buttons-is-layout-flex\">\n<div class=\"wp-block-button is-style-secondary\"><a class=\"wp-block-button__link has-nv-site-bg-color has-text-color has-link-color wp-element-button\" href=\"https:\/\/cidecorporate.com\/en\/contacto-cide-corporate\/\">Contact Us<\/a><\/div>\n<\/div>\n\n\n\n<div style=\"height:100px\" aria-hidden=\"true\" class=\"wp-block-spacer\"><\/div>\n<\/div><\/div>\n<\/div><\/div>\n\n\n\n<div style=\"height:80px\" aria-hidden=\"true\" class=\"wp-block-spacer\"><\/div>\n\n\n\n<div class=\"wp-block-columns is-layout-flex wp-container-core-columns-is-layout-9d6595d7 wp-block-columns-is-layout-flex\">\n<div class=\"wp-block-column is-layout-flow wp-block-column-is-layout-flow\" style=\"padding-right:var(--wp--preset--spacing--30);padding-left:var(--wp--preset--spacing--30)\">\n<h3 class=\"wp-block-heading has-text-align-left has-medium-font-size\">We have a multidisciplinary team with expertise in engineering, finance, and other key areas, supported by a broad network of expert collaborators. Our proprietary methodology, validated across various sectors, encompasses strategic analysis, digitalization, and the development of customized plans for each client.<\/h3>\n\n\n\n<div style=\"height:20px\" aria-hidden=\"true\" class=\"wp-block-spacer\"><\/div>\n<\/div>\n<\/div>\n\n\n\n<div class=\"wp-block-cover alignfull\" style=\"min-height:300px;aspect-ratio:unset;\"><span aria-hidden=\"true\" class=\"wp-block-cover__background has-nv-dark-bg-background-color has-background-dim-100 has-background-dim\"><\/span><div class=\"wp-block-cover__inner-container is-layout-flow wp-block-cover-is-layout-flow\">\n<div style=\"height:140px\" aria-hidden=\"true\" class=\"wp-block-spacer\"><\/div>\n\n\n\n<h2 class=\"wp-block-heading has-text-align-center has-nv-text-dark-bg-color has-text-color translation-block\"><strong>Ready to Accelerate Your Growth with Us?<\/h2>\n\n\n\n<p class=\"has-text-align-center has-nv-light-bg-color has-text-color has-link-color wp-elements-28d222f1f2c4942e68270dc7ee0b49b7\" style=\"font-size:14px;letter-spacing:0.5px\">Transform your company with CIDE\u2019s proven expertise in strategic corporate development. Contact our specialists today to discuss how our customised innovation projects can drive your industrial, service, or public sector organisation towards sustainable growth and competitive advantage.<\/p>\n\n\n\n<div class=\"wp-block-buttons is-horizontal is-content-justification-center is-layout-flex wp-container-core-buttons-is-layout-499968f5 wp-block-buttons-is-layout-flex\">\n<div class=\"wp-block-button is-style-primary\"><a class=\"wp-block-button__link wp-element-button\" href=\"https:\/\/cidecorporate.com\/en\/contacto-cide-corporate\/\"><strong>Contact CIDE for Excellence in Strategic Corporate Development<\/strong><\/a><\/div>\n<\/div>\n\n\n\n<div style=\"height:140px\" aria-hidden=\"true\" class=\"wp-block-spacer\"><\/div>\n<\/div><\/div>","protected":false},"excerpt":{"rendered":"<p>We have a multidisciplinary team with expertise in engineering, finance, and other key areas, supported by a broad network of expert collaborators. Our proprietary methodology, validated across various sectors, encompasses strategic analysis, digitalization, and the development of customized plans for each client.<\/p>","protected":false},"author":1,"featured_media":0,"parent":0,"menu_order":0,"comment_status":"closed","ping_status":"closed","template":"","meta":{"neve_meta_sidebar":"default","neve_meta_container":"default","neve_meta_enable_content_width":"on","neve_meta_content_width":100,"neve_meta_title_alignment":"","neve_meta_author_avatar":"","neve_post_elements_order":"","neve_meta_disable_header":"","neve_meta_disable_footer":"","neve_meta_disable_title":"on","_themeisle_gutenberg_block_has_review":false,"footnotes":""},"class_list":["post-716","page","type-page","status-publish","hentry"],"yoast_head":"<!-- This site is optimized with the Yoast SEO plugin v25.6 - https:\/\/yoast.com\/wordpress\/plugins\/seo\/ -->\n<title>Sobre nosotros: desarrollo estrat\u00e9gico<\/title>\n<meta name=\"description\" content=\"Desarrollo estrat\u00e9gico desde 2002 acompa\u00f1ando a peque\u00f1as y medianas empresas, administraciones p\u00fablicas y organizaciones del sector p\u00fablico\" \/>\n<meta name=\"robots\" content=\"index, follow, max-snippet:-1, max-image-preview:large, max-video-preview:-1\" \/>\n<link rel=\"canonical\" href=\"https:\/\/cidecorporate.com\/en\/nosotros-desarrollo-estrategico\/\" \/>\n<meta property=\"og:locale\" content=\"en_GB\" \/>\n<meta property=\"og:type\" content=\"article\" \/>\n<meta property=\"og:title\" content=\"Sobre nosotros: desarrollo estrat\u00e9gico\" \/>\n<meta property=\"og:description\" content=\"Desarrollo estrat\u00e9gico desde 2002 acompa\u00f1ando a peque\u00f1as y medianas empresas, administraciones p\u00fablicas y organizaciones del sector p\u00fablico\" \/>\n<meta property=\"og:url\" content=\"https:\/\/cidecorporate.com\/en\/nosotros-desarrollo-estrategico\/\" \/>\n<meta property=\"og:site_name\" content=\"CIDE | Innovaci\u00f3n Desarrollo Corporativo y empresarial\" \/>\n<meta property=\"article:modified_time\" content=\"2025-09-19T06:32:03+00:00\" \/>\n<meta property=\"og:image\" content=\"https:\/\/cidecorporate.com\/wp-content\/uploads\/2020\/01\/neve-web-design-bg-09.jpg\" \/>\n\t<meta property=\"og:image:width\" content=\"600\" \/>\n\t<meta property=\"og:image:height\" content=\"600\" \/>\n\t<meta property=\"og:image:type\" content=\"image\/jpeg\" \/>\n<meta name=\"twitter:card\" content=\"summary_large_image\" \/>\n<meta name=\"twitter:label1\" content=\"Estimated reading time\" \/>\n\t<meta name=\"twitter:data1\" content=\"1 minute\" \/>\n<script type=\"application\/ld+json\" class=\"yoast-schema-graph\">{\"@context\":\"https:\/\/schema.org\",\"@graph\":[{\"@type\":\"WebPage\",\"@id\":\"https:\/\/cidecorporate.com\/nosotros-desarrollo-estrategico\/\",\"url\":\"https:\/\/cidecorporate.com\/nosotros-desarrollo-estrategico\/\",\"name\":\"Sobre nosotros: desarrollo estrat\u00e9gico\",\"isPartOf\":{\"@id\":\"https:\/\/cidecorporate.com\/#website\"},\"primaryImageOfPage\":{\"@id\":\"https:\/\/cidecorporate.com\/nosotros-desarrollo-estrategico\/#primaryimage\"},\"image\":{\"@id\":\"https:\/\/cidecorporate.com\/nosotros-desarrollo-estrategico\/#primaryimage\"},\"thumbnailUrl\":\"https:\/\/cidecorporate.com\/wp-content\/uploads\/2020\/01\/neve-web-design-bg-09.jpg\",\"datePublished\":\"2025-09-18T15:15:40+00:00\",\"dateModified\":\"2025-09-19T06:32:03+00:00\",\"description\":\"Desarrollo estrat\u00e9gico desde 2002 acompa\u00f1ando a peque\u00f1as y medianas empresas, administraciones p\u00fablicas y organizaciones del sector p\u00fablico\",\"breadcrumb\":{\"@id\":\"https:\/\/cidecorporate.com\/nosotros-desarrollo-estrategico\/#breadcrumb\"},\"inLanguage\":\"en-GB\",\"potentialAction\":[{\"@type\":\"ReadAction\",\"target\":[\"https:\/\/cidecorporate.com\/nosotros-desarrollo-estrategico\/\"]}]},{\"@type\":\"ImageObject\",\"inLanguage\":\"en-GB\",\"@id\":\"https:\/\/cidecorporate.com\/nosotros-desarrollo-estrategico\/#primaryimage\",\"url\":\"https:\/\/cidecorporate.com\/wp-content\/uploads\/2020\/01\/neve-web-design-bg-09.jpg\",\"contentUrl\":\"https:\/\/cidecorporate.com\/wp-content\/uploads\/2020\/01\/neve-web-design-bg-09.jpg\"},{\"@type\":\"BreadcrumbList\",\"@id\":\"https:\/\/cidecorporate.com\/nosotros-desarrollo-estrategico\/#breadcrumb\",\"itemListElement\":[{\"@type\":\"ListItem\",\"position\":1,\"name\":\"Portada\",\"item\":\"https:\/\/cidecorporate.com\/\"},{\"@type\":\"ListItem\",\"position\":2,\"name\":\"nosotros\"}]},{\"@type\":\"WebSite\",\"@id\":\"https:\/\/cidecorporate.com\/#website\",\"url\":\"https:\/\/cidecorporate.com\/\",\"name\":\"cidecorporate.com\",\"description\":\"CIDE | Innovaci\u00f3n Desarrollo Corporativo y empresarial\",\"publisher\":{\"@id\":\"https:\/\/cidecorporate.com\/#organization\"},\"potentialAction\":[{\"@type\":\"SearchAction\",\"target\":{\"@type\":\"EntryPoint\",\"urlTemplate\":\"https:\/\/cidecorporate.com\/?s={search_term_string}\"},\"query-input\":{\"@type\":\"PropertyValueSpecification\",\"valueRequired\":true,\"valueName\":\"search_term_string\"}}],\"inLanguage\":\"en-GB\"},{\"@type\":\"Organization\",\"@id\":\"https:\/\/cidecorporate.com\/#organization\",\"name\":\"CIDE\",\"url\":\"https:\/\/cidecorporate.com\/\",\"logo\":{\"@type\":\"ImageObject\",\"inLanguage\":\"en-GB\",\"@id\":\"https:\/\/cidecorporate.com\/#\/schema\/logo\/image\/\",\"url\":\"https:\/\/cidecorporate.com\/wp-content\/uploads\/2025\/08\/cide.png\",\"contentUrl\":\"https:\/\/cidecorporate.com\/wp-content\/uploads\/2025\/08\/cide.png\",\"width\":500,\"height\":500,\"caption\":\"CIDE\"},\"image\":{\"@id\":\"https:\/\/cidecorporate.com\/#\/schema\/logo\/image\/\"}}]}<\/script>\n<!-- \/ Yoast SEO plugin. -->","yoast_head_json":{"title":"Sobre nosotros: desarrollo estrat\u00e9gico","description":"Desarrollo estrat\u00e9gico desde 2002 acompa\u00f1ando a peque\u00f1as y medianas empresas, administraciones p\u00fablicas y organizaciones del sector p\u00fablico","robots":{"index":"index","follow":"follow","max-snippet":"max-snippet:-1","max-image-preview":"max-image-preview:large","max-video-preview":"max-video-preview:-1"},"canonical":"https:\/\/cidecorporate.com\/en\/nosotros-desarrollo-estrategico\/","og_locale":"en_GB","og_type":"article","og_title":"Sobre nosotros: desarrollo estrat\u00e9gico","og_description":"Desarrollo estrat\u00e9gico desde 2002 acompa\u00f1ando a peque\u00f1as y medianas empresas, administraciones p\u00fablicas y organizaciones del sector p\u00fablico","og_url":"https:\/\/cidecorporate.com\/en\/nosotros-desarrollo-estrategico\/","og_site_name":"CIDE | Innovaci\u00f3n Desarrollo Corporativo y empresarial","article_modified_time":"2025-09-19T06:32:03+00:00","og_image":[{"width":600,"height":600,"url":"https:\/\/cidecorporate.com\/wp-content\/uploads\/2020\/01\/neve-web-design-bg-09.jpg","type":"image\/jpeg"}],"twitter_card":"summary_large_image","twitter_misc":{"Estimated reading time":"1 minute"},"schema":{"@context":"https:\/\/schema.org","@graph":[{"@type":"WebPage","@id":"https:\/\/cidecorporate.com\/nosotros-desarrollo-estrategico\/","url":"https:\/\/cidecorporate.com\/nosotros-desarrollo-estrategico\/","name":"Sobre nosotros: desarrollo estrat\u00e9gico","isPartOf":{"@id":"https:\/\/cidecorporate.com\/#website"},"primaryImageOfPage":{"@id":"https:\/\/cidecorporate.com\/nosotros-desarrollo-estrategico\/#primaryimage"},"image":{"@id":"https:\/\/cidecorporate.com\/nosotros-desarrollo-estrategico\/#primaryimage"},"thumbnailUrl":"https:\/\/cidecorporate.com\/wp-content\/uploads\/2020\/01\/neve-web-design-bg-09.jpg","datePublished":"2025-09-18T15:15:40+00:00","dateModified":"2025-09-19T06:32:03+00:00","description":"Desarrollo estrat\u00e9gico desde 2002 acompa\u00f1ando a peque\u00f1as y medianas empresas, administraciones p\u00fablicas y organizaciones del sector p\u00fablico","breadcrumb":{"@id":"https:\/\/cidecorporate.com\/nosotros-desarrollo-estrategico\/#breadcrumb"},"inLanguage":"en-GB","potentialAction":[{"@type":"ReadAction","target":["https:\/\/cidecorporate.com\/nosotros-desarrollo-estrategico\/"]}]},{"@type":"ImageObject","inLanguage":"en-GB","@id":"https:\/\/cidecorporate.com\/nosotros-desarrollo-estrategico\/#primaryimage","url":"https:\/\/cidecorporate.com\/wp-content\/uploads\/2020\/01\/neve-web-design-bg-09.jpg","contentUrl":"https:\/\/cidecorporate.com\/wp-content\/uploads\/2020\/01\/neve-web-design-bg-09.jpg"},{"@type":"BreadcrumbList","@id":"https:\/\/cidecorporate.com\/nosotros-desarrollo-estrategico\/#breadcrumb","itemListElement":[{"@type":"ListItem","position":1,"name":"Portada","item":"https:\/\/cidecorporate.com\/"},{"@type":"ListItem","position":2,"name":"nosotros"}]},{"@type":"WebSite","@id":"https:\/\/cidecorporate.com\/#website","url":"https:\/\/cidecorporate.com\/","name":"cidecorporate.com","description":"CIDE | Innovaci\u00f3n Desarrollo Corporativo y empresarial","publisher":{"@id":"https:\/\/cidecorporate.com\/#organization"},"potentialAction":[{"@type":"SearchAction","target":{"@type":"EntryPoint","urlTemplate":"https:\/\/cidecorporate.com\/?s={search_term_string}"},"query-input":{"@type":"PropertyValueSpecification","valueRequired":true,"valueName":"search_term_string"}}],"inLanguage":"en-GB"},{"@type":"Organization","@id":"https:\/\/cidecorporate.com\/#organization","name":"CIDE","url":"https:\/\/cidecorporate.com\/","logo":{"@type":"ImageObject","inLanguage":"en-GB","@id":"https:\/\/cidecorporate.com\/#\/schema\/logo\/image\/","url":"https:\/\/cidecorporate.com\/wp-content\/uploads\/2025\/08\/cide.png","contentUrl":"https:\/\/cidecorporate.com\/wp-content\/uploads\/2025\/08\/cide.png","width":500,"height":500,"caption":"CIDE"},"image":{"@id":"https:\/\/cidecorporate.com\/#\/schema\/logo\/image\/"}}]}},"_links":{"self":[{"href":"https:\/\/cidecorporate.com\/en\/wp-json\/wp\/v2\/pages\/716","targetHints":{"allow":["GET"]}}],"collection":[{"href":"https:\/\/cidecorporate.com\/en\/wp-json\/wp\/v2\/pages"}],"about":[{"href":"https:\/\/cidecorporate.com\/en\/wp-json\/wp\/v2\/types\/page"}],"author":[{"embeddable":true,"href":"https:\/\/cidecorporate.com\/en\/wp-json\/wp\/v2\/users\/1"}],"replies":[{"embeddable":true,"href":"https:\/\/cidecorporate.com\/en\/wp-json\/wp\/v2\/comments?post=716"}],"version-history":[{"count":0,"href":"https:\/\/cidecorporate.com\/en\/wp-json\/wp\/v2\/pages\/716\/revisions"}],"wp:attachment":[{"href":"https:\/\/cidecorporate.com\/en\/wp-json\/wp\/v2\/media?parent=716"}],"curies":[{"name":"wp","href":"https:\/\/api.w.org\/{rel}","templated":true}]}}